{"id":55889,"date":"2026-04-28T20:15:31","date_gmt":"2026-04-28T20:15:31","guid":{"rendered":"https:\/\/dev.deltamed.cl\/?post_type=product&#038;p=55889"},"modified":"2026-04-30T19:19:15","modified_gmt":"2026-04-30T19:19:15","slug":"silla-de-ruedas-activa-smart-s","status":"publish","type":"product","link":"https:\/\/deltamed.cl\/tienda\/tienda\/producto\/silla-de-ruedas-activa-smart-s\/","title":{"rendered":"Silla de ruedas activa Smart S"},"content":{"rendered":"<p>Silla De Ruedas Activa Smart S<\/p>\n<p>Modelo de silla de ruedas vers\u00e1til y activa, favorece un m\u00ednimo esfuerzo para la maniobrabilidad, con freno a presi\u00f3n que permite mayor independencia para las actividades cotidianas.<\/p>\n<p>Silla plegable<\/p>\n<p>Medidas: Anchos de asientos desde 36 a 52.<\/p>\n<p>Caracter\u00edsticas<\/p>\n<p>\u2022 Alta resistencia<\/p>\n<p>\u2022 Elaborada en Aluminio<\/p>\n<p>\u2022 Modelo marco plegable, con ejes desmontables<\/p>\n<p>\u2022 Apoya brazos y pies abatibles y reclinables o posibilidad de guardafangos<\/p>\n<p>\u2022 Apoya pies de 1 hoja<\/p>\n<p>\u2022 Ruedas delanteras de 6 \u0301 \u0301 y traseras de 24&#215;1<\/p>\n<p>\u2022 Silla totalmente configurable a los requisitos de cada usuario<\/p>\n<p>Ventajas terap\u00e9uticas<\/p>\n<p>\u2022 Facilita la movilidad independiente del usuario, gracias al material de confecci\u00f3n y a los ajustes de<\/p>\n<p>precisi\u00f3n en el asiento, respaldo y chasis.<\/p>\n<p>\u2022 La suavidad \u00f3ptima y el bajo peso apoyan la independencia del usuario.<\/p>\n<p>\u2022 Adaptable a los cambios funcionales y las necesidades individuales del usuario mediante el ajuste fino de<\/p>\n<p>la parte posterior, el asiento y el chasis<\/p>\n<p>\u2022 Amplia gama de equipos para usuarios a largo plazo.<\/p>\n<p>\u2022 F\u00e1cil manejo y peso reducido, facilita el uso cotidiano.<\/p>\n","protected":false},"excerpt":{"rendered":"<p>Silla de ruedas activa Smart S Modelo de silla de ruedas innovador, de car\u00e1cter activo y liviana. Presenta horquillas con nuevas tecnolog\u00edas, que mejoran el desplazamiento y ofrecen un dise\u00f1o vanguardista: Alta resistencia, silla modelo activo, elaborada en aluminio, modelo plegable, con ejes desmontables, apoya brazos o guardafangos, apoya pies fijos de 2 hojas, con base m\u00f3vil, silla totalmente configurable a los requisitos de cada usuario. Facilita la movilidad independiente del usuario, gracias al material de confecci\u00f3n y a los ajustes de precisi\u00f3n en el asiento, respaldo y chasis. La suavidad \u00f3ptima y el bajo peso apoyan la independencia del paciente y es adaptable a los cambios funcionales y las necesidades individuales del usuario mediante el ajuste fino de la parte posterior, el asiento y el chasis.<\/p>\n","protected":false},"featured_media":12177,"comment_status":"open","ping_status":"closed","template":"","meta":{"_acf_changed":false},"product_brand":[6066],"product_cat":[6646,6420,6648,6419],"product_tag":[6070,5449],"class_list":{"0":"post-55889","1":"product","2":"type-product","3":"status-publish","4":"has-post-thumbnail","6":"product_brand-meyra","7":"product_cat-activa","8":"product_cat-manual","9":"product_cat-marco-plegable","10":"product_cat-silla-de-ruedas","11":"product_tag-lifante","12":"product_tag-silla-de-rueda-manual","13":"product_shipping_class-grande","14":"pa_ancho-de-asiento-38-cm","15":"pa_ancho-de-asiento-40-cm","16":"pa_ancho-de-asiento-42-cm","17":"pa_ancho-de-asiento-44-cm","18":"pa_ancho-de-asiento-46-cm","19":"pa_ancho-de-asiento-48-cm","20":"pa_marca-sillas-de-rueda-meyra","21":"pa_silla-de-ruedas-activas","23":"first","24":"instock","25":"sale","26":"taxable","27":"shipping-taxable","28":"purchasable","29":"product-type-variable"},"acf":[],"_links":{"self":[{"href":"https:\/\/deltamed.cl\/tienda\/wp-json\/wp\/v2\/product\/55889","targetHints":{"allow":["GET"]}}],"collection":[{"href":"https:\/\/deltamed.cl\/tienda\/wp-json\/wp\/v2\/product"}],"about":[{"href":"https:\/\/deltamed.cl\/tienda\/wp-json\/wp\/v2\/types\/product"}],"replies":[{"embeddable":true,"href":"https:\/\/deltamed.cl\/tienda\/wp-json\/wp\/v2\/comments?post=55889"}],"wp:featuredmedia":[{"embeddable":true,"href":"https:\/\/deltamed.cl\/tienda\/wp-json\/wp\/v2\/media\/12177"}],"wp:attachment":[{"href":"https:\/\/deltamed.cl\/tienda\/wp-json\/wp\/v2\/media?parent=55889"}],"wp:term":[{"taxonomy":"product_brand","embeddable":true,"href":"https:\/\/deltamed.cl\/tienda\/wp-json\/wp\/v2\/product_brand?post=55889"},{"taxonomy":"product_cat","embeddable":true,"href":"https:\/\/deltamed.cl\/tienda\/wp-json\/wp\/v2\/product_cat?post=55889"},{"taxonomy":"product_tag","embeddable":true,"href":"https:\/\/deltamed.cl\/tienda\/wp-json\/wp\/v2\/product_tag?post=55889"}],"curies":[{"name":"wp","href":"https:\/\/api.w.org\/{rel}","templated":true}]}}