{"id":55874,"date":"2026-04-28T20:15:30","date_gmt":"2026-04-28T20:15:30","guid":{"rendered":"https:\/\/dev.deltamed.cl\/?post_type=product&#038;p=55874"},"modified":"2026-04-30T19:19:16","modified_gmt":"2026-04-30T19:19:16","slug":"silla-de-ruedas-eurochair-1750","status":"publish","type":"product","link":"https:\/\/deltamed.cl\/tienda\/tienda\/producto\/silla-de-ruedas-eurochair-1750\/","title":{"rendered":"Silla de ruedas eurochair 1750"},"content":{"rendered":"<p>Silla de ruedas Eurochair 1750<\/p>\n<p>Silla de ruedas plegable est\u00e1ndar desarrollada para adolescentes y adultos. Su uso es exclusivamente para el transporte de una persona sobre el asiento y no como medio de tracci\u00f3n, transportador o similar.<\/p>\n<p>Este modelo ofrece numerosas posibilidades de ajuste a tallas f\u00edsicas individuales. Facilita la movilidad independiente del usuario, gracias a la confecci\u00f3n y a los ajustes de precisi\u00f3n en el asiento, respaldo y chasis.<\/p>\n<p>Caracter\u00edsticas:<\/p>\n<p>\u2022 Fabricada en aluminio.<\/p>\n<p>\u2022 Chasis plegable<\/p>\n<p>\u2022 Sistema de plegado.<\/p>\n<p>\u2022 Sistema de ajuste de respaldo tensionable.<\/p>\n<p>\u2022 Reposapies de dos hojas ajustables en \u00e1ngulo de inclinaci\u00f3n.<\/p>\n<p>\u2022 Reposapi\u00e9s desmontables, abatibles y regulables en altura.<\/p>\n<p>\u2022 Reposabrazos cortos, abatibles y desmontables, altura de 23 cm.<\/p>\n<p>\u2022 Ruedas traseras extra\u00edbles con sistema r\u00e1pido \u201cQuick Release\u201d (desmontaje r\u00e1pido)<\/p>\n<p>\u2022 Bast\u00f3n de empuje con empu\u00f1adura ergon\u00f3mica y antideslizante.<\/p>\n<p>\u2022 Cruceta tubular que asegura un calce perfecto entre piezas.<\/p>\n<p>\u2022 Piernera abatible y desmontable.<\/p>\n<p>\u2022 Pletina en eje trasero posterior permite regulaci\u00f3n en la vertical con posibilidad de variaci\u00f3n entre ejes de ruedas, para modificar el centro de gravedad de la silla de ruedas.<\/p>\n<p>\u2022 Apoya pies de dos hojas.<\/p>\n<p>\u2022 Pierneras y reposapi\u00e9s cuentan con un medio para fijarlos en cualquier posici\u00f3n prevista.<\/p>\n<p>\u2022 Reposapies o pierneras disponen de un medio para impedir que los pies del ocupante se deslicen hacia atr\u00e1s.<\/p>\n<p>\u2022 Protectores a ambos costados.<\/p>\n<p>\u2022 Frenos de palanca bilaterales ajustables horizontalmente.<\/p>\n<p>\u2022 Ruedas traseras y delanteras inflables.\u2022 Rueda delantera inflables de 5\u201d a 7\u201d y trasera inflables de 24\u201d ancho no superior a 1 3\/8.<\/p>\n<p>\u2022 Ruedas poseen el mismo tipo de v\u00e1lvula para llenado<\/p>\n<p>\u2022 Desmontaje r\u00e1pido de ruedas traseras<\/p>\n<p>\u2022 Par de antivuelco desmontables.<\/p>\n<p>\u2022 Horquilla rueda delantera con opci\u00f3n de regular altura al menos en dos posiciones.<\/p>\n<p>\u2022 Aro de propulsi\u00f3n de 24\u201d<\/p>\n<p>\u2022 Reflectantes en las ruedas traseras<\/p>\n<p>\u2022 Tapiz de la silla desmontable y lavable.<\/p>\n<p>\u2022 Peso de la silla desde los 14 kg hasta los 20kg.<\/p>\n<p>\u2022 Correa de seguridad que impide el deslizamiento de los pies hacia atr\u00e1s.<\/p>\n<p>\u2022 Sistema de regulaci\u00f3n de altura permite regular en incrementos que no exceden los 2,5 cent\u00edmetros.<\/p>\n<p>\u2022 Todo ajuste manual, con sistema de seguridad.<\/p>\n<p>\u2022 Cada sistema de ajuste de 2,5 cm entre cada variaci\u00f3n.<\/p>\n<p>\u2022 Peso m\u00e1ximo de soporte de 130kg.<\/p>\n<p>\u2022 Toda modificaci\u00f3n de personalizaci\u00f3n del usuario sin uso de herramientas.<\/p>\n<p>\u2022 Embalaje \u00fanico y sellado.<\/p>\n<p>\u2022 Silla considera la opci\u00f3n de incluir pierneras elevables para convertirse en traumatol\u00f3gica (Adicional y opcional)<\/p>\n<p>\u2022 Presentaci\u00f3n: Caja por 1 unidad, es decir, envase individual con sello de seguridad que impide la inviolabilidad del producto.<\/p>\n<p>Ventajas Terap\u00e9uticas:<\/p>\n<ul>\n<li>Facilita la movilidad independiente del usuario, gracias al material de confecci\u00f3n y a los ajustes que se puede realizar con respecto al Eje de la rueda<\/li>\n<li>F\u00e1cil manejo y peso reducido que facilita el uso cotidiano<\/li>\n<li>Uso para muchos diagn\u00f3sticos, desde enfermedades neurol\u00f3gicas, reum\u00e1ticas, geri\u00e1tricas u otros<\/li>\n<\/ul>\n","protected":false},"excerpt":{"rendered":"<p>Silla de ruedas Eurochair 1750<\/p>\n<p>Silla de ruedas plegable est\u00e1ndar desarrollada para adolescentes y adultos. Su uso es exclusivamente para el transporte de una persona sobre el asiento y no como medio de tracci\u00f3n, transportador o similar.<\/p>\n<p>Este modelo ofrece numerosas posibilidades de ajuste a tallas f\u00edsicas individuales. Facilita la movilidad independiente del usuario, gracias a la confecci\u00f3n y a los ajustes de precisi\u00f3n en el asiento, respaldo y chasis.<\/p>\n<p>Modelo con varias opciones de tallas y tipos de ruedas (inflables o macizas)<\/p>\n","protected":false},"featured_media":12145,"comment_status":"open","ping_status":"closed","template":"","meta":{"_acf_changed":false},"product_brand":[6066],"product_cat":[6471,6420,6419],"product_tag":[5297,5339,6070,5596],"class_list":{"0":"post-55874","1":"product","2":"type-product","3":"status-publish","4":"has-post-thumbnail","6":"product_brand-meyra","7":"product_cat-estandar","8":"product_cat-manual","9":"product_cat-silla-de-ruedas","10":"product_tag-baston","11":"product_tag-burrito","12":"product_tag-lifante","13":"product_tag-silla-de-ruedas","14":"product_shipping_class-grande","15":"pa_tipo-de-ruedas-inflable","16":"pa_tipo-de-ruedas-maciza","18":"first","19":"instock","20":"sale","21":"taxable","22":"shipping-taxable","23":"purchasable","24":"product-type-variable"},"acf":[],"_links":{"self":[{"href":"https:\/\/deltamed.cl\/tienda\/wp-json\/wp\/v2\/product\/55874","targetHints":{"allow":["GET"]}}],"collection":[{"href":"https:\/\/deltamed.cl\/tienda\/wp-json\/wp\/v2\/product"}],"about":[{"href":"https:\/\/deltamed.cl\/tienda\/wp-json\/wp\/v2\/types\/product"}],"replies":[{"embeddable":true,"href":"https:\/\/deltamed.cl\/tienda\/wp-json\/wp\/v2\/comments?post=55874"}],"wp:featuredmedia":[{"embeddable":true,"href":"https:\/\/deltamed.cl\/tienda\/wp-json\/wp\/v2\/media\/12145"}],"wp:attachment":[{"href":"https:\/\/deltamed.cl\/tienda\/wp-json\/wp\/v2\/media?parent=55874"}],"wp:term":[{"taxonomy":"product_brand","embeddable":true,"href":"https:\/\/deltamed.cl\/tienda\/wp-json\/wp\/v2\/product_brand?post=55874"},{"taxonomy":"product_cat","embeddable":true,"href":"https:\/\/deltamed.cl\/tienda\/wp-json\/wp\/v2\/product_cat?post=55874"},{"taxonomy":"product_tag","embeddable":true,"href":"https:\/\/deltamed.cl\/tienda\/wp-json\/wp\/v2\/product_tag?post=55874"}],"curies":[{"name":"wp","href":"https:\/\/api.w.org\/{rel}","templated":true}]}}