{"id":5582,"date":"2023-05-24T20:20:50","date_gmt":"2023-05-24T23:20:50","guid":{"rendered":"https:\/\/deltamed.cl\/tienda\/?post_type=product&#038;p=5582"},"modified":"2026-02-27T07:16:27","modified_gmt":"2026-02-27T10:16:27","slug":"electrocardiografo-6-canales-ecg600g-contec","status":"publish","type":"product","link":"https:\/\/deltamed.cl\/tienda\/producto\/electrocardiografo-6-canales-ecg600g-contec\/","title":{"rendered":"Electrocardi\u00f3grafo 6 canales ECG600G Contec"},"content":{"rendered":"<h1>Electrocardi\u00f3grafo 6 canales ECG600G Contec<br \/>\nPantalla T\u00e1ctil<\/h1>\n<p>El\u00a0<strong>Electrocardiograma (ECG) de 6 canales, 12 derivadas<\/strong> es un aparato especial creado para registrar la corriente el\u00e9ctrica generada por la actividad card\u00edaca de una persona, adem\u00e1s la funci\u00f3n principal del Electrocardi\u00f3grafo es captar la informaci\u00f3n y graficarla para que el m\u00e9dico especialista pueda diagnosticar como se encuentra el coraz\u00f3n del paciente; esto se hace cuando se sospecha de alguna anormalidad en el funcionamiento o para control cuando es necesario.<\/p>\n<p>El electrocardi\u00f3grafo est\u00e1 dise\u00f1ado para registrar y evaluar la frecuencia card\u00edaca de una persona. Los resultados de la medici\u00f3n que arroja este equipo sirve que el m\u00e9dico pueda emitir un diagnostico sobre el funcionamiento del coraz\u00f3n.<\/p>\n<h3 class=\"uppercase\">CARACTER\u00cdSTICAS:<\/h3>\n<ul>\n<li>Pantalla TFT LCD 800&#215;480 a color que muestra el estado y la forma de onda; pantalla Touch y teclado de control suave, de f\u00e1cil operaci\u00f3n.<\/li>\n<li>Procesador de se\u00f1al digital de 12 ECG, para hacer mayor calidad de formas de onda de ECG a trav\u00e9s del filtro de CA, filtro de l\u00ednea de base y EMG Filtro de las se\u00f1ales de ECG.<\/li>\n<li>Visualizaci\u00f3n simult\u00e1nea de 3\/6\/12 derivaciones de ECG de forma de onda, y el estado de modo de impresi\u00f3n, la sensibilidad, velocidad, filtro, etc. para que sea f\u00e1cil para la interpretaci\u00f3n.<\/li>\n<li>Muestreo doce derivaciones ECG an\u00e1lisis de 2 \u00d7 6 1 (Derivaci\u00f3n de ritmo), 2 \u00d7 6,3 \u00d7 4,3 \u00d7 4 1 (derivaci\u00f3n de ritmo), 4 \u00d7 3,4 \u00d7 3 1 (ritmo plomo), 6 \u00d7 2,6 \u00d7 2 1 (derivaci\u00f3n de ritmo)<\/li>\n<li>Modo de grabaci\u00f3n al mismo tiempo y presentaci\u00f3n de informes con m\u00faltiples formatos.<\/li>\n<li>La fuente de alimentaci\u00f3n incluye tanto AC \/ DC.<\/li>\n<li>Este dispositivo incluye una bater\u00eda recargable de litio para 4 horas,<\/li>\n<li>puede imprimir 150 piezas ECG de forma de onda y 90 minutos de impresi\u00f3n continua.<\/li>\n<li>Almacenamiento de gran capacidad puede memorizar m\u00e1s de 1000 casos, lo que es f\u00e1cil para su revisi\u00f3n y estad\u00edstica.<\/li>\n<li>En el modo de revisi\u00f3n, se puede ver la forma de onda de ECG guardado, auto-an\u00e1lisis y auto-interpretaci\u00f3n de ECG par\u00e1metro de forma de onda, auto-conclusi\u00f3n interpretaci\u00f3n.<\/li>\n<li>Apoyo interfaz operativo espa\u00f1ol, Ingl\u00e9s, italiano y otros idiomas.<\/li>\n<li>Garant\u00eda de 1 a\u00f1o.<\/li>\n<\/ul>\n<h4>Rendimiento Principal Electrocardi\u00f3grafo 6 Canales Pantalla T\u00e1ctil ECG 600G<\/h4>\n<ul>\n<li>Clase de protecci\u00f3n: Clase I, tipo CF parte aplicada. hay circuito de desfibrilaci\u00f3n.<\/li>\n<li>Fuente de alimentaci\u00f3n: AC: 100V ~ 240V, 50\/60Hz<\/li>\n<li>DC: 7.4V, 3700 mAh de la bater\u00eda de litio recargable<\/li>\n<li>Especificaci\u00f3n del fusible: 2 piezas \u03c65 \u00d7 20mm lag tiempo AC; T1.6A\/250V (Fuente de alimentaci\u00f3n: 220V)<\/li>\n<\/ul>\n<h4>Impresora de Electrocardiograma<\/h4>\n<ul>\n<li>Modo de grabaci\u00f3n: sistema de impresi\u00f3n t\u00e9rmica<\/li>\n<li>Especificaciones del papel de impresi\u00f3n : 110mm (W) x 20m (L) de alta velocidad<\/li>\n<\/ul>\n<h4>Papel velocidad:<\/h4>\n<ul>\n<li>Auto-registro: 25 mm \/ s, error 50 mm \/ s, \u00b1 5%<\/li>\n<li>El ritmo r\u00e9cord: 25 mm \/ s, error 50 mm \/ s, \u00b1 5%<\/li>\n<li>Manual-registro: 5mm \/ s, 6,25 mm \/ s, 10mm \/ s, 12,5 mm \/ s, 25mm \/ s, 50mm \/ s, 100mm \/ s, error: \u00b1 5%<\/li>\n<\/ul>\n<h4 class=\"uppercase\">CARACTER\u00cdSTICAS FISICAS<\/h4>\n<ul>\n<li>Tama\u00f1o: 315 mm (largo) x 215 mm (ancho) x 92 mm (altura)<\/li>\n<li>Peso: alrededor de 1,7 kg<\/li>\n<\/ul>\n<h3 class=\"uppercase\">INCLUYE:<\/h3>\n<ul>\n<li>1 x cable de plomo<\/li>\n<li>1 x electrodo de extremidad<\/li>\n<li>1 x electrodo de pecho<\/li>\n<li>1 x papel de registro t\u00e9rmico<\/li>\n<li>1 x cable de alimentaci\u00f3n<\/li>\n<li>1 x cable de tierra<\/li>\n<li>1 x manual de usuario<\/li>\n<\/ul>\n<p>Tambi\u00e9n conocido como:<\/p>\n<ul>\n<li>Electrocardi\u00f3grafo Contec de 6 canales 600g<\/li>\n<li>Electrocardi\u00f3grafo Contec 12 derivadas 600g<\/li>\n<li>Contec Electrocardi\u00f3grafo 6 canales 600g<\/li>\n<li>Electrocardi\u00f3grafo de 6 canales 600g Contec<\/li>\n<li>Contec ECG 12 derivadas 600g<\/li>\n<li>ECG de 6 canales 600g Contec<\/li>\n<\/ul>\n","protected":false},"excerpt":{"rendered":"<p>Electrocardi\u00f3grafo 6 canales ECG600G Contec &#8211; Deltamed<\/p>\n<p>ECG600G es un electrocardi\u00f3grafo que puede recopilar se\u00f1ales de ECG de 12 derivaciones e imprimir formas de onda mediante el sistema de impresi\u00f3n t\u00e9rmica.<\/p>\n<p>Cuenta con registro y visualizaci\u00f3n de forma de onda de ECG en modo AUTO \/ Manual, midiendo y diagnosticando los par\u00e1metros de forma de onda de ECG autom\u00e1ticamente, solicitando \u00abDesconexi\u00f3n\u00bb y \u00abFalta de papel\u00bb, interfaz multiling\u00fce, gesti\u00f3n de base de datos de casos.<\/p>\n<p>Se puede configurar en Espa\u00f1ol.<\/p>\n","protected":false},"featured_media":5583,"comment_status":"open","ping_status":"closed","template":"","meta":{"_acf_changed":false},"product_brand":[1100],"product_cat":[15,360],"product_tag":[],"class_list":{"0":"post-5582","1":"product","2":"type-product","3":"status-publish","4":"has-post-thumbnail","6":"product_brand-contec","7":"product_cat-medicion-y-diagnostico","8":"product_cat-electrocardiografo","9":"product_shipping_class-mediano","11":"first","12":"outofstock","13":"shipping-taxable","14":"purchasable","15":"product-type-simple"},"acf":[],"_links":{"self":[{"href":"https:\/\/deltamed.cl\/tienda\/wp-json\/wp\/v2\/product\/5582","targetHints":{"allow":["GET"]}}],"collection":[{"href":"https:\/\/deltamed.cl\/tienda\/wp-json\/wp\/v2\/product"}],"about":[{"href":"https:\/\/deltamed.cl\/tienda\/wp-json\/wp\/v2\/types\/product"}],"replies":[{"embeddable":true,"href":"https:\/\/deltamed.cl\/tienda\/wp-json\/wp\/v2\/comments?post=5582"}],"version-history":[{"count":3,"href":"https:\/\/deltamed.cl\/tienda\/wp-json\/wp\/v2\/product\/5582\/revisions"}],"predecessor-version":[{"id":10100,"href":"https:\/\/deltamed.cl\/tienda\/wp-json\/wp\/v2\/product\/5582\/revisions\/10100"}],"wp:featuredmedia":[{"embeddable":true,"href":"https:\/\/deltamed.cl\/tienda\/wp-json\/wp\/v2\/media\/5583"}],"wp:attachment":[{"href":"https:\/\/deltamed.cl\/tienda\/wp-json\/wp\/v2\/media?parent=5582"}],"wp:term":[{"taxonomy":"product_brand","embeddable":true,"href":"https:\/\/deltamed.cl\/tienda\/wp-json\/wp\/v2\/product_brand?post=5582"},{"taxonomy":"product_cat","embeddable":true,"href":"https:\/\/deltamed.cl\/tienda\/wp-json\/wp\/v2\/product_cat?post=5582"},{"taxonomy":"product_tag","embeddable":true,"href":"https:\/\/deltamed.cl\/tienda\/wp-json\/wp\/v2\/product_tag?post=5582"}],"curies":[{"name":"wp","href":"https:\/\/api.w.org\/{rel}","templated":true}]}}