{"id":55787,"date":"2026-04-28T20:12:32","date_gmt":"2026-04-28T20:12:32","guid":{"rendered":"https:\/\/dev.deltamed.cl\/?post_type=product&#038;p=55787"},"modified":"2026-05-01T02:56:04","modified_gmt":"2026-05-01T02:56:04","slug":"sonda-de-alimentacion-pediatrica-cranberry","status":"publish","type":"product","link":"https:\/\/deltamed.cl\/tienda\/tienda\/producto\/sonda-de-alimentacion-pediatrica-cranberry\/","title":{"rendered":"Sonda de alimentacion Pedi\u00e1trica Cranberry"},"content":{"rendered":"<p>Sonda de alimentacion Pedi\u00e1trica Cranberry<strong><\/p>\n<p>Pack 50 unidades<\/strong><\/p>\n<p>La sonda de alimentaci\u00f3n pedi\u00e1trica es un dispositivo m\u00e9dico desechable, dise\u00f1ado para proporcionar nutrici\u00f3n enteral a pacientes que no pueden alimentarse por v\u00eda oral. Este dispositivo es indispensable tanto en situaciones agudas como cr\u00f3nicas y puede ser necesario de manera permanente. Su funcionamiento adecuado depende en gran medida de los cuidados de enfermer\u00eda.<\/p>\n<p>Adem\u00e1s, la sonda se puede utilizar durante la lactancia, coloc\u00e1ndola sobre el pecho de la madre para alimentar al beb\u00e9. Esto ayuda a mantener el reflejo de succi\u00f3n y a que el beb\u00e9 se acostumbre a mamar.<\/p>\n<p>Este producto es est\u00e9ril, suave, hipoalerg\u00e9nico, libre de l\u00e1tex, no t\u00f3xico, atraum\u00e1tico y resistente.<\/p>\n<p><strong>Especificaciones:<\/strong><\/p>\n<ul>\n<li>Cuerpo y adaptador de policloruro de vinilo (PVC grado m\u00e9dico).<\/li>\n<li>Cuerpo transparente con l\u00ednea azul radiopaca y adaptador de color para identificar tama\u00f1o.<\/li>\n<li>Tama\u00f1os diferentes. (French (FR) equivale al di\u00e1metro interno en mm de la sonda)<\/li>\n<li>Transparente con l\u00ednea azul radiopaca y adaptador de color.<\/li>\n<li>Almacenamiento en Lugar fresco y seco a temperatura entre 5\u00b0 y 30\u00b0 C.<\/li>\n<li>Producto descartable para un solo uso.<\/li>\n<li>No reutilizar.<\/li>\n<\/ul>\n<p><strong>Certificaciones:<\/p>\n<p><\/strong>-ISO 13485- 2016.<\/p>\n<p>-EC certificate production quality assurance system 93\/42\/EEC<strong><\/p>\n<p><\/strong><\/p>\n","protected":false},"excerpt":{"rendered":"<p>Sonda de alimentacion Pedi\u00e1trica Cranberry<strong><\/p>\n<p>Pack 50 unidades<\/p>\n<p><\/strong><\/p>\n<p>La sonda de alimentaci\u00f3n pedi\u00e1trica es un dispositivo m\u00e9dico desechable, dise\u00f1ado para proporcionar nutrici\u00f3n enteral a pacientes que no pueden alimentarse por v\u00eda oral. Este dispositivo es indispensable tanto en situaciones agudas como cr\u00f3nicas y puede ser necesario de manera permanente. Su funcionamiento adecuado depende en gran medida de los cuidados de enfermer\u00eda.<\/p>\n<p>Adem\u00e1s, la sonda se puede utilizar durante la lactancia, coloc\u00e1ndola sobre el pecho de la madre para alimentar al beb\u00e9. Esto ayuda a mantener el reflejo de succi\u00f3n y a que el beb\u00e9 se acostumbre a mamar.<\/p>\n<p>Este producto es est\u00e9ril, suave, hipoalerg\u00e9nico, libre de l\u00e1tex, no t\u00f3xico, atraum\u00e1tico y resistente.<\/p>\n","protected":false},"featured_media":11992,"comment_status":"open","ping_status":"closed","template":"","meta":{"_acf_changed":false},"product_brand":[5351],"product_cat":[6393,6636,6553],"product_tag":[6046,6679,6047,6678,5345],"class_list":{"0":"post-55787","1":"product","2":"type-product","3":"status-publish","4":"has-post-thumbnail","6":"product_brand-cranberry","7":"product_cat-insumos-desechables","8":"product_cat-pediatrica-sondas-y-tubos","9":"product_cat-sondas-y-tubos","10":"product_tag-enfermeria","11":"product_tag-kinesiologo","12":"product_tag-medicina","13":"product_tag-regalo","14":"product_tag-tens","15":"product_shipping_class-pequeno","17":"first","18":"instock","19":"taxable","20":"shipping-taxable","21":"purchasable","22":"product-type-variable"},"acf":[],"_links":{"self":[{"href":"https:\/\/deltamed.cl\/tienda\/wp-json\/wp\/v2\/product\/55787","targetHints":{"allow":["GET"]}}],"collection":[{"href":"https:\/\/deltamed.cl\/tienda\/wp-json\/wp\/v2\/product"}],"about":[{"href":"https:\/\/deltamed.cl\/tienda\/wp-json\/wp\/v2\/types\/product"}],"replies":[{"embeddable":true,"href":"https:\/\/deltamed.cl\/tienda\/wp-json\/wp\/v2\/comments?post=55787"}],"wp:featuredmedia":[{"embeddable":true,"href":"https:\/\/deltamed.cl\/tienda\/wp-json\/wp\/v2\/media\/11992"}],"wp:attachment":[{"href":"https:\/\/deltamed.cl\/tienda\/wp-json\/wp\/v2\/media?parent=55787"}],"wp:term":[{"taxonomy":"product_brand","embeddable":true,"href":"https:\/\/deltamed.cl\/tienda\/wp-json\/wp\/v2\/product_brand?post=55787"},{"taxonomy":"product_cat","embeddable":true,"href":"https:\/\/deltamed.cl\/tienda\/wp-json\/wp\/v2\/product_cat?post=55787"},{"taxonomy":"product_tag","embeddable":true,"href":"https:\/\/deltamed.cl\/tienda\/wp-json\/wp\/v2\/product_tag?post=55787"}],"curies":[{"name":"wp","href":"https:\/\/api.w.org\/{rel}","templated":true}]}}