{"id":55750,"date":"2026-04-28T20:12:25","date_gmt":"2026-04-28T20:12:25","guid":{"rendered":"https:\/\/dev.deltamed.cl\/?post_type=product&#038;p=55750"},"modified":"2026-04-28T20:23:44","modified_gmt":"2026-04-28T20:23:44","slug":"oximetro-de-adulto-con-sensor-pediatrico-y-neonatal-pc-60nw-creative-medical","status":"publish","type":"product","link":"https:\/\/deltamed.cl\/tienda\/tienda\/producto\/oximetro-de-adulto-con-sensor-pediatrico-y-neonatal-pc-60nw-creative-medical\/","title":{"rendered":"Ox\u00edmetro de adulto con sensor pedi\u00e1trico y neonatal PC-60NW Creative Medical"},"content":{"rendered":"<p>Ox\u00edmetro de adulto con sensor pedi\u00e1trico y neonatal PC-60NW Creative Medical<\/p>\n<p>El ox\u00edmetro de pulso Creative PC-60NW es un dispositivo m\u00e9dico de calidad, aprobado por la FDA, dise\u00f1ado para medir la saturaci\u00f3n de ox\u00edgeno en sangre (SpO2), la frecuencia del pulso (PR) y el \u00edndice de perfusi\u00f3n (PI) con alta precisi\u00f3n y rapidez. Es adecuado para su uso en adultos, ni\u00f1os y neonatos, tanto en entornos dom\u00e9sticos como en instituciones m\u00e9dicas, cl\u00ednicas, centros comunitarios, \u00e1reas alpinas, y para monitorizaci\u00f3n antes y despu\u00e9s del ejercicio.<\/p>\n<h3>Caracter\u00edsticas:<\/h3>\n<ul>\n<li><strong>Port\u00e1til y Compacto:<\/strong> Este modelo es un dispositivo de bolsillo, ideal para la vigilancia en tiempo real de SpO2, la fuerza del pulso y la frecuencia del pulso, mostrando gr\u00e1ficos de barras en tiempo real.<\/li>\n<li><strong>Capacidad de Almacenamiento:<\/strong> Permite almacenar hasta 70 horas de datos, incluyendo la fecha y la hora de cada medici\u00f3n.<\/li>\n<li><strong>Visualizaci\u00f3n Completa:<\/strong> Muestra la saturaci\u00f3n de ox\u00edgeno (SpO2), frecuencia de pulso (PR), \u00edndice de perfusi\u00f3n (PI), forma de onda de pulso y un histograma de la intensidad del pulso.<\/li>\n<li><strong>Dise\u00f1o Avanzado:<\/strong> Cuenta con protecci\u00f3n contra la luz ambiental para evitar interferencias durante las mediciones. Adem\u00e1s, el dispositivo detecta autom\u00e1ticamente la inserci\u00f3n del dedo, iniciando la medici\u00f3n, y se apaga autom\u00e1ticamente tras 8 segundos sin se\u00f1al.<\/li>\n<li><strong>Conectividad Bluetooth:<\/strong> Integra un m\u00f3dulo Bluetooth 4.0 compatible con dispositivos Android e iOS, permitiendo la sincronizaci\u00f3n de datos en tiempo real con PC a trav\u00e9s de software de an\u00e1lisis profesional. Esto facilita el an\u00e1lisis estad\u00edstico de los datos y la transmisi\u00f3n remota para mantener informada a la familia sobre el estado de salud.<\/li>\n<li><strong>Uso Profesional y Dom\u00e9stico:<\/strong> Adecuado para hospitales, consultorios y usuarios que necesiten seguimiento diario de su condici\u00f3n m\u00e9dica.<\/li>\n<\/ul>\n<h3>Contenido:<\/h3>\n<ul>\n<li>Ox\u00edmetro de pulso Creative PC-60NW<\/li>\n<li>Sensor para adultos<\/li>\n<li>Sensor pedi\u00e1trico<\/li>\n<li>Sonda neonatal<\/li>\n<li>Manual en ingl\u00e9s<\/li>\n<li>Colgador<\/li>\n<li>2 bater\u00edas AAA (incluidas)<\/li>\n<\/ul>\n<p><strong>PRODUCTO NO APTO PARA MONITOREO CONTINUO.<\/strong><\/p>\n","protected":false},"excerpt":{"rendered":"<p>Ox\u00edmetro de adulto con sensor pedi\u00e1trico y neonatal PC-60NW Creative Medical<\/p>\n<p>El ox\u00edmetro de pulso Creative PC-60NW es un dispositivo m\u00e9dico de calidad, aprobado por la FDA, dise\u00f1ado para medir la saturaci\u00f3n de ox\u00edgeno en sangre (SpO2), la frecuencia del pulso (PR) y el \u00edndice de perfusi\u00f3n (PI) con alta precisi\u00f3n y rapidez. Es adecuado para su uso en adultos, ni\u00f1os y neonatos, tanto en entornos dom\u00e9sticos como en instituciones m\u00e9dicas, cl\u00ednicas, centros comunitarios, \u00e1reas alpinas, y para monitorizaci\u00f3n antes y despu\u00e9s del ejercicio.<\/p>\n<p><strong>PRODUCTO NO APTO PARA MONITOREO CONTINUO.<\/strong><\/p>\n","protected":false},"featured_media":11929,"comment_status":"open","ping_status":"closed","template":"","meta":{"_acf_changed":false},"product_brand":[5963],"product_cat":[6384,6397,6396],"product_tag":[5608,5364,5961,5368],"class_list":{"0":"post-55750","1":"product","2":"type-product","3":"status-publish","4":"has-post-thumbnail","6":"product_brand-creative-medical","7":"product_cat-medicion-y-diagnostico","8":"product_cat-neonatal","9":"product_cat-oximetro","10":"product_tag-oxigeno","11":"product_tag-oximetro","12":"product_tag-saturacion","13":"product_tag-saturometro","14":"product_shipping_class-pequeno","16":"first","17":"outofstock","18":"sale","19":"taxable","20":"shipping-taxable","21":"purchasable","22":"product-type-simple"},"acf":[],"_links":{"self":[{"href":"https:\/\/deltamed.cl\/tienda\/wp-json\/wp\/v2\/product\/55750","targetHints":{"allow":["GET"]}}],"collection":[{"href":"https:\/\/deltamed.cl\/tienda\/wp-json\/wp\/v2\/product"}],"about":[{"href":"https:\/\/deltamed.cl\/tienda\/wp-json\/wp\/v2\/types\/product"}],"replies":[{"embeddable":true,"href":"https:\/\/deltamed.cl\/tienda\/wp-json\/wp\/v2\/comments?post=55750"}],"wp:featuredmedia":[{"embeddable":true,"href":"https:\/\/deltamed.cl\/tienda\/wp-json\/wp\/v2\/media\/11929"}],"wp:attachment":[{"href":"https:\/\/deltamed.cl\/tienda\/wp-json\/wp\/v2\/media?parent=55750"}],"wp:term":[{"taxonomy":"product_brand","embeddable":true,"href":"https:\/\/deltamed.cl\/tienda\/wp-json\/wp\/v2\/product_brand?post=55750"},{"taxonomy":"product_cat","embeddable":true,"href":"https:\/\/deltamed.cl\/tienda\/wp-json\/wp\/v2\/product_cat?post=55750"},{"taxonomy":"product_tag","embeddable":true,"href":"https:\/\/deltamed.cl\/tienda\/wp-json\/wp\/v2\/product_tag?post=55750"}],"curies":[{"name":"wp","href":"https:\/\/api.w.org\/{rel}","templated":true}]}}