{"id":55684,"date":"2026-04-28T20:10:18","date_gmt":"2026-04-28T20:10:18","guid":{"rendered":"https:\/\/dev.deltamed.cl\/?post_type=product&#038;p=55684"},"modified":"2026-05-04T16:16:41","modified_gmt":"2026-05-04T16:16:41","slug":"venda-de-gasa-elasticada-elastomull","status":"publish","type":"product","link":"https:\/\/deltamed.cl\/tienda\/tienda\/producto\/venda-de-gasa-elasticada-elastomull\/","title":{"rendered":"Venda de gasa elasticada Elastomull"},"content":{"rendered":"<p>Venda de gasa elasticada Elastomull<\/p>\n<p>Caja x 20 rollos<\/p>\n<p>La venda Elastomull es un producto de alta calidad dise\u00f1ado para proporcionar una fijaci\u00f3n segura y c\u00f3moda de ap\u00f3sitos y otros dispositivos m\u00e9dicos. Fabricada con materiales el\u00e1sticos y transpirables, Elastomull se adapta perfectamente a las contornos del cuerpo, asegurando una aplicaci\u00f3n eficaz y sin restricciones.<\/p>\n<p><strong>Caracter\u00edsticas:<\/strong><\/p>\n<ul>\n<li><strong>Elasticidad y Flexibilidad:<\/strong> Su composici\u00f3n el\u00e1stica permite un ajuste preciso, adapt\u00e1ndose a las zonas m\u00e1s dif\u00edciles del cuerpo sin limitar el movimiento.<\/li>\n<li><strong>Transpirable:<\/strong> Permite la circulaci\u00f3n del aire, reduciendo el riesgo de maceraci\u00f3n y manteniendo la piel en condiciones \u00f3ptimas.<\/li>\n<li><strong>Confortable:<\/strong> Su tejido suave y agradable al tacto proporciona una comodidad superior para el paciente, incluso durante largos periodos de uso.<\/li>\n<li><strong>F\u00e1cil de Aplicar:<\/strong> Su dise\u00f1o facilita una aplicaci\u00f3n r\u00e1pida y sencilla, garantizando una fijaci\u00f3n segura y uniforme.<\/li>\n<li><strong>Hipoalerg\u00e9nica:<\/strong> Ideal para todo tipo de piel, incluso las m\u00e1s sensibles, minimizando el riesgo de irritaciones.<\/li>\n<\/ul>\n<p><strong>Usos Recomendados:<\/strong><\/p>\n<ul>\n<li>Fijaci\u00f3n de ap\u00f3sitos, vendajes y compresas.<\/li>\n<li>Sujeci\u00f3n de c\u00e1nulas y cat\u00e9teres.<\/li>\n<li>Uso en \u00e1reas de movimiento frecuente, como articulaciones.<\/li>\n<li>Ideal para tratamientos post-operatorios y lesiones deportivas.<\/li>\n<li><strong>Uso Veterinario:<\/strong> Adecuada para el tratamiento de heridas y la fijaci\u00f3n de vendajes en animales, proporcionando la misma calidad y confort que en aplicaciones humanas.<\/li>\n<\/ul>\n<p><strong>Tama\u00f1os:<\/p>\n<p><\/strong>-4 cm x 4 mt Caja de 20 rollos<\/p>\n<p>-6 cm x 4 mt Caja de 20 rollos<\/p>\n<p>-8 cm x 4 mt Caja de 20 rollos<\/p>\n<p>-10 cm x 4 mt Caja de 20 rollos<\/p>\n<p>-12 cm x 4 mt Caja de 20 rollos<\/p>\n","protected":false},"excerpt":{"rendered":"<p>Venda de gasa elasticada Elastomull<\/p>\n<p>Caja x 20 rollos<\/p>\n<p>La venda Elastomull es un producto de alta calidad dise\u00f1ado para proporcionar una fijaci\u00f3n segura y c\u00f3moda de ap\u00f3sitos y otros dispositivos m\u00e9dicos. Fabricada con materiales el\u00e1sticos y transpirables, Elastomull se adapta perfectamente a las contornos del cuerpo, asegurando una aplicaci\u00f3n eficaz y sin restricciones.<\/p>\n<p><strong>Tama\u00f1os:<\/p>\n<p><\/strong>-4 cm x 4 mt Caja de 20 rollos<\/p>\n<p>-6 cm x 4 mt Caja de 20 rollos<\/p>\n<p>-8 cm x 4 mt Caja de 20 rollos<\/p>\n<p>-10 cm x 4 mt Caja de 20 rollos<\/p>\n<p>-12 cm x 4 mt Caja de 20 rollos<\/p>\n","protected":false},"featured_media":20954,"comment_status":"open","ping_status":"closed","template":"","meta":{"_acf_changed":false},"product_brand":[5772],"product_cat":[6625,6408,6510],"product_tag":[5921,5922,5923,5924],"class_list":{"0":"post-55684","1":"product","2":"type-product","3":"status-publish","4":"has-post-thumbnail","6":"product_brand-leukoplast","7":"product_cat-elastomull","8":"product_cat-tratamiento-de-heridas","9":"product_cat-vendas","10":"product_tag-elstomull","11":"product_tag-gasa-elasticada","12":"product_tag-rollo-de-gasa","13":"product_tag-venda-de-gasa","14":"product_shipping_class-pequeno","16":"first","17":"instock","18":"taxable","19":"shipping-taxable","20":"purchasable","21":"product-type-variable"},"acf":[],"_links":{"self":[{"href":"https:\/\/deltamed.cl\/tienda\/wp-json\/wp\/v2\/product\/55684","targetHints":{"allow":["GET"]}}],"collection":[{"href":"https:\/\/deltamed.cl\/tienda\/wp-json\/wp\/v2\/product"}],"about":[{"href":"https:\/\/deltamed.cl\/tienda\/wp-json\/wp\/v2\/types\/product"}],"replies":[{"embeddable":true,"href":"https:\/\/deltamed.cl\/tienda\/wp-json\/wp\/v2\/comments?post=55684"}],"wp:featuredmedia":[{"embeddable":true,"href":"https:\/\/deltamed.cl\/tienda\/wp-json\/wp\/v2\/media\/20954"}],"wp:attachment":[{"href":"https:\/\/deltamed.cl\/tienda\/wp-json\/wp\/v2\/media?parent=55684"}],"wp:term":[{"taxonomy":"product_brand","embeddable":true,"href":"https:\/\/deltamed.cl\/tienda\/wp-json\/wp\/v2\/product_brand?post=55684"},{"taxonomy":"product_cat","embeddable":true,"href":"https:\/\/deltamed.cl\/tienda\/wp-json\/wp\/v2\/product_cat?post=55684"},{"taxonomy":"product_tag","embeddable":true,"href":"https:\/\/deltamed.cl\/tienda\/wp-json\/wp\/v2\/product_tag?post=55684"}],"curies":[{"name":"wp","href":"https:\/\/api.w.org\/{rel}","templated":true}]}}