{"id":55673,"date":"2026-04-28T20:10:17","date_gmt":"2026-04-28T20:10:17","guid":{"rendered":"https:\/\/dev.deltamed.cl\/?post_type=product&#038;p=55673"},"modified":"2026-05-04T19:30:39","modified_gmt":"2026-05-04T19:30:39","slug":"chata-anatomica-de-acero-inoxidable","status":"publish","type":"product","link":"https:\/\/deltamed.cl\/tienda\/tienda\/producto\/chata-anatomica-de-acero-inoxidable\/","title":{"rendered":"Chata anatomica de acero inoxidable"},"content":{"rendered":"<p>Chata anatomica de acero inoxidable<\/p>\n<p>La chata es un contenedor reutilizable utilizado para la eliminaci\u00f3n de orina y heces, en pacientes que no pueden movilizarse de la cama.<\/p>\n<p>Este recipiente est\u00e1 hecho de acero inoxidable y cuenta con tapa, para facilitar su limpieza y desinfecci\u00f3n entre usos, asegurando condiciones higi\u00e9nicas adecuadas para el paciente y el personal de atenci\u00f3n.<\/p>\n<p>La chata es recomendada en entornos hospitalarios y de atenci\u00f3n domiciliaria, donde la movilidad del paciente est\u00e1 limitada y se requiere una soluci\u00f3n pr\u00e1ctica y sanitaria para la eliminaci\u00f3n de desechos biol\u00f3gicos de manera segura y confortable.<\/p>\n","protected":false},"excerpt":{"rendered":"<p>Chata anatomica de acero inoxidable<\/p>\n<p>La chata es un contenedor reutilizable utilizado para la eliminaci\u00f3n de orina y heces, en pacientes que no pueden movilizarse de la cama.<\/p>\n<p>Este recipiente est\u00e1 hecho de acero inoxidable y cuenta con tapa, para facilitar su limpieza y desinfecci\u00f3n entre usos, asegurando condiciones higi\u00e9nicas adecuadas para el paciente y el personal de atenci\u00f3n.<\/p>\n<p>La chata es recomendada en entornos hospitalarios y de atenci\u00f3n domiciliaria, donde la movilidad del paciente est\u00e1 limitada y se requiere una soluci\u00f3n pr\u00e1ctica y sanitaria para la eliminaci\u00f3n de desechos biol\u00f3gicos de manera segura y confortable.<\/p>\n","protected":false},"featured_media":11827,"comment_status":"open","ping_status":"closed","template":"","meta":{"_acf_changed":false},"product_brand":[5563],"product_cat":[6369,6373],"product_tag":[5292,5907,5908],"class_list":{"0":"post-55673","1":"product","2":"type-product","3":"status-publish","4":"has-post-thumbnail","6":"product_brand-generico","7":"product_cat-articulos-de-banos","8":"product_cat-otros","9":"product_tag-chata","10":"product_tag-chata-acero-inoxidable","11":"product_tag-chata-anatomica","12":"product_shipping_class-pequeno","14":"first","15":"outofstock","16":"taxable","17":"shipping-taxable","18":"purchasable","19":"product-type-simple"},"acf":[],"_links":{"self":[{"href":"https:\/\/deltamed.cl\/tienda\/wp-json\/wp\/v2\/product\/55673","targetHints":{"allow":["GET"]}}],"collection":[{"href":"https:\/\/deltamed.cl\/tienda\/wp-json\/wp\/v2\/product"}],"about":[{"href":"https:\/\/deltamed.cl\/tienda\/wp-json\/wp\/v2\/types\/product"}],"replies":[{"embeddable":true,"href":"https:\/\/deltamed.cl\/tienda\/wp-json\/wp\/v2\/comments?post=55673"}],"wp:featuredmedia":[{"embeddable":true,"href":"https:\/\/deltamed.cl\/tienda\/wp-json\/wp\/v2\/media\/11827"}],"wp:attachment":[{"href":"https:\/\/deltamed.cl\/tienda\/wp-json\/wp\/v2\/media?parent=55673"}],"wp:term":[{"taxonomy":"product_brand","embeddable":true,"href":"https:\/\/deltamed.cl\/tienda\/wp-json\/wp\/v2\/product_brand?post=55673"},{"taxonomy":"product_cat","embeddable":true,"href":"https:\/\/deltamed.cl\/tienda\/wp-json\/wp\/v2\/product_cat?post=55673"},{"taxonomy":"product_tag","embeddable":true,"href":"https:\/\/deltamed.cl\/tienda\/wp-json\/wp\/v2\/product_tag?post=55673"}],"curies":[{"name":"wp","href":"https:\/\/api.w.org\/{rel}","templated":true}]}}