{"id":55607,"date":"2026-04-28T20:09:51","date_gmt":"2026-04-28T20:09:51","guid":{"rendered":"https:\/\/dev.deltamed.cl\/?post_type=product&#038;p=55607"},"modified":"2026-04-28T20:20:01","modified_gmt":"2026-04-28T20:20:01","slug":"silla-de-ruedas-traumatologica-delta902c","status":"publish","type":"product","link":"https:\/\/deltamed.cl\/tienda\/tienda\/producto\/silla-de-ruedas-traumatologica-delta902c\/","title":{"rendered":"Silla de ruedas traumatol\u00f3gica DELTA902C"},"content":{"rendered":"<p><strong>Silla de ruedas traumatol\u00f3gica DELTA902C con soporte para piernas con soporte trasero, regulables, elevables y desmontables, especialmente dise\u00f1ada para usuarios con problemas en las piernas y que necesita mantenerlas en posici\u00f3n horizontal.<\/strong><\/p>\n<p><strong>\u00a0<\/strong><strong>Caracter\u00edsticas<\/strong><\/p>\n<ul>\n<li>Esqueleto de acero cromado plegable.<\/li>\n<li>Apoya piernas, regulables, elevables y desmontables.<\/li>\n<li>Reposa brazo desmontables y lavables.<\/li>\n<li>Reposa pies desmontables y lavables.<\/li>\n<li>Tapizada en tevinil de color negro oscuro; f\u00e1cil limpieza.<\/li>\n<li>Ruedas traseras macizas de 24 \u201ccon aros de aluminio y aro externo para impulsar.<\/li>\n<li>Ruedas delanteras de 8 \u201c.<\/li>\n<li>Plataforma apoya pies de pl\u00e1stico resistente y abatible<\/li>\n<li>Bolsillo trasero en el respaldo del asiento.<\/li>\n<li>Asa de transporte<\/li>\n<\/ul>\n<p><strong>\u00a0<\/strong><\/p>\n<p><strong>Especificaciones:<\/strong><\/p>\n<ul>\n<li>Largo total con piernera 114 cm<\/li>\n<li>Ancho general 66 cm<\/li>\n<li>Altura total 87 cm<\/li>\n<li>Ancho plegable 31 cm<\/li>\n<li>Asiento Ancho 46 cm<\/li>\n<li>Profundidad de asientos 40 cm<\/li>\n<li>Altura de los asientos desde el piso 48 cm<\/li>\n<li>Altura del reposabrazos 24 cm<\/li>\n<li>Ancho del reposabrazos 46 cm<\/li>\n<li>Altura de la base de pies desde el piso es ajustable<\/li>\n<li>Altura del respaldo 40<\/li>\n<li>Rueda delantera. 20<\/li>\n<li>Rueda trasera. 60<\/li>\n<li>Capacidad de carga 100 kgs<\/li>\n<li>Medici\u00f3n de la caja 80x28x89<\/li>\n<li>Peso (KGS) 19.3 &#8211; Peso con la caja (KGS) 22<\/li>\n<\/ul>\n<figure id=\"attachment_9776\" aria-describedby=\"caption-attachment-9776\" style=\"width: 300px\" class=\"wp-caption alignnone\"><img fetchpriority=\"high\" decoding=\"async\" class=\"wp-image-9776 size-medium\" src=\"https:\/\/deltamed.cl\/tienda\/wp-content\/uploads\/2024\/01\/Silla-de-ruedas-traumatologica-DELTA902C-Deltamed-300x300.jpg\" alt=\"Silla de ruedas traumatol\u00f3gica DELTA902C - Deltamed\" width=\"300\" height=\"300\" title=\"\"><figcaption id=\"caption-attachment-9776\" class=\"wp-caption-text\">Silla de ruedas traumatol\u00f3gica DELTA902C &#8211; Deltamed<\/figcaption><\/figure>\n","protected":false},"excerpt":{"rendered":"<p><strong>Silla de ruedas traumatol\u00f3gica DELTA902C con soporte para piernas con soporte trasero, regulables, elevables y desmontables, especialmente dise\u00f1ada para usuarios con problemas en las piernas y que necesita mantenerlas en posici\u00f3n horizontal.<\/strong><\/p>\n<p><strong>Caracter\u00edsticas<\/strong><\/p>\n<ul>\n<li>Esqueleto de acero cromado plegable.<\/li>\n<li>Apoya piernas, regulables, elevables y desmontables.<\/li>\n<li>Reposa brazo desmontables y lavables.<\/li>\n<li>Reposa pies desmontables y lavables.<\/li>\n<li>Tapizada en tevinil de color negro oscuro; f\u00e1cil limpieza.<\/li>\n<li>Ruedas traseras macizas de 24 \u201ccon aros de aluminio y aro externo para impulsar.<\/li>\n<li>Ruedas delanteras de 8 \u201c.<\/li>\n<li>Plataforma apoya pies de pl\u00e1stico resistente y abatible<\/li>\n<li>Bolsillo trasero en el respaldo del asiento.<\/li>\n<li>Asa de transporte<\/li>\n<\/ul>\n<h2><span style=\"color: #0000ff\"><strong>Envio gratis en Santiago<\/strong><\/span><\/h2>\n<p>Las siguientes comunas no aplican<\/p>\n<ul>\n<li>Alhu\u00e9<\/li>\n<li>Buin<\/li>\n<li>Calera de Tango<\/li>\n<li>Curacav\u00ed<\/li>\n<li>El Monte<\/li>\n<li>Isla de Maipo<\/li>\n<li>Lampa<\/li>\n<li>Mar\u00eda Pinto<\/li>\n<li>Melipilla<\/li>\n<li>Padre Hurtado<\/li>\n<li>Paine<\/li>\n<li>Pe\u00f1aflor<\/li>\n<li>Pirque<\/li>\n<li>San Jos\u00e9 de Maipo<\/li>\n<li>San Pedro<\/li>\n<li>Talagante<\/li>\n<li>Tiltil<\/li>\n<\/ul>\n","protected":false},"featured_media":11692,"comment_status":"open","ping_status":"closed","template":"","meta":{"_acf_changed":false},"product_brand":[5281],"product_cat":[6420,6419,6565],"product_tag":[5297,5339,5596],"class_list":{"0":"post-55607","1":"product","2":"type-product","3":"status-publish","4":"has-post-thumbnail","6":"product_brand-deltamed","7":"product_cat-manual","8":"product_cat-silla-de-ruedas","9":"product_cat-traumatologica","10":"product_tag-baston","11":"product_tag-burrito","12":"product_tag-silla-de-ruedas","13":"product_shipping_class-grande","15":"first","16":"outofstock","17":"taxable","18":"shipping-taxable","19":"purchasable","20":"product-type-simple"},"acf":[],"_links":{"self":[{"href":"https:\/\/deltamed.cl\/tienda\/wp-json\/wp\/v2\/product\/55607","targetHints":{"allow":["GET"]}}],"collection":[{"href":"https:\/\/deltamed.cl\/tienda\/wp-json\/wp\/v2\/product"}],"about":[{"href":"https:\/\/deltamed.cl\/tienda\/wp-json\/wp\/v2\/types\/product"}],"replies":[{"embeddable":true,"href":"https:\/\/deltamed.cl\/tienda\/wp-json\/wp\/v2\/comments?post=55607"}],"wp:featuredmedia":[{"embeddable":true,"href":"https:\/\/deltamed.cl\/tienda\/wp-json\/wp\/v2\/media\/11692"}],"wp:attachment":[{"href":"https:\/\/deltamed.cl\/tienda\/wp-json\/wp\/v2\/media?parent=55607"}],"wp:term":[{"taxonomy":"product_brand","embeddable":true,"href":"https:\/\/deltamed.cl\/tienda\/wp-json\/wp\/v2\/product_brand?post=55607"},{"taxonomy":"product_cat","embeddable":true,"href":"https:\/\/deltamed.cl\/tienda\/wp-json\/wp\/v2\/product_cat?post=55607"},{"taxonomy":"product_tag","embeddable":true,"href":"https:\/\/deltamed.cl\/tienda\/wp-json\/wp\/v2\/product_tag?post=55607"}],"curies":[{"name":"wp","href":"https:\/\/api.w.org\/{rel}","templated":true}]}}