{"id":55601,"date":"2026-04-28T20:09:45","date_gmt":"2026-04-28T20:09:45","guid":{"rendered":"https:\/\/dev.deltamed.cl\/?post_type=product&#038;p=55601"},"modified":"2026-04-28T20:19:51","modified_gmt":"2026-04-28T20:19:51","slug":"colchon-viscoelastico","status":"publish","type":"product","link":"https:\/\/deltamed.cl\/tienda\/tienda\/producto\/colchon-viscoelastico\/","title":{"rendered":"Colch\u00f3n viscoel\u00e1stico"},"content":{"rendered":"<p data-sourcepos=\"5:1-5:36\"><strong>Colch\u00f3n viscoel\u00e1stico | Deltamed<\/strong><\/p>\n<p data-sourcepos=\"7:1-7:270\">Disfruta de un descanso profundo y reparador con nuestro <strong>colch\u00f3n viscoel\u00e1stico<\/strong> de alta densidad (50 kg\/m3). Se adapta perfectamente a la forma de tu cuerpo, aliviando la presi\u00f3n en los puntos de contacto y proporcionando un soporte \u00f3ptimo para la columna vertebral.<\/p>\n<p data-sourcepos=\"9:1-9:15\"><strong>Ideal para:<\/strong><\/p>\n<ul data-sourcepos=\"11:1-15:0\">\n<li data-sourcepos=\"11:1-11:55\">Personas que buscan un descanso profundo y reparador.<\/li>\n<li data-sourcepos=\"12:1-12:48\">Personas con dolores de espalda o articulares.<\/li>\n<li data-sourcepos=\"13:1-13:48\">Personas que duermen en diferentes posiciones.<\/li>\n<li data-sourcepos=\"14:1-15:0\"><strong>Catres cl\u00ednicos<\/strong>\u00a0(por su dise\u00f1o y dimensiones)<\/li>\n<\/ul>\n<p data-sourcepos=\"16:1-16:20\"><strong>Caracter\u00edsticas:<\/strong><\/p>\n<ul data-sourcepos=\"18:1-23:0\">\n<li data-sourcepos=\"18:1-18:65\"><strong>Material:<\/strong>\u00a0Espuma viscoel\u00e1stica de alta densidad (50 kg\/m3).<\/li>\n<li data-sourcepos=\"19:1-19:20\"><strong>Espesor:<\/strong>\u00a05 cm.<\/li>\n<li data-sourcepos=\"20:1-20:30\"><strong>Funda:<\/strong>\u00a0Jacquard lavable.<\/li>\n<li data-sourcepos=\"21:1-21:40\"><strong>Sujeci\u00f3n:<\/strong>\u00a04 el\u00e1sticos de sujeci\u00f3n.<\/li>\n<li data-sourcepos=\"22:1-23:0\"><strong>Capacidad de carga:<\/strong>\u00a0Hasta 120 kg.<\/li>\n<\/ul>\n<p data-sourcepos=\"24:1-24:15\"><strong>Beneficios:<\/strong><\/p>\n<ul data-sourcepos=\"26:1-32:0\">\n<li data-sourcepos=\"26:1-26:34\"><strong>Mejora la calidad del sue\u00f1o.<\/strong><\/li>\n<li data-sourcepos=\"27:1-27:50\"><strong>Alivia la presi\u00f3n en los puntos de contacto.<\/strong><\/li>\n<li data-sourcepos=\"28:1-28:50\"><strong>Reduce los dolores de espalda y articulares.<\/strong><\/li>\n<li data-sourcepos=\"29:1-29:52\"><strong>Se adapta perfectamente a la forma del cuerpo.<\/strong><\/li>\n<li data-sourcepos=\"30:1-30:57\"><strong>Brinda un soporte \u00f3ptimo para la columna vertebral.<\/strong><\/li>\n<li data-sourcepos=\"31:1-32:0\"><strong>F\u00e1cil de transportar y almacenar.<\/strong><\/li>\n<\/ul>\n<p data-sourcepos=\"33:1-33:106\"><strong>Compra ahora tu colch\u00f3n viscoel\u00e1stico<\/strong> y experimenta la diferencia de un descanso profundo y reparador.<\/p>\n","protected":false},"excerpt":{"rendered":"<p data-sourcepos=\"37:1-37:36\"><strong>Colch\u00f3n viscoel\u00e1stico | Deltamed<\/strong><\/p>\n<p data-sourcepos=\"39:1-39:310\">Disfruta de un descanso profundo con nuestro <strong>colch\u00f3n viscoel\u00e1stico<\/strong> de alta densidad (50 kg\/m3). Se adapta a tu cuerpo, alivia la presi\u00f3n y mejora la calidad del sue\u00f1o. <strong>Ideal para catres cl\u00ednicos.<\/strong> 5 cm de espesor, funda lavable Jacquard, 4 el\u00e1sticos de sujeci\u00f3n. Soporta hasta 120 kg. <strong>\u00a1Compra ahora!<\/strong><\/p>\n","protected":false},"featured_media":11671,"comment_status":"open","ping_status":"closed","template":"","meta":{"_acf_changed":false},"product_brand":[5888],"product_cat":[6375,6472],"product_tag":[5804,5803,6070,5663,5718,5719],"class_list":{"0":"post-55601","1":"product","2":"type-product","3":"status-publish","4":"has-post-thumbnail","6":"product_brand-lifante","7":"product_cat-ayudas-tecnicas","8":"product_cat-colchon","9":"product_tag-anti-escaras","10":"product_tag-escaras","11":"product_tag-lifante","12":"product_tag-postrado","13":"product_tag-ulcera","14":"product_tag-ulcera-por-presion","15":"product_shipping_class-mediano","17":"first","18":"outofstock","19":"taxable","20":"shipping-taxable","21":"purchasable","22":"product-type-simple"},"acf":[],"_links":{"self":[{"href":"https:\/\/deltamed.cl\/tienda\/wp-json\/wp\/v2\/product\/55601","targetHints":{"allow":["GET"]}}],"collection":[{"href":"https:\/\/deltamed.cl\/tienda\/wp-json\/wp\/v2\/product"}],"about":[{"href":"https:\/\/deltamed.cl\/tienda\/wp-json\/wp\/v2\/types\/product"}],"replies":[{"embeddable":true,"href":"https:\/\/deltamed.cl\/tienda\/wp-json\/wp\/v2\/comments?post=55601"}],"wp:featuredmedia":[{"embeddable":true,"href":"https:\/\/deltamed.cl\/tienda\/wp-json\/wp\/v2\/media\/11671"}],"wp:attachment":[{"href":"https:\/\/deltamed.cl\/tienda\/wp-json\/wp\/v2\/media?parent=55601"}],"wp:term":[{"taxonomy":"product_brand","embeddable":true,"href":"https:\/\/deltamed.cl\/tienda\/wp-json\/wp\/v2\/product_brand?post=55601"},{"taxonomy":"product_cat","embeddable":true,"href":"https:\/\/deltamed.cl\/tienda\/wp-json\/wp\/v2\/product_cat?post=55601"},{"taxonomy":"product_tag","embeddable":true,"href":"https:\/\/deltamed.cl\/tienda\/wp-json\/wp\/v2\/product_tag?post=55601"}],"curies":[{"name":"wp","href":"https:\/\/api.w.org\/{rel}","templated":true}]}}