{"id":55590,"date":"2026-04-28T20:09:29","date_gmt":"2026-04-28T20:09:29","guid":{"rendered":"https:\/\/dev.deltamed.cl\/?post_type=product&#038;p=55590"},"modified":"2026-04-28T20:19:51","modified_gmt":"2026-04-28T20:19:51","slug":"almohada-viscoelastica-con-gel","status":"publish","type":"product","link":"https:\/\/deltamed.cl\/tienda\/tienda\/producto\/almohada-viscoelastica-con-gel\/","title":{"rendered":"Almohada viscoel\u00e1stica con gel"},"content":{"rendered":"<p>La Almohada viscoel\u00e1stica con gel erg\u00f3nomica \u00a0<b>son las mejores para conciliar el sue\u00f1o y lograr un descanso ininterrumpido<\/b>. La composici\u00f3n de la espuma viscoel\u00e1stica tiene la capacidad de soportar el peso (y los golpes) y regresar a su forma original.<\/p>\n<p>La capa de gel proporciona una sensaci\u00f3n de frescura para dormir.<\/p>\n<p><b>Proporciona un alivio terap\u00e9utico durante el sue\u00f1o gracias a que su contorno se ajusta a la curva natural del cuerpo y no ejerce presi\u00f3n sobre el cuello<\/b>, independientemente de la postura que adoptemos en la cama: de lado, boca abajo o boca<\/p>\n<p>Viscoel\u00e1stica, se trata de una espuma muy suave pero que tiene la capacidad de absorber impactos. Reduce tambi\u00e9n las presiones sobre el cuerpo ya que logra hacer una distribuci\u00f3n equitativa del peso.<\/p>\n<p>Fabricado con capa de gel y viscoel\u00e1stica moldeada.<\/p>\n<p>&nbsp;<\/p>\n<p>Altura 7-10cm<\/p>\n<p>Largo 50<\/p>\n<p>Ancho 30 cm<\/p>\n<h3><strong>Beneficios\u00a0<\/strong><\/h3>\n<ol>\n<li class=\"wp-block-heading\"><span id=\"Alivio_de_los_puntos_de_presion\" class=\"ez-toc-section\"><\/span><strong>Alivio de los puntos de presi\u00f3n<\/strong><\/li>\n<li class=\"wp-block-heading\"><span id=\"Alineacion_de_la_columna_vertebral\" class=\"ez-toc-section\"><\/span><strong>Alineaci\u00f3n de la columna vertebral: <\/strong>Apoyar el cuello en una superficie adecuada conlleva que la columna vertebral mantenga una\u00a0<strong>alineaci\u00f3n correcta y saludable<\/strong>.<\/li>\n<li class=\"wp-block-heading\"><strong>Puede ayudar con los ronquidos :<\/strong> Una almohada normal tiende a inclinar la cabeza, lo que provoca una mayor obstrucci\u00f3n de las v\u00edas respiratorias que puede dar lugar a problemas relacionados con los ronquidos.<\/li>\n<li class=\"wp-block-heading\"><strong>Hipoalerg\u00e9nica:\u00a0 <\/strong>Las almohadas de espuma con memoria son\u00a0<strong>hipoalerg\u00e9nicas\u00a0<\/strong>y no son t\u00f3xicas ni peligrosas, ya que est\u00e1n fabricadas con un material naturalmente hipoalerg\u00e9nico que dificulta el crecimiento de las bacterias que provocan moho y hongos, as\u00ed como \u00e1caros de polvo.<\/li>\n<li class=\"wp-block-heading\"><strong>F\u00e1cil mantenimiento:\u00a0 <\/strong>Solo tienes que quitar la funda lavable, si es el caso, y limpiar la almohada para eliminar con facilidad cualquier mancha.<\/li>\n<li class=\"wp-block-heading\"><strong>Duradera<\/strong><\/li>\n<\/ol>\n<p>&nbsp;<\/p>\n<p>&nbsp;<\/p>\n<figure id=\"attachment_6606\" aria-describedby=\"caption-attachment-6606\" style=\"width: 300px\" class=\"wp-caption alignnone\"><img fetchpriority=\"high\" decoding=\"async\" class=\"size-medium wp-image-6606\" src=\"https:\/\/deltamed.cl\/tienda\/wp-content\/uploads\/2023\/10\/Almohada-viscoelastica-con-gel-300x300.jpg\" alt=\"Almohada viscoel\u00e1stica con gel\" width=\"300\" height=\"300\" title=\"\"><figcaption id=\"caption-attachment-6606\" class=\"wp-caption-text\">Almohada viscoel\u00e1stica con gel<\/figcaption><\/figure>\n<p>&nbsp;<\/p>\n<p>&nbsp;<\/p>\n<p>&nbsp;<\/p>\n<p>&nbsp;<\/p>\n<p>&nbsp;<\/p>\n<p>&nbsp;<\/p>\n","protected":false},"excerpt":{"rendered":"<p>La Almohada viscoel\u00e1stica con gel erg\u00f3nomica \u00a0<b>son las mejores para conciliar el sue\u00f1o y lograr un descanso ininterrumpido<\/b>. La composici\u00f3n de la espuma viscoel\u00e1stica tiene la capacidad de soportar el peso (y los golpes) y regresar a su forma original.<\/p>\n<h3><strong>Beneficios\u00a0<\/strong><\/h3>\n<ol>\n<li class=\"wp-block-heading\"><span id=\"Alivio_de_los_puntos_de_presion\" class=\"ez-toc-section\"><\/span><strong>Alivio de los puntos de presi\u00f3n<\/strong><\/li>\n<li class=\"wp-block-heading\"><span id=\"Alineacion_de_la_columna_vertebral\" class=\"ez-toc-section\"><\/span><strong>Alineaci\u00f3n de la columna vertebral: <\/strong>Apoyar el cuello en una superficie adecuada conlleva que la columna vertebral mantenga una\u00a0<strong>alineaci\u00f3n correcta y saludable<\/strong>.<\/li>\n<li class=\"wp-block-heading\"><strong>Puede ayudar con los ronquidos :<\/strong> Una almohada normal tiende a inclinar la cabeza, lo que provoca una mayor obstrucci\u00f3n de las v\u00edas respiratorias que puede dar lugar a problemas relacionados con los ronquidos.<\/li>\n<li class=\"wp-block-heading\"><strong>Hipoalerg\u00e9nica:\u00a0 <\/strong>Las almohadas de espuma con memoria son\u00a0<strong>hipoalerg\u00e9nicas\u00a0<\/strong>y no son t\u00f3xicas ni peligrosas, ya que est\u00e1n fabricadas con un material naturalmente hipoalerg\u00e9nico que dificulta el crecimiento de las bacterias que provocan moho y hongos, as\u00ed como \u00e1caros de polvo.<\/li>\n<li class=\"wp-block-heading\"><strong>F\u00e1cil mantenimiento:\u00a0 <\/strong>Solo tienes que quitar la funda lavable, si es el caso, y limpiar la almohada para eliminar con facilidad cualquier mancha.<\/li>\n<li class=\"wp-block-heading\"><strong>Duradera<\/strong><\/li>\n<\/ol>\n","protected":false},"featured_media":11649,"comment_status":"open","ping_status":"closed","template":"","meta":{"_acf_changed":false},"product_brand":[5281],"product_cat":[6616,6405,6617],"product_tag":[6046,6679,6047,6678,5345],"class_list":{"0":"post-55590","1":"product","2":"type-product","3":"status-publish","4":"has-post-thumbnail","6":"product_brand-deltamed","7":"product_cat-almohada","8":"product_cat-mobiliario","9":"product_cat-viscoelastica","10":"product_tag-enfermeria","11":"product_tag-kinesiologo","12":"product_tag-medicina","13":"product_tag-regalo","14":"product_tag-tens","15":"product_shipping_class-mediano","17":"first","18":"instock","19":"taxable","20":"shipping-taxable","21":"purchasable","22":"product-type-simple"},"acf":[],"_links":{"self":[{"href":"https:\/\/deltamed.cl\/tienda\/wp-json\/wp\/v2\/product\/55590","targetHints":{"allow":["GET"]}}],"collection":[{"href":"https:\/\/deltamed.cl\/tienda\/wp-json\/wp\/v2\/product"}],"about":[{"href":"https:\/\/deltamed.cl\/tienda\/wp-json\/wp\/v2\/types\/product"}],"replies":[{"embeddable":true,"href":"https:\/\/deltamed.cl\/tienda\/wp-json\/wp\/v2\/comments?post=55590"}],"wp:featuredmedia":[{"embeddable":true,"href":"https:\/\/deltamed.cl\/tienda\/wp-json\/wp\/v2\/media\/11649"}],"wp:attachment":[{"href":"https:\/\/deltamed.cl\/tienda\/wp-json\/wp\/v2\/media?parent=55590"}],"wp:term":[{"taxonomy":"product_brand","embeddable":true,"href":"https:\/\/deltamed.cl\/tienda\/wp-json\/wp\/v2\/product_brand?post=55590"},{"taxonomy":"product_cat","embeddable":true,"href":"https:\/\/deltamed.cl\/tienda\/wp-json\/wp\/v2\/product_cat?post=55590"},{"taxonomy":"product_tag","embeddable":true,"href":"https:\/\/deltamed.cl\/tienda\/wp-json\/wp\/v2\/product_tag?post=55590"}],"curies":[{"name":"wp","href":"https:\/\/api.w.org\/{rel}","templated":true}]}}