{"id":5558,"date":"2023-05-23T12:14:47","date_gmt":"2023-05-23T15:14:47","guid":{"rendered":"https:\/\/deltamed.cl\/tienda\/?post_type=product&#038;p=5558"},"modified":"2026-02-27T13:30:46","modified_gmt":"2026-02-27T16:30:46","slug":"bateria-silla-de-ruedas-ritar-12v-x-33ah","status":"publish","type":"product","link":"https:\/\/deltamed.cl\/tienda\/producto\/bateria-silla-de-ruedas-ritar-12v-x-33ah\/","title":{"rendered":"Bater\u00eda silla de ruedas Ritar 12v X 33ah"},"content":{"rendered":"<p>Bater\u00eda silla de ruedas Ritar 12v X 33ah<\/p>\n<p>Bater\u00eda de la marca Ritar, es ideal para usar en silla de ruedas el\u00e9ctricas.<\/p>\n<p>La serie RT es una bater\u00eda de uso general con 6 &#8211; 8 a\u00f1os de vida \u00fatil en servicio de flotaci\u00f3n.<\/p>\n<p>Cumple con IEC, JIS, BS, GB\/T y YD\/T est\u00e1ndares.<\/p>\n<p>Con v\u00e1lvula AGM avanzada tecnolog\u00eda regulada y materias primas de alta pureza material, la bater\u00eda de la serie RT mantiene alta consistencia para un mejor rendimiento y una vida \u00fatil en espera confiable.<\/p>\n<p>Es adecuado para UPS\/EPS, equipos m\u00e9dicos, luz de emergencia y sistema de seguridad aplicaciones.<\/p>\n<p>*****Debe recargar las bater\u00edas antes de usarlas.<\/p>\n<p>Caracter\u00edsticas:<\/p>\n<p>C\u00e9lulas por unidad 6<br \/>\nVoltaje por unidad 12<br \/>\nCapacidad Nominal 33Ah@10horas a 1.80V por celda @25C<br \/>\nPeso aproximado. 9,6 Kg (Tolerancia +-3,0%)<br \/>\nm\u00e1x. Corriente de descarga 330A (5 seg)<br \/>\nResistencia interna Aprox. 12 m<br \/>\nBorne F7(M8)\/F11(M6)<br \/>\nm\u00e1x. Corriente de carga 9,9 A<br \/>\nMaterial del contenedor A.B.S. UL94-HB, UL94-V0 Opcional.<br \/>\nRango de temperatura de funcionamiento<br \/>\nDescarga: -20 C &#8211; 60 C<br \/>\nCarga: 0 C &#8211; 50 C<br \/>\nAlmacenamiento: -20 C &#8211; 60 C<br \/>\nRango de temperatura de funcionamiento normal 25 C +- 5 C<br \/>\nVoltaje de uso en espera 13,6 V- 13,8 V a 25 C<br \/>\nVoltaje de uso del ciclo<br \/>\nAutodescarga<br \/>\nLas bater\u00edas de \u00e1cido de plomo reguladas por v\u00e1lvula (VRLA) de RITAR pueden<br \/>\nser almacenado por hasta 6 meses a 25 C y luego recargar<br \/>\nes recomendado. La tasa de autodescarga mensual es menor<br \/>\ndel 3 % a 25 C.<br \/>\nCargue las bater\u00edas antes de usarlas.<\/p>\n<p>DATOS T\u00c9CNICOS:<br \/>\n&#8211; Voltaje: 12V<br \/>\n&#8211; Capacidad: 33Ah<br \/>\n&#8211; Largo 19,5 cm<br \/>\n&#8211; Ancho 13 cm<br \/>\n&#8211; Alto 16,5 cm<br \/>\n&#8211; Peso: 11 Kg<\/p>\n<div id=\"attachment_6924\" style=\"width: 310px\" class=\"wp-caption alignnone\"><img fetchpriority=\"high\" decoding=\"async\" aria-describedby=\"caption-attachment-6924\" class=\"size-medium wp-image-6924\" src=\"https:\/\/deltamed.cl\/tienda\/wp-content\/uploads\/2023\/05\/RA12-33_1-scaled-1-300x300.jpg\" alt=\"Bateria silla de ruedas Ritar 12v X 33ah\" width=\"300\" height=\"300\" title=\"\" srcset=\"https:\/\/deltamed.cl\/tienda\/wp-content\/uploads\/2023\/05\/RA12-33_1-scaled-1-300x300.jpg 300w, https:\/\/deltamed.cl\/tienda\/wp-content\/uploads\/2023\/05\/RA12-33_1-scaled-1-1024x1024.jpg 1024w, https:\/\/deltamed.cl\/tienda\/wp-content\/uploads\/2023\/05\/RA12-33_1-scaled-1-150x150.jpg 150w, https:\/\/deltamed.cl\/tienda\/wp-content\/uploads\/2023\/05\/RA12-33_1-scaled-1-768x768.jpg 768w, https:\/\/deltamed.cl\/tienda\/wp-content\/uploads\/2023\/05\/RA12-33_1-scaled-1-1536x1536.jpg 1536w, https:\/\/deltamed.cl\/tienda\/wp-content\/uploads\/2023\/05\/RA12-33_1-scaled-1-2048x2048.jpg 2048w, https:\/\/deltamed.cl\/tienda\/wp-content\/uploads\/2023\/05\/RA12-33_1-scaled-1-600x600.jpg 600w, https:\/\/deltamed.cl\/tienda\/wp-content\/uploads\/2023\/05\/RA12-33_1-scaled-1-100x100.jpg 100w\" sizes=\"(max-width: 300px) 100vw, 300px\" \/><p id=\"caption-attachment-6924\" class=\"wp-caption-text\">Bateria silla de ruedas Ritar 12v X 33ah<\/p><\/div>\n","protected":false},"excerpt":{"rendered":"<p>Bater\u00eda silla de ruedas Ritar 12v X 33ah<\/p>\n<p>La serie RT es una bater\u00eda de uso general con 6 &#8211; 8 a\u00f1os de vida \u00fatil en servicio de flotaci\u00f3n.<\/p>\n<p>Cumple con IEC, JIS, BS, GB\/T y YD\/T est\u00e1ndares.<\/p>\n<p>Con v\u00e1lvula AGM avanzada tecnolog\u00eda regulada y materias primas de alta pureza material, la bater\u00eda de la serie RT mantiene alta consistencia para un mejor rendimiento y una vida \u00fatil en espera confiable.<\/p>\n","protected":false},"featured_media":6924,"comment_status":"open","ping_status":"closed","template":"","meta":{"_acf_changed":false},"product_brand":[1105],"product_cat":[23,511],"product_tag":[486,585],"class_list":{"0":"post-5558","1":"product","2":"type-product","3":"status-publish","4":"has-post-thumbnail","6":"product_brand-ritar","7":"product_cat-ayudas-tecnicas-de-bano","8":"product_cat-bateria","9":"product_tag-ayudas-tecnicas","10":"product_tag-deltamed","11":"product_shipping_class-mediano","13":"first","14":"outofstock","15":"sale","16":"shipping-taxable","17":"purchasable","18":"product-type-simple"},"acf":[],"_links":{"self":[{"href":"https:\/\/deltamed.cl\/tienda\/wp-json\/wp\/v2\/product\/5558","targetHints":{"allow":["GET"]}}],"collection":[{"href":"https:\/\/deltamed.cl\/tienda\/wp-json\/wp\/v2\/product"}],"about":[{"href":"https:\/\/deltamed.cl\/tienda\/wp-json\/wp\/v2\/types\/product"}],"replies":[{"embeddable":true,"href":"https:\/\/deltamed.cl\/tienda\/wp-json\/wp\/v2\/comments?post=5558"}],"version-history":[{"count":3,"href":"https:\/\/deltamed.cl\/tienda\/wp-json\/wp\/v2\/product\/5558\/revisions"}],"predecessor-version":[{"id":8740,"href":"https:\/\/deltamed.cl\/tienda\/wp-json\/wp\/v2\/product\/5558\/revisions\/8740"}],"wp:featuredmedia":[{"embeddable":true,"href":"https:\/\/deltamed.cl\/tienda\/wp-json\/wp\/v2\/media\/6924"}],"wp:attachment":[{"href":"https:\/\/deltamed.cl\/tienda\/wp-json\/wp\/v2\/media?parent=5558"}],"wp:term":[{"taxonomy":"product_brand","embeddable":true,"href":"https:\/\/deltamed.cl\/tienda\/wp-json\/wp\/v2\/product_brand?post=5558"},{"taxonomy":"product_cat","embeddable":true,"href":"https:\/\/deltamed.cl\/tienda\/wp-json\/wp\/v2\/product_cat?post=5558"},{"taxonomy":"product_tag","embeddable":true,"href":"https:\/\/deltamed.cl\/tienda\/wp-json\/wp\/v2\/product_tag?post=5558"}],"curies":[{"name":"wp","href":"https:\/\/api.w.org\/{rel}","templated":true}]}}