{"id":5555,"date":"2023-05-23T11:57:17","date_gmt":"2023-05-23T14:57:17","guid":{"rendered":"https:\/\/deltamed.cl\/tienda\/?post_type=product&#038;p=5555"},"modified":"2026-04-09T15:18:04","modified_gmt":"2026-04-09T18:18:04","slug":"bateria-silla-de-ruedas-ritar-12v-x-12ah","status":"publish","type":"product","link":"https:\/\/deltamed.cl\/tienda\/producto\/bateria-silla-de-ruedas-ritar-12v-x-12ah\/","title":{"rendered":"Bater\u00eda silla de ruedas Ritar 12v X 12ah"},"content":{"rendered":"<p>Bateria silla de ruedas Ritar 12v X 12ah<\/p>\n<p>La serie RT es una bater\u00eda de uso general con 6 &#8211; 8 a\u00f1os de vida \u00fatil en servicio de flotaci\u00f3n.<\/p>\n<p>Cumple con IEC, JIS, BS, GB\/T y YD\/T est\u00e1ndares.<\/p>\n<p>Con v\u00e1lvula AGM avanzada tecnolog\u00eda regulada y materias primas de alta pureza material, la bater\u00eda de la serie RT mantiene alta consistencia para un mejor rendimiento y una vida \u00fatil en espera confiable.<\/p>\n<p>Es adecuado para UPS\/EPS, equipos m\u00e9dicos, luz de emergencia y sistema de seguridad aplicaciones.<\/p>\n<p>*****Debe caragar las bater\u00edas antes de usarlas.<\/p>\n<p>Caracter\u00edsticas:<\/p>\n<p>C\u00e9lulas por unidad 6<br \/>\nVoltaje por unidad 12<br \/>\nCapacidad Nominal 12Ah@20horas a 1.75V por celda 25C<br \/>\nPeso aproximado. 3,50 Kg (Tolerancia +\/- 5,0%)<br \/>\nm\u00e1x. Corriente de descarga 120A (5 seg)<br \/>\nResistencia interna Aprox. 17,0<br \/>\nTerminal F1\/F2<br \/>\nm\u00e1x. Corriente de carga 3,6 A<br \/>\nMaterial del contenedor A.B.S. UL94-HB, UL94-V0 Opcional.<br \/>\nRango de temperatura de funcionamiento<br \/>\nDescarga: -20 C &#8211; 60 C<br \/>\nCarga: 0 C &#8211; 50 C<br \/>\nAlmacenamiento: -20 C &#8211; 60 C<br \/>\nRango de temperatura de funcionamiento normal 25 C +\/- 5 C<br \/>\nVoltaje de uso en espera 13,7 V- 13,9 V a 25 C<br \/>\nVoltaje de uso del ciclo<br \/>\nAuto descarga<br \/>\nLas bater\u00edas de \u00e1cido de plomo reguladas por v\u00e1lvula (VRLA) de RITAR pueden ser almacenado por hasta 6 meses a 25 C y luego recargar es recomendado.<br \/>\nLa tasa de auto descarga mensual es menor del 3 % a 25 C.<\/p>\n<div id=\"attachment_5557\" style=\"width: 310px\" class=\"wp-caption alignnone\"><img fetchpriority=\"high\" decoding=\"async\" aria-describedby=\"caption-attachment-5557\" class=\"size-medium wp-image-5557\" src=\"https:\/\/deltamed.cl\/tienda\/wp-content\/uploads\/2023\/05\/bateria-12v-x12-300x238.webp\" alt=\"Bateria silla de ruedas Ritar 12v X 12ah\" width=\"300\" height=\"238\" title=\"\" srcset=\"https:\/\/deltamed.cl\/tienda\/wp-content\/uploads\/2023\/05\/bateria-12v-x12-300x238.webp 300w, https:\/\/deltamed.cl\/tienda\/wp-content\/uploads\/2023\/05\/bateria-12v-x12.webp 500w\" sizes=\"(max-width: 300px) 100vw, 300px\" \/><p id=\"caption-attachment-5557\" class=\"wp-caption-text\">Bateria silla de ruedas Ritar 12v X 12ah<\/p><\/div>\n<p>&nbsp;<\/p>\n","protected":false},"excerpt":{"rendered":"<p>Bateria silla de ruedas Ritar 12v X 12ah<\/p>\n<p>La serie RT es una bater\u00eda de uso general con 6 &#8211; 8 a\u00f1os de vida \u00fatil en servicio de flotaci\u00f3n.<\/p>\n<p>Cumple con IEC, JIS, BS, GB\/T y YD\/T est\u00e1ndares<\/p>\n<p>Con v\u00e1lvula AGM avanzada tecnolog\u00eda regulada y materias primas de alta pureza material, la bater\u00eda de la serie RT mantiene alta consistencia para un mejor rendimiento y una vida \u00fatil en espera confiable.<\/p>\n","protected":false},"featured_media":5557,"comment_status":"open","ping_status":"closed","template":"","meta":{"_acf_changed":false},"product_brand":[1105],"product_cat":[23,511],"product_tag":[486,585],"class_list":{"0":"post-5555","1":"product","2":"type-product","3":"status-publish","4":"has-post-thumbnail","6":"product_brand-ritar","7":"product_cat-ayudas-tecnicas-de-bano","8":"product_cat-bateria","9":"product_tag-ayudas-tecnicas","10":"product_tag-deltamed","11":"product_shipping_class-mediano","13":"first","14":"outofstock","15":"shipping-taxable","16":"purchasable","17":"product-type-simple"},"acf":[],"_links":{"self":[{"href":"https:\/\/deltamed.cl\/tienda\/wp-json\/wp\/v2\/product\/5555","targetHints":{"allow":["GET"]}}],"collection":[{"href":"https:\/\/deltamed.cl\/tienda\/wp-json\/wp\/v2\/product"}],"about":[{"href":"https:\/\/deltamed.cl\/tienda\/wp-json\/wp\/v2\/types\/product"}],"replies":[{"embeddable":true,"href":"https:\/\/deltamed.cl\/tienda\/wp-json\/wp\/v2\/comments?post=5555"}],"version-history":[{"count":2,"href":"https:\/\/deltamed.cl\/tienda\/wp-json\/wp\/v2\/product\/5555\/revisions"}],"predecessor-version":[{"id":8706,"href":"https:\/\/deltamed.cl\/tienda\/wp-json\/wp\/v2\/product\/5555\/revisions\/8706"}],"wp:featuredmedia":[{"embeddable":true,"href":"https:\/\/deltamed.cl\/tienda\/wp-json\/wp\/v2\/media\/5557"}],"wp:attachment":[{"href":"https:\/\/deltamed.cl\/tienda\/wp-json\/wp\/v2\/media?parent=5555"}],"wp:term":[{"taxonomy":"product_brand","embeddable":true,"href":"https:\/\/deltamed.cl\/tienda\/wp-json\/wp\/v2\/product_brand?post=5555"},{"taxonomy":"product_cat","embeddable":true,"href":"https:\/\/deltamed.cl\/tienda\/wp-json\/wp\/v2\/product_cat?post=5555"},{"taxonomy":"product_tag","embeddable":true,"href":"https:\/\/deltamed.cl\/tienda\/wp-json\/wp\/v2\/product_tag?post=5555"}],"curies":[{"name":"wp","href":"https:\/\/api.w.org\/{rel}","templated":true}]}}