{"id":55544,"date":"2026-04-28T20:09:20","date_gmt":"2026-04-28T20:09:20","guid":{"rendered":"https:\/\/dev.deltamed.cl\/?post_type=product&#038;p=55544"},"modified":"2026-05-07T18:12:35","modified_gmt":"2026-05-07T18:12:35","slug":"banera-terapeutica-talla-m-doi","status":"publish","type":"product","link":"https:\/\/deltamed.cl\/tienda\/producto\/banera-terapeutica-talla-m-doi\/","title":{"rendered":"Ba\u00f1era terapeutica  talla M DOI"},"content":{"rendered":"<p>Ba\u00f1era terapeutica talla M DOI<\/p>\n<p class=\"ui-pdp-description__content\">Ba\u00f1eras DOI, silla para ducha, est\u00e1 dise\u00f1ada para acunar a los usuarios en una posici\u00f3n reclinada, lo que brinda apoyo adicional a la parte superior del cuerpo mientras se lava. El \u00e1ngulo del asiento mejora la sensaci\u00f3n de seguridad, privacidad y comodidad en la hora del ba\u00f1o. Con dos correas desmontables, la ba\u00f1era o silla de ducha se puede usar como reposera en diferentes lugares como playa, patios, terrazas, etc. Ba\u00f1era en talla M, L<\/p>\n<p>Facilita el ba\u00f1o de ni\u00f1os y adem\u00e1s es terap\u00e9utica.<\/p>\n<p>Posee caracter\u00edsticas ergon\u00f3micas para mejor control postural.<\/p>\n<p>Malla desmontable para el lavado.<\/p>\n<p>Bolsillos para afirmar ducha de tel\u00e9fono (flexible).<\/p>\n<p>Estructura tubular con pintura que impide la oxidaci\u00f3n.<\/p>\n<p>Para mayor sujeci\u00f3n se utilizan 2 cinturones p\u00e9lvicos DOI.<\/p>\n<p>Tiene m\u00faltiples usos; tina de ba\u00f1o, ba\u00f1era, piscina, playa, entre otros.<\/p>\n<p>Talla M<\/p>\n","protected":false},"excerpt":{"rendered":"<h2 class=\"ui-pdp-description__title\">Ba\u00f1era terapeutica talla M DOI<\/h2>\n<p class=\"ui-pdp-description__content\">Ba\u00f1eras DOI, silla para ducha, est\u00e1 dise\u00f1ada para acunar a los usuarios en una posici\u00f3n reclinada, lo que brinda apoyo adicional a la parte superior del cuerpo mientras se lava. El \u00e1ngulo del asiento mejora la sensaci\u00f3n de seguridad, privacidad y comodidad en la hora del ba\u00f1o. Con dos correas desmontables, la ba\u00f1era o silla de ducha se puede usar como reposera en diferentes lugares como playa, patios, terrazas, etc. Ba\u00f1era en talla M, L<\/p>\n<p>Facilita el ba\u00f1o de ni\u00f1os y adem\u00e1s es terap\u00e9utica.<\/p>\n<p>Posee caracter\u00edsticas ergon\u00f3micas para mejor control postural.<\/p>\n<p>Malla desmontable para el lavado.<\/p>\n<p>Bolsillos para afirmar ducha de tel\u00e9fono (flexible).<\/p>\n<p>Estructura tubular con pintura que impide la oxidaci\u00f3n.<\/p>\n<p>Para mayor sujeci\u00f3n se utilizan 2 cinturones p\u00e9lvicos DOI.<\/p>\n<p>Tiene m\u00faltiples usos; tina de ba\u00f1o, ba\u00f1era, piscina, playa, entre otros.<\/p>\n","protected":false},"featured_media":11555,"comment_status":"open","ping_status":"closed","template":"","meta":{"_acf_changed":false},"product_brand":[5819],"product_cat":[6369,6604,6373],"product_tag":[6672,6673,6674],"class_list":{"0":"post-55544","1":"product","2":"type-product","3":"status-publish","4":"has-post-thumbnail","6":"product_brand-doi","7":"product_cat-articulos-de-banos","8":"product_cat-banera","9":"product_cat-otros","10":"product_tag-discapacidad","11":"product_tag-invalido","12":"product_tag-minusvalido","13":"product_shipping_class-grande","15":"first","16":"outofstock","17":"taxable","18":"shipping-taxable","19":"purchasable","20":"product-type-simple"},"acf":[],"_links":{"self":[{"href":"https:\/\/deltamed.cl\/tienda\/wp-json\/wp\/v2\/product\/55544","targetHints":{"allow":["GET"]}}],"collection":[{"href":"https:\/\/deltamed.cl\/tienda\/wp-json\/wp\/v2\/product"}],"about":[{"href":"https:\/\/deltamed.cl\/tienda\/wp-json\/wp\/v2\/types\/product"}],"replies":[{"embeddable":true,"href":"https:\/\/deltamed.cl\/tienda\/wp-json\/wp\/v2\/comments?post=55544"}],"wp:featuredmedia":[{"embeddable":true,"href":"https:\/\/deltamed.cl\/tienda\/wp-json\/wp\/v2\/media\/11555"}],"wp:attachment":[{"href":"https:\/\/deltamed.cl\/tienda\/wp-json\/wp\/v2\/media?parent=55544"}],"wp:term":[{"taxonomy":"product_brand","embeddable":true,"href":"https:\/\/deltamed.cl\/tienda\/wp-json\/wp\/v2\/product_brand?post=55544"},{"taxonomy":"product_cat","embeddable":true,"href":"https:\/\/deltamed.cl\/tienda\/wp-json\/wp\/v2\/product_cat?post=55544"},{"taxonomy":"product_tag","embeddable":true,"href":"https:\/\/deltamed.cl\/tienda\/wp-json\/wp\/v2\/product_tag?post=55544"}],"curies":[{"name":"wp","href":"https:\/\/api.w.org\/{rel}","templated":true}]}}