{"id":5552,"date":"2023-05-23T11:47:06","date_gmt":"2023-05-23T14:47:06","guid":{"rendered":"https:\/\/deltamed.cl\/tienda\/?post_type=product&#038;p=5552"},"modified":"2026-02-27T13:30:46","modified_gmt":"2026-02-27T16:30:46","slug":"bateria-silla-de-ruedas-ritar-12v-x-40ah","status":"publish","type":"product","link":"https:\/\/deltamed.cl\/tienda\/producto\/bateria-silla-de-ruedas-ritar-12v-x-40ah\/","title":{"rendered":"Bateria silla de ruedas Ritar 12v X 40ah"},"content":{"rendered":"<p>Bateria silla de ruedas Ritar 12v X 40ah<\/p>\n<p>La serie RA es una bater\u00eda de uso general con Vida \u00fatil de dise\u00f1o de 12 a\u00f1os en servicio de flotaci\u00f3n.<\/p>\n<p>Se encuentra con los est\u00e1ndares IEC, JIS, BS, GB\/T y YD\/T.<\/p>\n<p>Con v\u00e1lvula AGM avanzada regulada tecnolog\u00eda y materia prima de alta pureza, la<\/p>\n<p>La bater\u00eda de la serie RA mantiene una alta consistencia para un mejor rendimiento y un modo de espera fiable vida de servicio.<\/p>\n<p>Es adecuado para UPS\/EPS, Telecomunicaciones, red el\u00e9ctrica, equipos m\u00e9dicos, luz de emergencia y sistema de seguridad aplicaciones.<\/p>\n<p>*****Debe cargar las bater\u00edas antes de usarlas.<\/p>\n<p>Caracter\u00edsticas:<\/p>\n<p>C\u00e9lulas por unidad 6<br \/>\nVoltaje por unidad 12<br \/>\nCapacidad Nominal 40Ah@10horas a 1.80V por celda @25C<br \/>\nPeso aproximado. 11,5 Kg (Tolerancia\u00b13,0%)m\u00e1x.<\/p>\n<p>Corriente de descarga 400A (5 seg)<br \/>\nResistencia interna Aprox. 10 m<br \/>\nBorne F4(M5)\/F11(M6)m\u00e1x.<\/p>\n<p>Corriente de carga 12,0 A<\/p>\n<p>Material del contenedor A.B.S. UL94-HB, UL94-V0 Opcional.<br \/>\nRango de temperatura de funcionamiento<\/p>\n<p>Descarga: -20C &#8211; 60C<br \/>\nCarga: 0C &#8211; 50C<br \/>\nAlmacenamiento: -20C &#8211; 60 C<br \/>\nRango de temperatura de funcionamiento normal 25C +- 5C<br \/>\nVoltaje de uso en espera 13,6 V- 13,8 V a 25 C<br \/>\nVoltaje de uso del ciclo<\/p>\n<p>Auto descarga<\/p>\n<p>Las bater\u00edas de \u00e1cido de plomo reguladas por v\u00e1lvula (VRLA) de RITAR pueden ser almacenado por hasta 6 meses a 25\u00b0C y luego recargar.<\/p>\n<p>La tasa de auto descarga mensual es menor del 3 % a 25 \u00b0C. Cargue las bater\u00edas antes de usarlas.<\/p>\n<div id=\"attachment_5554\" style=\"width: 310px\" class=\"wp-caption alignnone\"><img fetchpriority=\"high\" decoding=\"async\" aria-describedby=\"caption-attachment-5554\" class=\"size-medium wp-image-5554\" src=\"https:\/\/deltamed.cl\/tienda\/wp-content\/uploads\/2023\/05\/bateria-12-40-300x277.webp\" alt=\"Bateria silla de ruedas Ritar 12v X 40ah\" width=\"300\" height=\"277\" title=\"\" srcset=\"https:\/\/deltamed.cl\/tienda\/wp-content\/uploads\/2023\/05\/bateria-12-40-300x277.webp 300w, https:\/\/deltamed.cl\/tienda\/wp-content\/uploads\/2023\/05\/bateria-12-40.webp 500w\" sizes=\"(max-width: 300px) 100vw, 300px\" \/><p id=\"caption-attachment-5554\" class=\"wp-caption-text\">Bateria silla de ruedas Ritar 12v X 40ah<\/p><\/div>\n","protected":false},"excerpt":{"rendered":"<p>Bateria silla de ruedas Ritar 12v X 40ah<\/p>\n<p>La serie RA es una bater\u00eda de uso general con Vida \u00fatil de dise\u00f1o de 12 a\u00f1os en servicio de flotaci\u00f3n.<\/p>\n<p>Se encuentra con los est\u00e1ndares IEC, JIS, BS, GB\/T y YD\/T.<\/p>\n<p>Con v\u00e1lvula AGM avanzada regulada tecnolog\u00eda y materia prima de alta pureza, la<\/p>\n","protected":false},"featured_media":5554,"comment_status":"open","ping_status":"closed","template":"","meta":{"_acf_changed":false},"product_brand":[1105],"product_cat":[23,511],"product_tag":[],"class_list":{"0":"post-5552","1":"product","2":"type-product","3":"status-publish","4":"has-post-thumbnail","6":"product_brand-ritar","7":"product_cat-ayudas-tecnicas-de-bano","8":"product_cat-bateria","9":"product_shipping_class-mediano","11":"first","12":"outofstock","13":"sale","14":"shipping-taxable","15":"purchasable","16":"product-type-simple"},"acf":[],"_links":{"self":[{"href":"https:\/\/deltamed.cl\/tienda\/wp-json\/wp\/v2\/product\/5552","targetHints":{"allow":["GET"]}}],"collection":[{"href":"https:\/\/deltamed.cl\/tienda\/wp-json\/wp\/v2\/product"}],"about":[{"href":"https:\/\/deltamed.cl\/tienda\/wp-json\/wp\/v2\/types\/product"}],"replies":[{"embeddable":true,"href":"https:\/\/deltamed.cl\/tienda\/wp-json\/wp\/v2\/comments?post=5552"}],"version-history":[{"count":4,"href":"https:\/\/deltamed.cl\/tienda\/wp-json\/wp\/v2\/product\/5552\/revisions"}],"predecessor-version":[{"id":8710,"href":"https:\/\/deltamed.cl\/tienda\/wp-json\/wp\/v2\/product\/5552\/revisions\/8710"}],"wp:featuredmedia":[{"embeddable":true,"href":"https:\/\/deltamed.cl\/tienda\/wp-json\/wp\/v2\/media\/5554"}],"wp:attachment":[{"href":"https:\/\/deltamed.cl\/tienda\/wp-json\/wp\/v2\/media?parent=5552"}],"wp:term":[{"taxonomy":"product_brand","embeddable":true,"href":"https:\/\/deltamed.cl\/tienda\/wp-json\/wp\/v2\/product_brand?post=5552"},{"taxonomy":"product_cat","embeddable":true,"href":"https:\/\/deltamed.cl\/tienda\/wp-json\/wp\/v2\/product_cat?post=5552"},{"taxonomy":"product_tag","embeddable":true,"href":"https:\/\/deltamed.cl\/tienda\/wp-json\/wp\/v2\/product_tag?post=5552"}],"curies":[{"name":"wp","href":"https:\/\/api.w.org\/{rel}","templated":true}]}}