{"id":55408,"date":"2026-04-28T20:07:03","date_gmt":"2026-04-28T20:07:03","guid":{"rendered":"https:\/\/dev.deltamed.cl\/?post_type=product&#038;p=55408"},"modified":"2026-04-28T20:14:39","modified_gmt":"2026-04-28T20:14:39","slug":"win-toallas-humedas-adulto-x-45-unidades","status":"publish","type":"product","link":"https:\/\/deltamed.cl\/tienda\/tienda\/producto\/win-toallas-humedas-adulto-x-45-unidades\/","title":{"rendered":"Win toallas h\u00famedas adulto x 45 unidades"},"content":{"rendered":"<p>Win toallas h\u00famedas adulto x 45 unidades<\/p>\n<p>Est\u00e1 dise\u00f1ada para limpiar y humectar la piel.<\/p>\n<p>Con tela spunlace que permite la m\u00e1xima resistencia evitando que se rompan.<\/p>\n<p>Son hipoalerg\u00e9nicas, con aloe vera y no contienen alcohol.<\/p>\n<p>Cuidado Personal, Higiene y Protecci\u00f3n.<\/p>\n<p>Limpia y humecta la piel, no contiene alcohol, Hipoalerg\u00e9nico.<\/p>\n<p>Contiene: 45 Unidades<\/p>\n<h3>Beneficios<\/h3>\n<ul>\n<li>No resecan la piel gracias a su formulaci\u00f3n con Aloe Vera<\/li>\n<li>Limpian y desodorizan<\/li>\n<li>Mantienen su humedad al estar dentro del empaque<\/li>\n<li>Poseen una agradable fragancia<\/li>\n<li>Al no contener alcohol, no irritan la piel<\/li>\n<li>Por su contenido de aloe vera, refrescan la piel<\/li>\n<li>Son m\u00e1s resistentes que otro tipo de pa\u00f1itos<\/li>\n<li>Son muy convenientes para la vida diaria<\/li>\n<li>Vienen en un pr\u00e1ctico empaque.<\/li>\n<li>Representan un menor riesgo de contaminaci\u00f3n<\/li>\n<\/ul>\n<p>Luego de usar las toallitas necesarias, no olvides cerrar el empaque para mantener la humedad. Arroja las que usaste a un cesto de basura, m\u00e1s NO al inodoro.<\/p>\n<figure id=\"attachment_3641\" aria-describedby=\"caption-attachment-3641\" style=\"width: 300px\" class=\"wp-caption alignnone\"><img fetchpriority=\"high\" decoding=\"async\" class=\"size-medium wp-image-3641\" src=\"https:\/\/deltamed.cl\/tienda\/wp-content\/uploads\/2022\/04\/Win-Toalla-humeda-300x300.jpg\" alt=\"Win toallas h\u00famedas adulto x 45 unidades\" width=\"300\" height=\"300\" title=\"\"><figcaption id=\"caption-attachment-3641\" class=\"wp-caption-text\">Win toallas h\u00famedas adulto x 45 unidades<\/figcaption><\/figure>\n","protected":false},"excerpt":{"rendered":"<p>Win toallas h\u00famedas adulto x 45 unidades<\/p>\n<p>WIN TOALLA H\u00daMEDA Est\u00e1 dise\u00f1ada para limpiar y humectar la piel.<\/p>\n<p>Con tela spunlace que permite la m\u00e1xima resistencia evitando que se rompan.<\/p>\n<p>Son hipoalerg\u00e9nicas, con aloe vera y no contienen alcohol.<\/p>\n<p>Contiene: 45 Unidades<\/p>\n","protected":false},"featured_media":11335,"comment_status":"open","ping_status":"closed","template":"","meta":{"_acf_changed":false},"product_brand":[5574],"product_cat":[6461,6579,6509],"product_tag":[],"class_list":{"0":"post-55408","1":"product","2":"type-product","3":"status-publish","4":"has-post-thumbnail","6":"product_brand-win","7":"product_cat-cuidado-personal","8":"product_cat-humeda","9":"product_cat-toallas-sabanillas","10":"product_shipping_class-pequeno","12":"first","13":"outofstock","14":"taxable","15":"shipping-taxable","16":"purchasable","17":"product-type-simple"},"acf":[],"_links":{"self":[{"href":"https:\/\/deltamed.cl\/tienda\/wp-json\/wp\/v2\/product\/55408","targetHints":{"allow":["GET"]}}],"collection":[{"href":"https:\/\/deltamed.cl\/tienda\/wp-json\/wp\/v2\/product"}],"about":[{"href":"https:\/\/deltamed.cl\/tienda\/wp-json\/wp\/v2\/types\/product"}],"replies":[{"embeddable":true,"href":"https:\/\/deltamed.cl\/tienda\/wp-json\/wp\/v2\/comments?post=55408"}],"wp:featuredmedia":[{"embeddable":true,"href":"https:\/\/deltamed.cl\/tienda\/wp-json\/wp\/v2\/media\/11335"}],"wp:attachment":[{"href":"https:\/\/deltamed.cl\/tienda\/wp-json\/wp\/v2\/media?parent=55408"}],"wp:term":[{"taxonomy":"product_brand","embeddable":true,"href":"https:\/\/deltamed.cl\/tienda\/wp-json\/wp\/v2\/product_brand?post=55408"},{"taxonomy":"product_cat","embeddable":true,"href":"https:\/\/deltamed.cl\/tienda\/wp-json\/wp\/v2\/product_cat?post=55408"},{"taxonomy":"product_tag","embeddable":true,"href":"https:\/\/deltamed.cl\/tienda\/wp-json\/wp\/v2\/product_tag?post=55408"}],"curies":[{"name":"wp","href":"https:\/\/api.w.org\/{rel}","templated":true}]}}