{"id":55383,"date":"2026-04-28T20:07:01","date_gmt":"2026-04-28T20:07:01","guid":{"rendered":"https:\/\/dev.deltamed.cl\/?post_type=product&#038;p=55383"},"modified":"2026-05-06T14:48:27","modified_gmt":"2026-05-06T14:48:27","slug":"rodillera-para-meniscos-sport-blunding","status":"publish","type":"product","link":"https:\/\/deltamed.cl\/tienda\/tienda\/producto\/rodillera-para-meniscos-sport-blunding\/","title":{"rendered":"Rodillera para meniscos sport Blunding"},"content":{"rendered":"<p>Rodillera para meniscos sport Blunding<\/p>\n<p>La menisquera con orificio rotuliano Blunding, es un soporte de rodilla que provee compresi\u00f3n sobre la zona de los meniscos, entregando estabilidad y un alivio del dolor en lesiones de meniscos.<\/p>\n<p>Confeccionada en neopreno respirable y ajustable con cierre de velcro, gracias a las perforaciones regula la temperatura y es ideal para la pr\u00e1ctica deportiva.<\/p>\n<p>Indicaci\u00f3n: En s\u00edndrome rotuliano, subluxaciones y secuelas de luxaciones. En dolor asociado con pr\u00e1cticas deportivas y para aliviar dolores menores. Lesiones de meniscos.<\/p>\n<p>*Blunding recomienda utilizar este producto bajo prescripci\u00f3n m\u00e9dica.<\/p>\n<p>TALLA UNIVERSAL<\/p>\n<p>Contorno de rodilla 31 &#8211; 42 cm.<\/p>\n<p>CERTIFICACI\u00d3N Y REGISTROS:<\/p>\n<p>Certificaci\u00f3n de Norma ISO-9001:2015 Secci\u00f3n 8.2.3 N\u00ba CL13\/20100668<\/p>\n<p>Registro del Instituto Nacional de Salud P\u00fablica N\u00ba EDM 198\/14<\/p>\n<p>MI060N0UG<\/p>\n","protected":false},"excerpt":{"rendered":"<p>Rodillera para meniscos sport Blunding<\/p>\n<p>La menisquera con orificio rotuliano Blunding, es un soporte de rodilla que provee compresi\u00f3n sobre la zona de los meniscos, entregando estabilidad y un alivio del dolor en lesiones de meniscos.<\/p>\n<p>Confeccionada en neopreno respirable y ajustable con cierre de velcro, gracias a las perforaciones regula la temperatura y es ideal para la pr\u00e1ctica deportiva.<\/p>\n","protected":false},"featured_media":11288,"comment_status":"open","ping_status":"closed","template":"","meta":{"_acf_changed":false},"product_brand":[5485],"product_cat":[6433,6522],"product_tag":[6687,6686,5733,6049,6688,6689],"class_list":{"0":"post-55383","1":"product","2":"type-product","3":"status-publish","4":"has-post-thumbnail","6":"product_brand-blunding","7":"product_cat-ortopedia","8":"product_cat-rodilla","9":"product_tag-artritis","10":"product_tag-artrosis","11":"product_tag-esguince","12":"product_tag-kinesiologia","13":"product_tag-lesiones","14":"product_tag-ortesis","15":"product_shipping_class-pequeno","17":"first","18":"outofstock","19":"taxable","20":"shipping-taxable","21":"purchasable","22":"product-type-simple"},"acf":[],"_links":{"self":[{"href":"https:\/\/deltamed.cl\/tienda\/wp-json\/wp\/v2\/product\/55383","targetHints":{"allow":["GET"]}}],"collection":[{"href":"https:\/\/deltamed.cl\/tienda\/wp-json\/wp\/v2\/product"}],"about":[{"href":"https:\/\/deltamed.cl\/tienda\/wp-json\/wp\/v2\/types\/product"}],"replies":[{"embeddable":true,"href":"https:\/\/deltamed.cl\/tienda\/wp-json\/wp\/v2\/comments?post=55383"}],"wp:featuredmedia":[{"embeddable":true,"href":"https:\/\/deltamed.cl\/tienda\/wp-json\/wp\/v2\/media\/11288"}],"wp:attachment":[{"href":"https:\/\/deltamed.cl\/tienda\/wp-json\/wp\/v2\/media?parent=55383"}],"wp:term":[{"taxonomy":"product_brand","embeddable":true,"href":"https:\/\/deltamed.cl\/tienda\/wp-json\/wp\/v2\/product_brand?post=55383"},{"taxonomy":"product_cat","embeddable":true,"href":"https:\/\/deltamed.cl\/tienda\/wp-json\/wp\/v2\/product_cat?post=55383"},{"taxonomy":"product_tag","embeddable":true,"href":"https:\/\/deltamed.cl\/tienda\/wp-json\/wp\/v2\/product_tag?post=55383"}],"curies":[{"name":"wp","href":"https:\/\/api.w.org\/{rel}","templated":true}]}}