{"id":55378,"date":"2026-04-28T20:06:56","date_gmt":"2026-04-28T20:06:56","guid":{"rendered":"https:\/\/dev.deltamed.cl\/?post_type=product&#038;p=55378"},"modified":"2026-05-12T15:42:44","modified_gmt":"2026-05-12T15:42:44","slug":"otoscopio-bokang-negro","status":"publish","type":"product","link":"https:\/\/deltamed.cl\/tienda\/producto\/otoscopio-bokang-negro\/","title":{"rendered":"Otoscopio Bokang Negro"},"content":{"rendered":"<p>Otoscopio Bokang Negro<\/p>\n<p>Otoscopio de bolsillo de acero inoxidable delgado con luz blanca y clip de bolsillo.<\/p>\n<p>Los otoscopios son herramientas medicas utilizadas para examinar el canal auditivo y el t\u00edmpano. Son dispositivos que consisten en una fuente de luz y una lente que permite a los profesionales de la salud, como m\u00e9dicos y otorrinos, visualizar el interior del o\u00eddo con detalle. Los otoscopios son especialmente \u00fatiles para diagnosticar problemas en el o\u00eddo, como infecciones del o\u00eddo medio, acumulaci\u00f3n de cerumen, perforaciones en el t\u00edmpano y otras afecciones relacionadas con el o\u00eddo.<\/p>\n<p>&nbsp;<\/p>\n<p>&nbsp;<\/p>\n","protected":false},"excerpt":{"rendered":"<p>Otoscopio Bokang Negro<\/p>\n<p>Otoscopio de bolsillo de acero inoxidable delgado con luz blanca y clip de bolsillo.<\/p>\n<p>Los otoscopios son herramientas medicas utilizadas para examinar el canal auditivo y el t\u00edmpano.<\/p>\n","protected":false},"featured_media":11282,"comment_status":"open","ping_status":"closed","template":"","meta":{"_acf_changed":false},"product_brand":[5441],"product_cat":[6384,6391],"product_tag":[6046,6679,6047,6678,5345],"class_list":{"0":"post-55378","1":"product","2":"type-product","3":"status-publish","4":"has-post-thumbnail","6":"product_brand-bokang","7":"product_cat-medicion-y-diagnostico","8":"product_cat-otoscopio","9":"product_tag-enfermeria","10":"product_tag-kinesiologo","11":"product_tag-medicina","12":"product_tag-regalo","13":"product_tag-tens","14":"product_shipping_class-extra-pequeno","16":"first","17":"instock","18":"featured","19":"taxable","20":"shipping-taxable","21":"purchasable","22":"product-type-simple"},"acf":[],"_links":{"self":[{"href":"https:\/\/deltamed.cl\/tienda\/wp-json\/wp\/v2\/product\/55378","targetHints":{"allow":["GET"]}}],"collection":[{"href":"https:\/\/deltamed.cl\/tienda\/wp-json\/wp\/v2\/product"}],"about":[{"href":"https:\/\/deltamed.cl\/tienda\/wp-json\/wp\/v2\/types\/product"}],"replies":[{"embeddable":true,"href":"https:\/\/deltamed.cl\/tienda\/wp-json\/wp\/v2\/comments?post=55378"}],"wp:featuredmedia":[{"embeddable":true,"href":"https:\/\/deltamed.cl\/tienda\/wp-json\/wp\/v2\/media\/11282"}],"wp:attachment":[{"href":"https:\/\/deltamed.cl\/tienda\/wp-json\/wp\/v2\/media?parent=55378"}],"wp:term":[{"taxonomy":"product_brand","embeddable":true,"href":"https:\/\/deltamed.cl\/tienda\/wp-json\/wp\/v2\/product_brand?post=55378"},{"taxonomy":"product_cat","embeddable":true,"href":"https:\/\/deltamed.cl\/tienda\/wp-json\/wp\/v2\/product_cat?post=55378"},{"taxonomy":"product_tag","embeddable":true,"href":"https:\/\/deltamed.cl\/tienda\/wp-json\/wp\/v2\/product_tag?post=55378"}],"curies":[{"name":"wp","href":"https:\/\/api.w.org\/{rel}","templated":true}]}}