{"id":55327,"date":"2026-04-28T20:06:47","date_gmt":"2026-04-28T20:06:47","guid":{"rendered":"https:\/\/dev.deltamed.cl\/?post_type=product&#038;p=55327"},"modified":"2026-05-04T18:29:38","modified_gmt":"2026-05-04T18:29:38","slug":"tegaderm-mas-pad-con-gasa-6-x-10-3m","status":"publish","type":"product","link":"https:\/\/deltamed.cl\/tienda\/tienda\/producto\/tegaderm-mas-pad-con-gasa-6-x-10-3m\/","title":{"rendered":"Tegaderm m\u00e1s pad con gasa 6 x 10 3M"},"content":{"rendered":"<p>Tegaderm m\u00e1s pad con gasa 6 x 10 3M<\/p>\n<p>Ap\u00f3sito est\u00e9ril transparente con almohadilla absorbente no adherente que ayuda a controlar el exudado leve. Es suave con la piel y permite que el paciente se pueda ba\u00f1ar con \u00e9l.<\/p>\n<p>Medidas: 6cm x 10 cm<\/p>\n<p>Se vende por unidad<\/p>\n<p><b>Caracter\u00edsticas<\/b><strong>\u00a0:<\/p>\n<p><\/strong><\/p>\n<p>Ap\u00f3sito mixto. Consiste en un ap\u00f3sito transparente semipermeable con adhesivo hipoalerg\u00e9nico y material impermeable a los l\u00edquidos que permite el intercambio gaseoso natural de la piel; y una almohadilla central absorbente y no adherente.<\/p>\n<p>La capa de contacto absorbente y no adherente de la almohadilla minimiza el dolor y la alteraci\u00f3n del tejido de cicatrizaci\u00f3n al momento de la remoci\u00f3n del ap\u00f3sito.<\/p>\n<p>La almohadilla brinda una excelente absorci\u00f3n comparada con los ap\u00f3sitos de gasa de algod\u00f3n est\u00e1ndar. Recomendado para heridas postquir\u00fargicas o superficies con exudado leve, quemaduras superficiales o abrasiones<\/p>\n<p><strong>Ventajas y Beneficios :<\/p>\n<p><\/strong><\/p>\n<p>Ap\u00f3sito con marco de descarga, lo que se traduce en una f\u00e1cil y r\u00e1pida aplicaci\u00f3n. Amplia gama de tama\u00f1os para adecuarse a todas las necesidades de uso. Permite al paciente el aseo personal con agua.<\/p>\n<p>Protege sitios de heridas post quir\u00fargicas. Retiene los fluidos naturales de la herida en el lecho de esta, lo que facilita la cicatrizaci\u00f3n. La almohadilla absorbe el exceso de exudado, mientras la pel\u00edcula previene que la herida se deshidrate.<\/p>\n<p>Ayuda a prevenir la contaminaci\u00f3n de la herida. Minimiza el cambio de ap\u00f3sitos al permitir la inspecci\u00f3n visual del almohadillado. Importante: 3M recomienda no utilizar este ap\u00f3sito en heridas infectadas.<\/p>\n<p><strong>Uso indicado en :<\/strong><\/p>\n<p>&#8211; Heridas postquir\u00fargicas.<\/p>\n<p>&#8211; Heridas con leve exudado.<\/p>\n<p>&#8211; Heridas agudas como cortes, quemaduras, abrasiones y laceraciones.<\/p>\n<p>&#8211; Asegurar o cubrir dispositivos m\u00e9dicos.<\/p>\n<p>&#8211; Cateterismo IV exudativo.<\/p>\n","protected":false},"excerpt":{"rendered":"<p>Tegaderm m\u00e1s pad con gasa 6 x 10 3M<\/p>\n<p>Ap\u00f3sito est\u00e9ril transparente con almohadilla absorbente no adherente que ayuda a controlar el exudado leve. Es suave con la piel y permite que el paciente se pueda ba\u00f1ar con \u00e9l.<\/p>\n<p>Medidas: 6cm x 10 cm<\/p>\n<p>Se vende por unidad<\/p>\n<p>Caracter\u00edsticas: Ap\u00f3sito mixto. Consiste en un ap\u00f3sito transparente semipermeable con adhesivo hipoalerg\u00e9nico y material impermeable a los l\u00edquidos que permite el intercambio gaseoso natural de la piel; y una almohadilla central absorbente y no adherente.<\/p>\n<p>La capa de contacto absorbente y no adherente de la almohadilla minimiza el dolor y la alteraci\u00f3n del tejido de cicatrizaci\u00f3n al momento de la remoci\u00f3n del ap\u00f3sito.<\/p>\n<p>La almohadilla brinda una excelente absorci\u00f3n comparada con los ap\u00f3sitos de gasa de algod\u00f3n est\u00e1ndar. Recomendado para heridas postquir\u00fargicas o superficies con exudado leve, quemaduras superficiales o abrasiones<\/p>\n","protected":false},"featured_media":11201,"comment_status":"open","ping_status":"closed","template":"","meta":{"_acf_changed":false},"product_brand":[5426],"product_cat":[6409,6491,6408],"product_tag":[5391,5405,6683,6682,6681],"class_list":{"0":"post-55327","1":"product","2":"type-product","3":"status-publish","4":"has-post-thumbnail","6":"product_brand-3m","7":"product_cat-apositos","8":"product_cat-tegaderm","9":"product_cat-tratamiento-de-heridas","10":"product_tag-curaciones","11":"product_tag-heridas","12":"product_tag-infeccion","13":"product_tag-limpieza-de-heridas","14":"product_tag-quemaduras","15":"product_shipping_class-pequeno","17":"first","18":"instock","19":"taxable","20":"shipping-taxable","21":"purchasable","22":"product-type-simple"},"acf":[],"_links":{"self":[{"href":"https:\/\/deltamed.cl\/tienda\/wp-json\/wp\/v2\/product\/55327","targetHints":{"allow":["GET"]}}],"collection":[{"href":"https:\/\/deltamed.cl\/tienda\/wp-json\/wp\/v2\/product"}],"about":[{"href":"https:\/\/deltamed.cl\/tienda\/wp-json\/wp\/v2\/types\/product"}],"replies":[{"embeddable":true,"href":"https:\/\/deltamed.cl\/tienda\/wp-json\/wp\/v2\/comments?post=55327"}],"wp:featuredmedia":[{"embeddable":true,"href":"https:\/\/deltamed.cl\/tienda\/wp-json\/wp\/v2\/media\/11201"}],"wp:attachment":[{"href":"https:\/\/deltamed.cl\/tienda\/wp-json\/wp\/v2\/media?parent=55327"}],"wp:term":[{"taxonomy":"product_brand","embeddable":true,"href":"https:\/\/deltamed.cl\/tienda\/wp-json\/wp\/v2\/product_brand?post=55327"},{"taxonomy":"product_cat","embeddable":true,"href":"https:\/\/deltamed.cl\/tienda\/wp-json\/wp\/v2\/product_cat?post=55327"},{"taxonomy":"product_tag","embeddable":true,"href":"https:\/\/deltamed.cl\/tienda\/wp-json\/wp\/v2\/product_tag?post=55327"}],"curies":[{"name":"wp","href":"https:\/\/api.w.org\/{rel}","templated":true}]}}