{"id":55235,"date":"2026-04-28T20:06:11","date_gmt":"2026-04-28T20:06:11","guid":{"rendered":"https:\/\/dev.deltamed.cl\/?post_type=product&#038;p=55235"},"modified":"2026-05-06T15:09:23","modified_gmt":"2026-05-06T15:09:23","slug":"tela-adhesiva-micropore-color-piel-3m","status":"publish","type":"product","link":"https:\/\/deltamed.cl\/tienda\/tienda\/producto\/tela-adhesiva-micropore-color-piel-3m\/","title":{"rendered":"Tela adhesiva micropore color piel 3M"},"content":{"rendered":"<p>Tela adhesiva micropore color piel 3M unidad<\/p>\n<p>Cinta microporosa de papel, suave con la piel e hipoalerg\u00e9nica. Indicada para la fijaci\u00f3n de ap\u00f3sitos y dispositivos de uso m\u00e9dico en pieles sensibles, delicadas y fr\u00e1giles o cuando se requiera aplicar un vendaje a repetici\u00f3n en la misma zona.<\/p>\n<p>Su soporte exterior permite que la piel elimine la humedad y permanezca por per\u00edodos largos de tiempo.<\/p>\n<p>Es una cinta suave y amable con la piel, por lo que se recomienda su uso en pacientes pedi\u00e1tricos y de tercera edad.<\/p>\n<p>Micropore\u2122\u00ae 3M\u00aeaumenta su adhesividad al interactuar con la humedad de la piel del paciente al pasar el tiempo.<\/p>\n<p>Es una cinta libre de l\u00e1tex.<\/p>\n<p>Aplicaciones sugeridas: fijaci\u00f3n de ap\u00f3sitos peque\u00f1os o medianos, especialmente sobre piel h\u00fameda.<\/p>\n<p>Para asegurar tubos livianos<\/p>\n<p>Disponible en las siguientes medidas:<\/p>\n<p>1.25cm X 9,1mts<\/p>\n<p>2.5cm X 9,1mts<\/p>\n<p>5cm X 9,1mts<\/p>\n<p>Valor unitario<\/p>\n","protected":false},"excerpt":{"rendered":"<p>Tela adhesiva micropore color piel 3M unidad<\/p>\n<p>Tela adhesiva microporosa color piel,<\/p>\n<p>Suave e hipoalerg\u00e9nica, libre de l\u00e1tex.<\/p>\n<p>Ideal para fijar ap\u00f3sitos en pieles sensibles.<\/p>\n<p>Permite eliminar la humedad de la piel y puede permanecer durante per\u00edodos largos.<\/p>\n<p>Disponible en 3 medidas.<\/p>\n","protected":false},"featured_media":11058,"comment_status":"open","ping_status":"closed","template":"","meta":{"_acf_changed":false},"product_brand":[5426],"product_cat":[6523,6540,6408],"product_tag":[5391,5405,6683,6682,6681],"class_list":{"0":"post-55235","1":"product","2":"type-product","3":"status-publish","4":"has-post-thumbnail","6":"product_brand-3m","7":"product_cat-cintas-y-telas","8":"product_cat-micropore","9":"product_cat-tratamiento-de-heridas","10":"product_tag-curaciones","11":"product_tag-heridas","12":"product_tag-infeccion","13":"product_tag-limpieza-de-heridas","14":"product_tag-quemaduras","15":"product_shipping_class-extra-pequeno","17":"first","18":"instock","19":"taxable","20":"shipping-taxable","21":"purchasable","22":"product-type-variable"},"acf":[],"_links":{"self":[{"href":"https:\/\/deltamed.cl\/tienda\/wp-json\/wp\/v2\/product\/55235","targetHints":{"allow":["GET"]}}],"collection":[{"href":"https:\/\/deltamed.cl\/tienda\/wp-json\/wp\/v2\/product"}],"about":[{"href":"https:\/\/deltamed.cl\/tienda\/wp-json\/wp\/v2\/types\/product"}],"replies":[{"embeddable":true,"href":"https:\/\/deltamed.cl\/tienda\/wp-json\/wp\/v2\/comments?post=55235"}],"wp:featuredmedia":[{"embeddable":true,"href":"https:\/\/deltamed.cl\/tienda\/wp-json\/wp\/v2\/media\/11058"}],"wp:attachment":[{"href":"https:\/\/deltamed.cl\/tienda\/wp-json\/wp\/v2\/media?parent=55235"}],"wp:term":[{"taxonomy":"product_brand","embeddable":true,"href":"https:\/\/deltamed.cl\/tienda\/wp-json\/wp\/v2\/product_brand?post=55235"},{"taxonomy":"product_cat","embeddable":true,"href":"https:\/\/deltamed.cl\/tienda\/wp-json\/wp\/v2\/product_cat?post=55235"},{"taxonomy":"product_tag","embeddable":true,"href":"https:\/\/deltamed.cl\/tienda\/wp-json\/wp\/v2\/product_tag?post=55235"}],"curies":[{"name":"wp","href":"https:\/\/api.w.org\/{rel}","templated":true}]}}