{"id":55216,"date":"2026-04-28T20:06:10","date_gmt":"2026-04-28T20:06:10","guid":{"rendered":"https:\/\/dev.deltamed.cl\/?post_type=product&#038;p=55216"},"modified":"2026-04-28T20:09:50","modified_gmt":"2026-04-28T20:09:50","slug":"seca-803-balanza-electronica","status":"publish","type":"product","link":"https:\/\/deltamed.cl\/tienda\/tienda\/producto\/seca-803-balanza-electronica\/","title":{"rendered":"Seca 803 Balanza Electr\u00f3nica"},"content":{"rendered":"<p>Seca 803 Balanza Electr\u00f3nica<\/p>\n<p>B\u00e1scula, balanza electr\u00f3nica con formas claras para valores inequ\u00edvocos, marca SECA, modelo 803.<\/p>\n<p>\u2022 B\u00e1scula electr\u00f3nica con recubrimiento de caucho bicomponente de alta calidad.<\/p>\n<p>\u2022 El modelo b\u00e1sico de seca transmite sus cualidades a primera vista: con una forma cl\u00e1sica y clara y un recubrimiento de alta calidad que proporciona una sensaci\u00f3n muy agradable durante el pesaje. Tan agradable como la f\u00e1cil lectura que ofrece su pantalla de extraordinarias dimensiones.<\/p>\n<p>\u2022 Datos t\u00e9cnicos:<\/p>\n<p>-Capacidad: 150 kg, 330 lbs<\/p>\n<p>-Divisi\u00f3n (g):100 g<\/p>\n<p>-Alimentaci\u00f3n: Bater\u00eda<\/p>\n<p>-Dimensiones ( AxAxP): 316 x 37 x 326 mm<\/p>\n<p>-Peso neto: 1,5 kg<\/p>\n<p>-Funciones: desconexi\u00f3n autom\u00e1tica, Tip on (funci\u00f3n de conexi\u00f3n autom\u00e1tica al tacto), conmutaci\u00f3n kg\/lbs\/sts, Medici\u00f3n m\u00f3vil, Auto-HOLD<\/p>\n<p>-CE: CE<\/p>\n<p>\u2022 Uso Cl\u00ednico \u2013 Hospitalario \u2013 Profesional \u2013 Particular y Estudiantes de Salud.<\/p>\n<p>\u2022 Producto certificado.<\/p>\n<p>\u2022 Hecho en Alemania.<\/p>\n","protected":false},"excerpt":{"rendered":"<p>Seca 803 Balanza Electr\u00f3nica<\/p>\n<p>B\u00e1scula, balanza electr\u00f3nica con formas claras para valores inequ\u00edvocos, marca SECA, modelo 803.<\/p>\n<p>\u2022 B\u00e1scula electr\u00f3nica con recubrimiento de caucho bicomponente de alta calidad.<\/p>\n<p>\u2022 El modelo b\u00e1sico de seca transmite sus cualidades a primera vista: con una forma cl\u00e1sica y clara y un recubrimiento de alta calidad que proporciona una sensaci\u00f3n muy agradable durante el pesaje. Tan agradable como la f\u00e1cil lectura que ofrece su pantalla de extraordinarias dimensiones.<\/p>\n","protected":false},"featured_media":11021,"comment_status":"open","ping_status":"closed","template":"","meta":{"_acf_changed":false},"product_brand":[5716],"product_cat":[6534,6384],"product_tag":[6046,6679,6047,6678,5345],"class_list":{"0":"post-55216","1":"product","2":"type-product","3":"status-publish","4":"has-post-thumbnail","6":"product_brand-seca","7":"product_cat-balanza","8":"product_cat-medicion-y-diagnostico","9":"product_tag-enfermeria","10":"product_tag-kinesiologo","11":"product_tag-medicina","12":"product_tag-regalo","13":"product_tag-tens","14":"product_shipping_class-pequeno","16":"first","17":"outofstock","18":"taxable","19":"shipping-taxable","20":"purchasable","21":"product-type-simple"},"acf":[],"_links":{"self":[{"href":"https:\/\/deltamed.cl\/tienda\/wp-json\/wp\/v2\/product\/55216","targetHints":{"allow":["GET"]}}],"collection":[{"href":"https:\/\/deltamed.cl\/tienda\/wp-json\/wp\/v2\/product"}],"about":[{"href":"https:\/\/deltamed.cl\/tienda\/wp-json\/wp\/v2\/types\/product"}],"replies":[{"embeddable":true,"href":"https:\/\/deltamed.cl\/tienda\/wp-json\/wp\/v2\/comments?post=55216"}],"wp:featuredmedia":[{"embeddable":true,"href":"https:\/\/deltamed.cl\/tienda\/wp-json\/wp\/v2\/media\/11021"}],"wp:attachment":[{"href":"https:\/\/deltamed.cl\/tienda\/wp-json\/wp\/v2\/media?parent=55216"}],"wp:term":[{"taxonomy":"product_brand","embeddable":true,"href":"https:\/\/deltamed.cl\/tienda\/wp-json\/wp\/v2\/product_brand?post=55216"},{"taxonomy":"product_cat","embeddable":true,"href":"https:\/\/deltamed.cl\/tienda\/wp-json\/wp\/v2\/product_cat?post=55216"},{"taxonomy":"product_tag","embeddable":true,"href":"https:\/\/deltamed.cl\/tienda\/wp-json\/wp\/v2\/product_tag?post=55216"}],"curies":[{"name":"wp","href":"https:\/\/api.w.org\/{rel}","templated":true}]}}