{"id":55203,"date":"2026-04-28T20:06:09","date_gmt":"2026-04-28T20:06:09","guid":{"rendered":"https:\/\/dev.deltamed.cl\/?post_type=product&#038;p=55203"},"modified":"2026-05-04T21:43:49","modified_gmt":"2026-05-04T21:43:49","slug":"tela-adhesiva-papel-microporosa-cranberry","status":"publish","type":"product","link":"https:\/\/deltamed.cl\/tienda\/tienda\/producto\/tela-adhesiva-papel-microporosa-cranberry\/","title":{"rendered":"Tela adhesiva papel microporosa Cranberry"},"content":{"rendered":"<div>Tela adhesiva papel microporosa Cranberry<\/div>\n<div><strong>Valor por caja<\/strong><\/div>\n<div><\/div>\n<div>Marca: Cranberry<\/div>\n<div>Material:\u00a0Polietileno de baja densidad (LDPE).<\/div>\n<div>Color: Blanco<\/div>\n<div><\/div>\n<div>ESPECIFICACIONES T\u00c9CNICAS<\/div>\n<div>Funci\u00f3n: La tela adhesiva es un insumo desechable compuesto por un papel microporoso. Su funci\u00f3n consiste en fijar a otros insumos m\u00e9dicos sobre la piel del usuario, por ejemplo: fijar un ap\u00f3sito a la piel o la bajada de un equipo macrogota a un brazo.<\/div>\n<div><\/div>\n<div>Libre de l\u00e1tex: Si<\/div>\n<div>Est\u00e9ril: No<\/div>\n<div><\/div>\n<div>Vigencia:\u00a05 a\u00f1os a partir de la fecha de fabricaci\u00f3n indicada en el empaque.<\/div>\n<div>\n<p>Almacenamiento: En lugar fresco y seco. Temperatura 5 a 30\u00b0C<\/p>\n<\/div>\n<div>CARACTER\u00cdSTICAS DEL PRODUCTO<\/div>\n<div>Suave: Si<\/div>\n<div>Hipoalerg\u00e9nico: Si<\/div>\n<div>Resistente: Si<\/div>\n<div>Respirable: Si<\/div>\n<div>Adaptable: Si<\/div>\n<div>Impermeable: No<\/div>\n<div><\/div>\n<div>&#8211; La tela adhesiva es un pl\u00e1stico termoconformado.<\/div>\n<div>&#8211; Es suave, c\u00f3moda e hipoalerg\u00e9nica, ideal para pieles sensibles.<\/div>\n<div>&#8211; Su microporosidad permite que la piel respire, se remueve sin dolor, no deja residuos adhiri\u00e9ndose perfectamente a la superficie.<\/div>\n<div>&#8211; La tela adhesiva de papel Cranberry viene en un pr\u00e1ctico dispensador para cortar f\u00e1cilmente.<\/div>\n<div>\n<p>&#8211; Su textura permite el uso de marcadores o l\u00e1piz sobre su cara no adhesiva.<\/p>\n<p>CERTIFICACION<\/p>\n<p>&#8211; ISO 9001 &#8211; 2008.<\/p>\n<p>&#8211; ISO 13485 &#8211; 2012.<\/p>\n<p>&#8211; EC certificate production quality assurance system 93\/42\/EEC.<\/p>\n<\/div>\n","protected":false},"excerpt":{"rendered":"<p>Tela adhesiva papel microporosa Cranberry<\/p>\n<p><strong>Valor por caja<\/strong><\/p>\n<div>Marca: Cranberry<\/div>\n<div>Material:\u00a0Polietileno de baja densidad (LDPE).<\/div>\n<div>Color: Blanco<\/div>\n<div><\/div>\n<div>La tela adhesiva es un insumo desechable compuesto por un papel microporoso.<\/div>\n<div>Su funci\u00f3n consiste en fijar a otros insumos m\u00e9dicos sobre la piel del usuario, por ejemplo: fijar un ap\u00f3sito a la piel o la bajada de un equipo macrogota a un brazo.<\/div>\n<div><\/div>\n<div>Libre de l\u00e1tex: Si<\/div>\n<div>Est\u00e9ril: No<\/div>\n","protected":false},"featured_media":10993,"comment_status":"open","ping_status":"closed","template":"","meta":{"_acf_changed":false},"product_brand":[5351],"product_cat":[6523,6529,6408],"product_tag":[5391,5405,6683,6682,6681],"class_list":{"0":"post-55203","1":"product","2":"type-product","3":"status-publish","4":"has-post-thumbnail","6":"product_brand-cranberry","7":"product_cat-cintas-y-telas","8":"product_cat-microporosa","9":"product_cat-tratamiento-de-heridas","10":"product_tag-curaciones","11":"product_tag-heridas","12":"product_tag-infeccion","13":"product_tag-limpieza-de-heridas","14":"product_tag-quemaduras","15":"product_shipping_class-extra-pequeno","17":"first","18":"instock","19":"taxable","20":"shipping-taxable","21":"purchasable","22":"product-type-variable"},"acf":[],"_links":{"self":[{"href":"https:\/\/deltamed.cl\/tienda\/wp-json\/wp\/v2\/product\/55203","targetHints":{"allow":["GET"]}}],"collection":[{"href":"https:\/\/deltamed.cl\/tienda\/wp-json\/wp\/v2\/product"}],"about":[{"href":"https:\/\/deltamed.cl\/tienda\/wp-json\/wp\/v2\/types\/product"}],"replies":[{"embeddable":true,"href":"https:\/\/deltamed.cl\/tienda\/wp-json\/wp\/v2\/comments?post=55203"}],"wp:featuredmedia":[{"embeddable":true,"href":"https:\/\/deltamed.cl\/tienda\/wp-json\/wp\/v2\/media\/10993"}],"wp:attachment":[{"href":"https:\/\/deltamed.cl\/tienda\/wp-json\/wp\/v2\/media?parent=55203"}],"wp:term":[{"taxonomy":"product_brand","embeddable":true,"href":"https:\/\/deltamed.cl\/tienda\/wp-json\/wp\/v2\/product_brand?post=55203"},{"taxonomy":"product_cat","embeddable":true,"href":"https:\/\/deltamed.cl\/tienda\/wp-json\/wp\/v2\/product_cat?post=55203"},{"taxonomy":"product_tag","embeddable":true,"href":"https:\/\/deltamed.cl\/tienda\/wp-json\/wp\/v2\/product_tag?post=55203"}],"curies":[{"name":"wp","href":"https:\/\/api.w.org\/{rel}","templated":true}]}}