{"id":55167,"date":"2026-04-28T20:05:56","date_gmt":"2026-04-28T20:05:56","guid":{"rendered":"https:\/\/dev.deltamed.cl\/?post_type=product&#038;p=55167"},"modified":"2026-04-28T20:07:51","modified_gmt":"2026-04-28T20:07:51","slug":"rodillera-con-barra-lateral-abierta","status":"publish","type":"product","link":"https:\/\/deltamed.cl\/tienda\/tienda\/producto\/rodillera-con-barra-lateral-abierta\/","title":{"rendered":"Rodillera con barra lateral abierta"},"content":{"rendered":"<p>Rodillera con barra lateral abierta<\/p>\n<p>Brinda apoyo a las rodillas r\u00edgidas, d\u00e9biles o heridas. Desgaste durante actividades que causan incomodidad. Dise\u00f1ada con orificio rotuliano y\u00a0 fabricada con neopreno respirable ademas de barras laterales de aluminio con bloqueo en 180\u00b0.<\/p>\n<p>Producto nacional<\/p>\n<p>Talla: S &#8211; M &#8211;\u00a0 L &#8211; XL<\/p>\n<p>Caracter\u00edsticas:<\/p>\n<ul>\n<li>Tirantes ajustables para un ajuste personalizado, leng\u00fcetas de gancho reflectantes para una mejor visibilidad<\/li>\n<li>Los estabilizadores duales ayudan a proporcionar soporte medial y lateral<\/li>\n<li>Dise\u00f1o de r\u00f3tula abierta para soporte<\/li>\n<li>Ventilaci\u00f3n lateral para la transpirabilidad y reducci\u00f3n del agrupamiento detr\u00e1s de la rodilla<\/li>\n<li>Material duradero de neopreno para un soporte fuerte, calidez y comodidad relajantes<\/li>\n<li>El estilo de envoltura es f\u00e1cil de poner y quitar<\/li>\n<li>Usar en la rodilla derecha o izquierda<\/li>\n<\/ul>\n<p><strong>\u00a0Recomendado para:<\/strong><\/p>\n<ul>\n<li>Prevenci\u00f3n y protecci\u00f3n de la rodilla durante actividades deportivas<\/li>\n<li>Tratamiento conservador de esguinces leves y moderados de rodilla<\/li>\n<li>Rehabilitaci\u00f3n de lesiones de rodilla<\/li>\n<\/ul>\n<figure id=\"attachment_1316\" aria-describedby=\"caption-attachment-1316\" style=\"width: 245px\" class=\"wp-caption alignnone\"><img fetchpriority=\"high\" decoding=\"async\" class=\"size-medium wp-image-1316\" src=\"https:\/\/deltamed.cl\/tienda\/wp-content\/uploads\/2021\/04\/RODILLERA-2-245x300.jpg\" alt=\"Rodillera con barra lateral abierta\" width=\"245\" height=\"300\" \/><figcaption id=\"caption-attachment-1316\" class=\"wp-caption-text\">Rodillera con barra lateral abierta<\/figcaption><\/figure>\n","protected":false},"excerpt":{"rendered":"<p>Rodillera con barra lateral abierta<\/p>\n<p>Brinda apoyo a las rodillas r\u00edgidas, d\u00e9biles o heridas. Desgaste durante actividades que causan incomodidad. Dise\u00f1ada con orificio rotuliano y\u00a0 fabricada con neopreno respirable ademas de barras laterales de aluminio con bloqueo en 180\u00b0.<\/p>\n<p>Producto nacional<\/p>\n<p>Talla: S &#8211; M &#8211;\u00a0 L &#8211; XL<\/p>\n","protected":false},"featured_media":10941,"comment_status":"open","ping_status":"closed","template":"","meta":{"_acf_changed":false},"product_brand":[5563],"product_cat":[6433,6522],"product_tag":[5686],"class_list":{"0":"post-55167","1":"product","2":"type-product","3":"status-publish","4":"has-post-thumbnail","6":"product_brand-generico","7":"product_cat-ortopedia","8":"product_cat-rodilla","9":"product_tag-rodillera","10":"product_shipping_class-pequeno","12":"first","13":"instock","14":"taxable","15":"shipping-taxable","16":"purchasable","17":"product-type-variable"},"acf":[],"_links":{"self":[{"href":"https:\/\/deltamed.cl\/tienda\/wp-json\/wp\/v2\/product\/55167","targetHints":{"allow":["GET"]}}],"collection":[{"href":"https:\/\/deltamed.cl\/tienda\/wp-json\/wp\/v2\/product"}],"about":[{"href":"https:\/\/deltamed.cl\/tienda\/wp-json\/wp\/v2\/types\/product"}],"replies":[{"embeddable":true,"href":"https:\/\/deltamed.cl\/tienda\/wp-json\/wp\/v2\/comments?post=55167"}],"wp:featuredmedia":[{"embeddable":true,"href":"https:\/\/deltamed.cl\/tienda\/wp-json\/wp\/v2\/media\/10941"}],"wp:attachment":[{"href":"https:\/\/deltamed.cl\/tienda\/wp-json\/wp\/v2\/media?parent=55167"}],"wp:term":[{"taxonomy":"product_brand","embeddable":true,"href":"https:\/\/deltamed.cl\/tienda\/wp-json\/wp\/v2\/product_brand?post=55167"},{"taxonomy":"product_cat","embeddable":true,"href":"https:\/\/deltamed.cl\/tienda\/wp-json\/wp\/v2\/product_cat?post=55167"},{"taxonomy":"product_tag","embeddable":true,"href":"https:\/\/deltamed.cl\/tienda\/wp-json\/wp\/v2\/product_tag?post=55167"}],"curies":[{"name":"wp","href":"https:\/\/api.w.org\/{rel}","templated":true}]}}