{"id":55133,"date":"2026-04-28T20:00:07","date_gmt":"2026-04-28T20:00:07","guid":{"rendered":"https:\/\/dev.deltamed.cl\/?post_type=product&#038;p=55133"},"modified":"2026-04-28T20:00:11","modified_gmt":"2026-04-28T20:00:11","slug":"sabanilla-win-plus-8-unid","status":"publish","type":"product","link":"https:\/\/deltamed.cl\/tienda\/tienda\/producto\/sabanilla-win-plus-8-unid\/","title":{"rendered":"Sabanilla Win Plus 8 unid"},"content":{"rendered":"<p>Sabanilla Win Plus 8 unid<\/p>\n<p><strong>60&#215;90 cm<\/strong><\/p>\n<p>WIN PLUS SABANILLA es un protector de cama dise\u00f1ado para entregar comodidad.<\/p>\n<p>Est\u00e1 compuesto por capas de tela para mayor absorci\u00f3n, gel absorbente, bordes reforzados y adhesivos en sus esquinas para mayor seguridad.<\/p>\n<p>Cubierta extra suave para mantener la piel seca y protegida de la humedad.<\/p>\n<p>El mejor aliados para el cuidado del adulto mayor y para tu hogar.<\/p>\n<p>Caracter\u00edsticas:<\/p>\n<ul>\n<li>Su tela no tejida facilita la absorci\u00f3n y se mantiene siempre seca.<\/li>\n<li>Tambi\u00e9n son impermeables y suaves.<\/li>\n<li>Adem\u00e1s, gracias a su<strong>\u00a0s\u00faper absorbente (<\/strong>SAP) tiene la capacidad de absorber entre 30 y 50 veces su peso.<\/li>\n<li>Sus dos<strong>\u00a0cierres autoadhesivos<\/strong>, son totalmente reposicionables, todas las veces que lo necesites.<\/li>\n<li>Sus materiales dejan que la piel respire, evitando irritaciones, para mantener la piel siempre sana.<\/li>\n<\/ul>\n<p><strong>-Las sabanillas tambi\u00e9n son necesarias en el cuidado de mascota<\/strong>s. Su uso te ayudar\u00e1 a mantener tu hogar limpio, d\u00e1ndole un espacio a los consentidos del hogar para sus necesidades biol\u00f3gicas.<\/p>\n<p>Gracias a sus diversas capas,\u00a0<strong>capturar\u00e1n todos los l\u00edquidos<\/strong>, evitando derrames, y mantendr\u00e1n todos los desechos s\u00f3lidos lejos de tu piso.<\/p>\n<p>Adem\u00e1s, facilitar\u00e1 su entrenamiento, indic\u00e1ndoles un lugar en espec\u00edfico para orinar y defecar, que\u00a0<strong>no podr\u00e1n mover<\/strong>\u00a0por sus autoadhesivos.<\/p>\n<figure id=\"attachment_1837\" aria-describedby=\"caption-attachment-1837\" style=\"width: 300px\" class=\"wp-caption alignnone\"><img fetchpriority=\"high\" decoding=\"async\" class=\"size-medium wp-image-1837\" src=\"https:\/\/deltamed.cl\/tienda\/wp-content\/uploads\/2021\/04\/sabanilla-winplus-300x300.jpg\" alt=\"Sabanilla Win Plus 8 unid\" width=\"300\" height=\"300\" \/><figcaption id=\"caption-attachment-1837\" class=\"wp-caption-text\">Sabanilla Win Plus 8 unid<\/figcaption><\/figure>\n","protected":false},"excerpt":{"rendered":"<p>Sabanilla Win Plus 8 unid<\/p>\n<p><strong>60&#215;90 cm<\/strong><\/p>\n<p><strong>WIN PLUS SABANILLA<\/strong> es un protector de cama dise\u00f1ado para brindar m\u00e1xima comodidad y protecci\u00f3n. Est\u00e1 compuesto por capas de tela de alta absorci\u00f3n y un n\u00facleo de gel absorbente que garantizan una excelente retenci\u00f3n de l\u00edquidos. Sus bordes reforzados y adhesivos en las esquinas proporcionan un ajuste seguro y confiable. Adem\u00e1s, su cubierta extra suave mantiene la piel seca y protegida contra la humedad.<\/p>\n<p>Es el aliado ideal para el cuidado del adulto mayor y un complemento perfecto para la comodidad e higiene.<\/p>\n<p>&nbsp;<\/p>\n","protected":false},"featured_media":10889,"comment_status":"open","ping_status":"closed","template":"","meta":{"_acf_changed":false},"product_brand":[5574],"product_cat":[6461,6509],"product_tag":[6046,6679,6047,6678,5345],"class_list":{"0":"post-55133","1":"product","2":"type-product","3":"status-publish","4":"has-post-thumbnail","6":"product_brand-win","7":"product_cat-cuidado-personal","8":"product_cat-toallas-sabanillas","9":"product_tag-enfermeria","10":"product_tag-kinesiologo","11":"product_tag-medicina","12":"product_tag-regalo","13":"product_tag-tens","14":"product_shipping_class-pequeno","16":"first","17":"instock","18":"taxable","19":"shipping-taxable","20":"purchasable","21":"product-type-simple"},"acf":[],"_links":{"self":[{"href":"https:\/\/deltamed.cl\/tienda\/wp-json\/wp\/v2\/product\/55133","targetHints":{"allow":["GET"]}}],"collection":[{"href":"https:\/\/deltamed.cl\/tienda\/wp-json\/wp\/v2\/product"}],"about":[{"href":"https:\/\/deltamed.cl\/tienda\/wp-json\/wp\/v2\/types\/product"}],"replies":[{"embeddable":true,"href":"https:\/\/deltamed.cl\/tienda\/wp-json\/wp\/v2\/comments?post=55133"}],"wp:featuredmedia":[{"embeddable":true,"href":"https:\/\/deltamed.cl\/tienda\/wp-json\/wp\/v2\/media\/10889"}],"wp:attachment":[{"href":"https:\/\/deltamed.cl\/tienda\/wp-json\/wp\/v2\/media?parent=55133"}],"wp:term":[{"taxonomy":"product_brand","embeddable":true,"href":"https:\/\/deltamed.cl\/tienda\/wp-json\/wp\/v2\/product_brand?post=55133"},{"taxonomy":"product_cat","embeddable":true,"href":"https:\/\/deltamed.cl\/tienda\/wp-json\/wp\/v2\/product_cat?post=55133"},{"taxonomy":"product_tag","embeddable":true,"href":"https:\/\/deltamed.cl\/tienda\/wp-json\/wp\/v2\/product_tag?post=55133"}],"curies":[{"name":"wp","href":"https:\/\/api.w.org\/{rel}","templated":true}]}}