{"id":55115,"date":"2026-04-28T20:00:05","date_gmt":"2026-04-28T20:00:05","guid":{"rendered":"https:\/\/dev.deltamed.cl\/?post_type=product&#038;p=55115"},"modified":"2026-05-06T19:31:20","modified_gmt":"2026-05-06T19:31:20","slug":"mascarilla-n95-3m-indvidual-sellado","status":"publish","type":"product","link":"https:\/\/deltamed.cl\/tienda\/tienda\/producto\/mascarilla-n95-3m-indvidual-sellado\/","title":{"rendered":"Mascarilla n95 3M indvidual sellado"},"content":{"rendered":"<p>Mascarilla n95 3M indvidual sellado<\/p>\n<p><strong>MASCARILLA RESPIRADOR N95 \u2013 NIOSH<\/strong><\/p>\n<p><strong>3M MODELO 9820<\/strong><\/p>\n<p>Este respirador de part\u00edculas desechable N95 ayuda a proporcionar una protecci\u00f3n respiratoria c\u00f3moda y confiable para el trabajador contra ciertas part\u00edculas sin aceite. El dise\u00f1o plano ofrece un almacenamiento conveniente y el embalaje individual protege el respirador de la contaminaci\u00f3n antes de su uso. El respirador para part\u00edculas de polvo N95 liviano y desechable est\u00e1 dise\u00f1ado para proporcionar una protecci\u00f3n respiratoria c\u00f3moda y confiable al trabajador<\/p>\n<p><strong>Caracter\u00edsticas principales<\/strong><\/p>\n<p>\u2022 Calificaci\u00f3n N95 aprobada por NIOSH<\/p>\n<p>\u2022 Clip de nariz incrustado ajustable<\/p>\n<p>\u2022 Estilo de pliegue plano vertical<\/p>\n<p>\u2022 Diademas con grapas<\/p>\n<p>\u2022 Embalado individualmente.<\/p>\n<p><strong>Aprobaciones y est\u00e1ndares<\/strong><\/p>\n<p>\u2022 Respirador de part\u00edculas N95 aprobado por<\/p>\n<p>NIOSH<\/p>\n<p>\u2022 Cumple con los requisitos de NIOSH 42<\/p>\n<p>CFR 84 N95 para una eficiencia m\u00ednima de<\/p>\n<p>filtraci\u00f3n del 95 % contra aerosoles s\u00f3lidos<\/p>\n<p>y l\u00edquidos que no contienen aceite.<\/p>\n<p>\u2022 N\u00famero de aprobaci\u00f3n de NIOSH:<\/p>\n<p>TC-84A-8089<\/p>\n<p>\u2022 Factor de protecci\u00f3n asignado (APF) de<\/p>\n<p>OSHA de 10<\/p>\n<p>PRECIO POR UNIDAD<\/p>\n","protected":false},"excerpt":{"rendered":"<p>Mascarilla n95 3M indvidual sellado<\/p>\n<p><strong>MASCARILLA RESPIRADOR N95 \u2013 NIOSH<\/strong><\/p>\n<p><strong>3M MODELO 9820<\/strong><\/p>\n<p>Este respirador de part\u00edculas desechable N95 ayuda a proporcionar una protecci\u00f3n respiratoria c\u00f3moda y confiable para el trabajador contra ciertas part\u00edculas sin aceite. El dise\u00f1o plano ofrece un almacenamiento conveniente y el embalaje individual protege el respirador de la contaminaci\u00f3n antes de su uso. El respirador para part\u00edculas de polvo N95 liviano y desechable est\u00e1 dise\u00f1ado para proporcionar una protecci\u00f3n respiratoria c\u00f3moda y confiable al trabajador<\/p>\n","protected":false},"featured_media":10850,"comment_status":"open","ping_status":"closed","template":"","meta":{"_acf_changed":false},"product_brand":[5426],"product_cat":[6400,6393,6503],"product_tag":[5391,5405,6683,6682,6681],"class_list":{"0":"post-55115","1":"product","2":"type-product","3":"status-publish","4":"has-post-thumbnail","6":"product_brand-3m","7":"product_cat-elemento-de-proteccion","8":"product_cat-insumos-desechables","9":"product_cat-n95","10":"product_tag-curaciones","11":"product_tag-heridas","12":"product_tag-infeccion","13":"product_tag-limpieza-de-heridas","14":"product_tag-quemaduras","16":"first","17":"outofstock","18":"taxable","19":"shipping-taxable","20":"purchasable","21":"product-type-simple"},"acf":[],"_links":{"self":[{"href":"https:\/\/deltamed.cl\/tienda\/wp-json\/wp\/v2\/product\/55115","targetHints":{"allow":["GET"]}}],"collection":[{"href":"https:\/\/deltamed.cl\/tienda\/wp-json\/wp\/v2\/product"}],"about":[{"href":"https:\/\/deltamed.cl\/tienda\/wp-json\/wp\/v2\/types\/product"}],"replies":[{"embeddable":true,"href":"https:\/\/deltamed.cl\/tienda\/wp-json\/wp\/v2\/comments?post=55115"}],"wp:featuredmedia":[{"embeddable":true,"href":"https:\/\/deltamed.cl\/tienda\/wp-json\/wp\/v2\/media\/10850"}],"wp:attachment":[{"href":"https:\/\/deltamed.cl\/tienda\/wp-json\/wp\/v2\/media?parent=55115"}],"wp:term":[{"taxonomy":"product_brand","embeddable":true,"href":"https:\/\/deltamed.cl\/tienda\/wp-json\/wp\/v2\/product_brand?post=55115"},{"taxonomy":"product_cat","embeddable":true,"href":"https:\/\/deltamed.cl\/tienda\/wp-json\/wp\/v2\/product_cat?post=55115"},{"taxonomy":"product_tag","embeddable":true,"href":"https:\/\/deltamed.cl\/tienda\/wp-json\/wp\/v2\/product_tag?post=55115"}],"curies":[{"name":"wp","href":"https:\/\/api.w.org\/{rel}","templated":true}]}}