{"id":55055,"date":"2026-04-28T19:59:48","date_gmt":"2026-04-28T19:59:48","guid":{"rendered":"https:\/\/dev.deltamed.cl\/?post_type=product&#038;p=55055"},"modified":"2026-04-28T20:03:54","modified_gmt":"2026-04-28T20:03:54","slug":"toma-presion-aneroide-de-pedestal-bokang","status":"publish","type":"product","link":"https:\/\/deltamed.cl\/tienda\/tienda\/producto\/toma-presion-aneroide-de-pedestal-bokang\/","title":{"rendered":"Toma presi\u00f3n aneroide de pedestal Bokang"},"content":{"rendered":"<p>Toma presi\u00f3n aneroide de pedestal Bokang 2009\u00a0 \u00a0<b>instrumento m\u00e9dico empleado para la medici\u00f3n manual e indirecta de la presi\u00f3n arterial<\/b>.<\/p>\n<p>Los equiposo aneroide, son los m\u00e1s usado en la actualidad en el \u00e1mbito hospitalario o cl\u00ednico.<\/p>\n<p>Tiene una\u00a0 met\u00e1lica con base de 5 ruedas con freno.<\/p>\n<p>Pantalla amplia de 145 x 145 mm redonda para f\u00e1cil lectura.<\/p>\n<p>Dial de lectura hasta 300 mmHg.<\/p>\n<p>Altura ajustable desde 90 cms a 125 cms.<\/p>\n<p>Brazalete adulto de 2 tubos.<\/p>\n<p>Tubo espiralado con conectores.<\/p>\n<p>Pera insufladora con v\u00e1lvula.<\/p>\n<p>Cesta para depositar brazalete y pera.<\/p>\n<p>Peso: 4 kilos.<\/p>\n<p>Tablero grande an\u00e1logo tipo reloj, man\u00f3metro escala de 0 &#8211; 300 mm\/Hg, subdivisi\u00f3n man\u00f3metro 2 mm\/Hg, pedestal tipo ara\u00f1a, con ruedas de 3&#8243;, atril en aluminio de altura graduable de 80 &#8211; 125 cms, canasta\/caja para accesorios, brazalete tama\u00f1o adulto en nylon, pera en l\u00e1tex con v\u00e1lvula, tubo en espiral de extensi\u00f3n.<\/p>\n<p>&nbsp;<\/p>\n","protected":false},"excerpt":{"rendered":"<p>Toma presi\u00f3n aneroide de pedestal Bokang 2009\u00a0 \u00a0<b>instrumento m\u00e9dico empleado para la medici\u00f3n manual e indirecta de la presi\u00f3n arterial<\/b>.<\/p>\n<p>Los equiposo aneroide, son los m\u00e1s usado en la actualidad en el \u00e1mbito hospitalario o cl\u00ednico.<\/p>\n<p>Tiene una\u00a0 met\u00e1lica con base de 5 ruedas con freno.<\/p>\n<p>Pantalla amplia de 145 x 145 mm redonda para f\u00e1cil lectura.<\/p>\n<p>Dial de lectura hasta 300 mmHg.<\/p>\n<p>Altura ajustable desde 90 cms a 125 cms.<\/p>\n<p>Brazalete adulto de 2 tubos.<\/p>\n","protected":false},"featured_media":10734,"comment_status":"open","ping_status":"closed","template":"","meta":{"_acf_changed":false},"product_brand":[5441],"product_cat":[6417,6384,6416],"product_tag":[6684,6685],"class_list":{"0":"post-55055","1":"product","2":"type-product","3":"status-publish","4":"has-post-thumbnail","6":"product_brand-bokang","7":"product_cat-aneroide","8":"product_cat-medicion-y-diagnostico","9":"product_cat-toma-presion","10":"product_tag-hipertension","11":"product_tag-presion-arterial","12":"product_shipping_class-extra-pequeno","14":"first","15":"outofstock","16":"taxable","17":"shipping-taxable","18":"purchasable","19":"product-type-simple"},"acf":[],"_links":{"self":[{"href":"https:\/\/deltamed.cl\/tienda\/wp-json\/wp\/v2\/product\/55055","targetHints":{"allow":["GET"]}}],"collection":[{"href":"https:\/\/deltamed.cl\/tienda\/wp-json\/wp\/v2\/product"}],"about":[{"href":"https:\/\/deltamed.cl\/tienda\/wp-json\/wp\/v2\/types\/product"}],"replies":[{"embeddable":true,"href":"https:\/\/deltamed.cl\/tienda\/wp-json\/wp\/v2\/comments?post=55055"}],"wp:featuredmedia":[{"embeddable":true,"href":"https:\/\/deltamed.cl\/tienda\/wp-json\/wp\/v2\/media\/10734"}],"wp:attachment":[{"href":"https:\/\/deltamed.cl\/tienda\/wp-json\/wp\/v2\/media?parent=55055"}],"wp:term":[{"taxonomy":"product_brand","embeddable":true,"href":"https:\/\/deltamed.cl\/tienda\/wp-json\/wp\/v2\/product_brand?post=55055"},{"taxonomy":"product_cat","embeddable":true,"href":"https:\/\/deltamed.cl\/tienda\/wp-json\/wp\/v2\/product_cat?post=55055"},{"taxonomy":"product_tag","embeddable":true,"href":"https:\/\/deltamed.cl\/tienda\/wp-json\/wp\/v2\/product_tag?post=55055"}],"curies":[{"name":"wp","href":"https:\/\/api.w.org\/{rel}","templated":true}]}}