{"id":54978,"date":"2026-04-28T19:59:21","date_gmt":"2026-04-28T19:59:21","guid":{"rendered":"https:\/\/dev.deltamed.cl\/?post_type=product&#038;p=54978"},"modified":"2026-04-28T20:02:42","modified_gmt":"2026-04-28T20:02:42","slug":"100-ampollas-de-10ml-de-suero-fisiologico-al-09","status":"publish","type":"product","link":"https:\/\/deltamed.cl\/tienda\/tienda\/producto\/100-ampollas-de-10ml-de-suero-fisiologico-al-09\/","title":{"rendered":"100 ampollas de 10ml de suero fisiol\u00f3gico al 09"},"content":{"rendered":"<p>100 ampollas de 10ml de suero fisiol\u00f3gico al 09<\/p>\n<p>Suero fisiol\u00f3gico al 0,9%<\/p>\n<p>Soluci\u00f3n inyectable marca FRESENIUS KABI<\/p>\n<p>Se utiliza como aporte de electrolitos en los casos en los que exista deshidrataci\u00f3n con p\u00e9rdidas de sales.<\/p>\n<p>En estados de hipovolemia (disminuci\u00f3n del volumen sangu\u00edneo).<\/p>\n<p>Se trata de un mineral fundamental para\u00a0regular y controlar el equilibrio entre l\u00edquidos y electrolitos.<\/p>\n<p>Su funci\u00f3n en el mantenimiento del volumen de l\u00edquido extracelular, la conducci\u00f3n de los impulsos nerviosos y la presi\u00f3n arterial, tambi\u00e9n habla de su papel crucial.<\/p>\n<p>Osmolaridad: 308 mOsm\/l<\/p>\n<p>F\u00f3rmula i\u00f3nica: cloruros: 154 mmol\/l<\/p>\n<p>sodio: 154 mmol\/l<\/p>\n<p>pH entre 4,5 y 7,0<\/p>\n<p>Soluci\u00f3n transparente sin color y sin olor<\/p>\n<p>Una ampolla de polipropileno de 5 ml contiene 0,045 g de cloruro de sodio<\/p>\n<p>Una ampolla de polipropileno de 10 ml contiene 0,09 g de cloruro de sodio<\/p>\n<p>Una ampolla de polipropileno de 20 ml contiene 0,18 g de cloruro de sodio<\/p>\n<figure id=\"attachment_370\" aria-describedby=\"caption-attachment-370\" style=\"width: 300px\" class=\"wp-caption alignnone\"><img fetchpriority=\"high\" decoding=\"async\" class=\"size-medium wp-image-370\" src=\"https:\/\/deltamed.cl\/tienda\/wp-content\/uploads\/2020\/12\/aa-delta-90-300x300.jpg\" alt=\"100 ampollas de 10ml de suero fisiol\u00f3gico al 09\" width=\"300\" height=\"300\" \/><figcaption id=\"caption-attachment-370\" class=\"wp-caption-text\">100 ampollas de 10ml de suero fisiol\u00f3gico al 09<\/figcaption><\/figure>\n","protected":false},"excerpt":{"rendered":"<p>100 ampollas de 10ml de suero fisiol\u00f3gico al 09<\/p>\n<p>Suero fisiol\u00f3gico al 0,9%<\/p>\n<p>Soluci\u00f3n inyectable marca FRESENIUS KABI<\/p>\n<p>Se utiliza como aporte de electrolitos en los casos en los que exista deshidrataci\u00f3n con p\u00e9rdidas de sales.<\/p>\n<p>En estados de hipovolemia (disminuci\u00f3n del volumen sangu\u00edneo).<\/p>\n<p>Se trata de un mineral fundamental para\u00a0regular y controlar el equilibrio entre l\u00edquidos y electrolitos.<\/p>\n","protected":false},"featured_media":10589,"comment_status":"open","ping_status":"closed","template":"","meta":{"_acf_changed":false},"product_brand":[],"product_cat":[6403],"product_tag":[6046,6679,6047,6678,5345],"class_list":{"0":"post-54978","1":"product","2":"type-product","3":"status-publish","4":"has-post-thumbnail","6":"product_cat-descontinuado","7":"product_tag-enfermeria","8":"product_tag-kinesiologo","9":"product_tag-medicina","10":"product_tag-regalo","11":"product_tag-tens","12":"product_shipping_class-pequeno","14":"first","15":"instock","16":"taxable","17":"shipping-taxable","18":"purchasable","19":"product-type-simple"},"acf":[],"_links":{"self":[{"href":"https:\/\/deltamed.cl\/tienda\/wp-json\/wp\/v2\/product\/54978","targetHints":{"allow":["GET"]}}],"collection":[{"href":"https:\/\/deltamed.cl\/tienda\/wp-json\/wp\/v2\/product"}],"about":[{"href":"https:\/\/deltamed.cl\/tienda\/wp-json\/wp\/v2\/types\/product"}],"replies":[{"embeddable":true,"href":"https:\/\/deltamed.cl\/tienda\/wp-json\/wp\/v2\/comments?post=54978"}],"wp:featuredmedia":[{"embeddable":true,"href":"https:\/\/deltamed.cl\/tienda\/wp-json\/wp\/v2\/media\/10589"}],"wp:attachment":[{"href":"https:\/\/deltamed.cl\/tienda\/wp-json\/wp\/v2\/media?parent=54978"}],"wp:term":[{"taxonomy":"product_brand","embeddable":true,"href":"https:\/\/deltamed.cl\/tienda\/wp-json\/wp\/v2\/product_brand?post=54978"},{"taxonomy":"product_cat","embeddable":true,"href":"https:\/\/deltamed.cl\/tienda\/wp-json\/wp\/v2\/product_cat?post=54978"},{"taxonomy":"product_tag","embeddable":true,"href":"https:\/\/deltamed.cl\/tienda\/wp-json\/wp\/v2\/product_tag?post=54978"}],"curies":[{"name":"wp","href":"https:\/\/api.w.org\/{rel}","templated":true}]}}