{"id":54969,"date":"2026-04-28T19:59:21","date_gmt":"2026-04-28T19:59:21","guid":{"rendered":"https:\/\/dev.deltamed.cl\/?post_type=product&#038;p=54969"},"modified":"2026-05-13T20:34:46","modified_gmt":"2026-05-13T20:34:46","slug":"cinta-hemoglobina-easy-life-plus","status":"publish","type":"product","link":"https:\/\/deltamed.cl\/tienda\/producto\/cinta-hemoglobina-easy-life-plus\/","title":{"rendered":"Cinta hemoglobina Easy Life Plus"},"content":{"rendered":"<p>Cinta hemoglobina Easy Life Plus model Sh119 X 25 Tiras<\/p>\n<p>La hemoglobina\u00a0<b>es una prote\u00edna de los gl\u00f3bulos rojos que lleva ox\u00edgeno de los pulmones al resto del cuerpo<\/b>. Los niveles anormales de hemoglobina podr\u00edan ser signo de un trastorno de la sangre.<\/p>\n<p>\u2022 Cintas \/ Tiras reactivas para medir HEMOGLOBINA, marca Easy life Plus.<\/p>\n<p>\u2022 Caja contiene 25 unidades.<\/p>\n<p>\u2022 Compatible con medidor de GCHb marca Easy life Plus.<\/p>\n<p>\u2022 Producto certificado.<\/p>\n<p>\u2022 Hecho en Taiwan<\/p>\n<h3><strong>FECHA DE VENCIMIENTO: 12-2024<\/strong><\/h3>\n<p>ESPECIFICACIONES T\u00c9CNICAS:<\/p>\n<p>Rango de Medici\u00f3n<\/p>\n<p>\u2022 Glucosa 20-600mg\/dl<\/p>\n<p>\u2022 Colesterol:100-400mg\/dl<\/p>\n<p>\u2022 \u00c1cido \u00farico :3-20mg\/dl<\/p>\n<p>Medici\u00f3n de Tiempo<\/p>\n<p>\u2022 Glucosa: 6 segundo<\/p>\n<p>\u2022 Colesterol: 50 segundos<\/p>\n<p>\u2022 \u00c1cido \u00farico: 6 segundos<\/p>\n<p>Muestra de Sangre<\/p>\n<p>\u2022 Glucosa: 0,8 microlitros<\/p>\n<p>\u2022 Colesterol: 10 microlitros<\/p>\n<p>\u2022 \u00c1cido \u00farico: 0,8 microlitros<\/p>\n<p>Capacidad de Memoria<\/p>\n<p>\u2022 Test Glucosa \u2013 450 Test<\/p>\n<p>\u2022 Test Colesterol \u2013 50 Test<\/p>\n<p>\u2022 Test \u00c1cido \u00farico \u2013 50 Test<\/p>\n","protected":false},"excerpt":{"rendered":"<p>Cinta hemoglobina Easy Life Plus model Sh119 X 25 Tiras<\/p>\n<p>La hemoglobina\u00a0<b>es una prote\u00edna de los gl\u00f3bulos rojos que lleva ox\u00edgeno de los pulmones al resto del cuerpo<\/b>. Los niveles anormales de hemoglobina podr\u00edan ser signo de un trastorno de la sangre.<\/p>\n<p>\u2022 Cintas \/ Tiras reactivas para medir HEMOGLOBINA, marca Easy life Plus.<\/p>\n<p>\u2022 Caja contiene 25 unidades.<\/p>\n<p>\u2022 Compatible con medidor de GCHb marca Easy life Plus.<\/p>\n<p>\u2022 Producto certificado.<\/p>\n","protected":false},"featured_media":10570,"comment_status":"open","ping_status":"closed","template":"","meta":{"_acf_changed":false},"product_brand":[5315],"product_cat":[6385,6384,6447],"product_tag":[6148,5410,5411,5320],"class_list":{"0":"post-54969","1":"product","2":"type-product","3":"status-publish","4":"has-post-thumbnail","6":"product_brand-easy-life","7":"product_cat-glucometro","8":"product_cat-medicion-y-diagnostico","9":"product_cat-tiras","10":"product_tag-azucar","11":"product_tag-diabetes","12":"product_tag-glicemia","13":"product_tag-glucosa","14":"product_shipping_class-extra-pequeno","16":"first","17":"instock","18":"taxable","19":"shipping-taxable","20":"purchasable","21":"product-type-simple"},"acf":[],"_links":{"self":[{"href":"https:\/\/deltamed.cl\/tienda\/wp-json\/wp\/v2\/product\/54969","targetHints":{"allow":["GET"]}}],"collection":[{"href":"https:\/\/deltamed.cl\/tienda\/wp-json\/wp\/v2\/product"}],"about":[{"href":"https:\/\/deltamed.cl\/tienda\/wp-json\/wp\/v2\/types\/product"}],"replies":[{"embeddable":true,"href":"https:\/\/deltamed.cl\/tienda\/wp-json\/wp\/v2\/comments?post=54969"}],"wp:featuredmedia":[{"embeddable":true,"href":"https:\/\/deltamed.cl\/tienda\/wp-json\/wp\/v2\/media\/10570"}],"wp:attachment":[{"href":"https:\/\/deltamed.cl\/tienda\/wp-json\/wp\/v2\/media?parent=54969"}],"wp:term":[{"taxonomy":"product_brand","embeddable":true,"href":"https:\/\/deltamed.cl\/tienda\/wp-json\/wp\/v2\/product_brand?post=54969"},{"taxonomy":"product_cat","embeddable":true,"href":"https:\/\/deltamed.cl\/tienda\/wp-json\/wp\/v2\/product_cat?post=54969"},{"taxonomy":"product_tag","embeddable":true,"href":"https:\/\/deltamed.cl\/tienda\/wp-json\/wp\/v2\/product_tag?post=54969"}],"curies":[{"name":"wp","href":"https:\/\/api.w.org\/{rel}","templated":true}]}}