{"id":54955,"date":"2026-04-28T19:59:14","date_gmt":"2026-04-28T19:59:14","guid":{"rendered":"https:\/\/dev.deltamed.cl\/?post_type=product&#038;p=54955"},"modified":"2026-04-28T20:01:43","modified_gmt":"2026-04-28T20:01:43","slug":"linovera-spray-30-ml","status":"publish","type":"product","link":"https:\/\/deltamed.cl\/tienda\/tienda\/producto\/linovera-spray-30-ml\/","title":{"rendered":"Linovera Spray 30 ml"},"content":{"rendered":"<p>Linovera Spray 30 ml<\/p>\n<p><strong>Linovera\u00ae es un producto especial para el cuidado de pieles sensibles y fr\u00e1giles, cuya correcta aplicaci\u00f3n, permite protegerlas y mantenerlas en buen estado.<\/strong><\/p>\n<p>Soluci\u00f3n t\u00f3pica para la prevenci\u00f3n de las \u00falceras por presi\u00f3n de grado I, as\u00ed como en el cuidado de pieles fr\u00e1giles.<\/p>\n<p>presentes en su formulaci\u00f3n, facilitan la renovaci\u00f3n de las c\u00e9lulas epid\u00e9rmicas, incrementando la resistencia capilar.<\/p>\n<p>Aloe vera y Centella asi\u00e1tica, act\u00faan como restauradores capilares, restauradores de la circulaci\u00f3n capilar y contrarrestan el efecto de los radicales libres.<\/p>\n<p>Prevenci\u00f3n:<\/p>\n<p>\u00dalceras Vasculares y pie diab\u00e9tico \u2013 \u00falceras por presi\u00f3n de grado I<\/p>\n<p>Composici\u00f3n:<\/p>\n<p>Emulsi\u00f3n compuesta por contenido en Ac. Linol\u00e9ico superior al 60%.<\/p>\n<ul>\n<li><strong>Aceite de girasol<\/strong><\/li>\n<li><strong>Extracto de aloe vera<\/strong><\/li>\n<li><strong>Extracto de centella asi\u00e1tica<\/strong><\/li>\n<li><strong>Esencia de romero<\/strong><\/li>\n<\/ul>\n<p><strong>Estos componentes permiten que dentro de las principales propiedades de Linovera\u00ae se encuentren:<\/strong><\/p>\n<ul>\n<li><strong>Protecci\u00f3n contra los agentes externos.<\/strong><\/li>\n<li><strong>Mejoramiento de la resistencia de la piel.<\/strong><\/li>\n<li><strong>Ayuda a la estimulaci\u00f3n de la s\u00edntesis de col\u00e1geno de la piel.<\/strong><\/li>\n<li><strong>Efecto rehidratante.<\/strong><\/li>\n<\/ul>\n<p>Presentaci\u00f3n:<\/p>\n<p>Envase dosificador de 30 ml., con sistema anticontaminaci\u00f3n \u201cAirles\u201d y pulsador con bloqueo de seguridad.<\/p>\n<p>Propiedades:<\/p>\n<p>Linovera\u00ae emulsi\u00f3n, ha sido formulado para conseguir un mayor efecto reparador y preventivo para conseguir mantener en \u00f3ptimas condiciones la piel y microcirculaci\u00f3n sangu\u00ednea, gracias a nuevos elementos activos presentes en su composici\u00f3n, como es el caso del Gingko Biloba con un marcado efecto venot\u00f3nico.<\/p>\n<p>Indicaciones y Propiedades:<\/p>\n<p>Linovera\u00ae emulsi\u00f3n est\u00e1 indicado en la\u00a0 prevenci\u00f3n de alteraciones cut\u00e1neas de origen vascular y\/o neuro tr\u00f3ficas, principalmente con localizaci\u00f3n en las extremidades inferiores.<\/p>\n<p>Linovera\u00ae emulsi\u00f3n est\u00e1 indicado en pieles secas o desvitalizadas propias de pacientes de edad avanzada, as\u00ed como, la hiperqueratosis en pacientes con pie diab\u00e9tico.<\/p>\n<p>Linovera\u00ae emulsi\u00f3n mejora de forma eficaz la hidrataci\u00f3n a los tejidos, se regenera el film hidrolip\u00eddico y las caracter\u00edsticas de elasticidad de la piel, a fin de mantener la integridad cut\u00e1nea, mejorar el estado de zonas da\u00f1adas y evitar recidivas.<\/p>\n<p>El efecto sin\u00e9rgico de los componentes de Linovera\u00ae emulsi\u00f3n, favorece:<\/p>\n<p>&#8211; Mejora en la microcirculaci\u00f3n cut\u00e1nea<\/p>\n<p>&#8211; Renovaci\u00f3n capilar<\/p>\n<p>&#8211; Mejora en la elasticidad cut\u00e1nea<\/p>\n<p>&#8211; Efecto film\u00f3geno, evitando la perdida de agua<\/p>\n<p>&#8211; Restauraci\u00f3n del film hidrolip\u00eddico, evitando la deshidrataci\u00f3n.<\/p>\n<p><strong>Linovera\u00ae cuenta con un registro sanitario vigente del Instituto de Salud P\u00fablica en la categor\u00eda de producto cosm\u00e9tico, que corresponde a aquellos productos que no constituyen un tratamiento m\u00e9dico.<\/strong><\/p>\n<p><strong>Registro ISP N\u00ba: 1141C-1\/10<\/strong><\/p>\n","protected":false},"excerpt":{"rendered":"<p>Linovera Spray 30 ml<\/p>\n<p>Linovera\u00ae es un producto especial para el cuidado de pieles sensibles y fr\u00e1giles, cuya correcta aplicaci\u00f3n, permite protegerlas y mantenerlas en buen estado.<\/p>\n<p>Soluci\u00f3n t\u00f3pica para la prevenci\u00f3n de las \u00falceras por presi\u00f3n de grado I, as\u00ed como en el cuidado de pieles fr\u00e1giles.<\/p>\n<p>Presentes en su formulaci\u00f3n, facilitan la renovaci\u00f3n de las c\u00e9lulas epid\u00e9rmicas, incrementando la resistencia capilar.<\/p>\n<p>Aloe vera y Centella asi\u00e1tica, act\u00faan como restauradores capilares, restauradores de la circulaci\u00f3n capilar y contrarrestan el efecto de los radicales libres.<\/p>\n<p>&nbsp;<\/p>\n<p>&nbsp;<\/p>\n","protected":false},"featured_media":10545,"comment_status":"open","ping_status":"closed","template":"","meta":{"_acf_changed":false},"product_brand":[5515],"product_cat":[6442,6441,6408],"product_tag":[6046,6679,6047,6678,5345],"class_list":{"0":"post-54955","1":"product","2":"type-product","3":"status-publish","4":"has-post-thumbnail","6":"product_brand-bbraun","7":"product_cat-linovera","8":"product_cat-spray","9":"product_cat-tratamiento-de-heridas","10":"product_tag-enfermeria","11":"product_tag-kinesiologo","12":"product_tag-medicina","13":"product_tag-regalo","14":"product_tag-tens","15":"product_shipping_class-extra-pequeno","17":"first","18":"outofstock","19":"taxable","20":"shipping-taxable","21":"purchasable","22":"product-type-simple"},"acf":[],"_links":{"self":[{"href":"https:\/\/deltamed.cl\/tienda\/wp-json\/wp\/v2\/product\/54955","targetHints":{"allow":["GET"]}}],"collection":[{"href":"https:\/\/deltamed.cl\/tienda\/wp-json\/wp\/v2\/product"}],"about":[{"href":"https:\/\/deltamed.cl\/tienda\/wp-json\/wp\/v2\/types\/product"}],"replies":[{"embeddable":true,"href":"https:\/\/deltamed.cl\/tienda\/wp-json\/wp\/v2\/comments?post=54955"}],"wp:featuredmedia":[{"embeddable":true,"href":"https:\/\/deltamed.cl\/tienda\/wp-json\/wp\/v2\/media\/10545"}],"wp:attachment":[{"href":"https:\/\/deltamed.cl\/tienda\/wp-json\/wp\/v2\/media?parent=54955"}],"wp:term":[{"taxonomy":"product_brand","embeddable":true,"href":"https:\/\/deltamed.cl\/tienda\/wp-json\/wp\/v2\/product_brand?post=54955"},{"taxonomy":"product_cat","embeddable":true,"href":"https:\/\/deltamed.cl\/tienda\/wp-json\/wp\/v2\/product_cat?post=54955"},{"taxonomy":"product_tag","embeddable":true,"href":"https:\/\/deltamed.cl\/tienda\/wp-json\/wp\/v2\/product_tag?post=54955"}],"curies":[{"name":"wp","href":"https:\/\/api.w.org\/{rel}","templated":true}]}}