{"id":54928,"date":"2026-04-28T19:59:06","date_gmt":"2026-04-28T19:59:06","guid":{"rendered":"https:\/\/dev.deltamed.cl\/?post_type=product&#038;p=54928"},"modified":"2026-04-28T19:59:09","modified_gmt":"2026-04-28T19:59:09","slug":"termometro-digital-sin-contacto-htd-8813c","status":"publish","type":"product","link":"https:\/\/deltamed.cl\/tienda\/tienda\/producto\/termometro-digital-sin-contacto-htd-8813c\/","title":{"rendered":"Term\u00f3metro digital sin contacto HTD 8813c"},"content":{"rendered":"<p>Term\u00f3metro digital sin contacto HTD 8813c<\/p>\n<p>Este avanzado term\u00f3metro infrarrojo sin contacto utiliza un detector infrarrojo para detectar la temperatura corporal del cuerpo para adultos y ni\u00f1os. Se puede utilizar tanto en casa como en los hospitales.<\/p>\n<p>El term\u00f3metro est\u00e1 dise\u00f1ado para un uso pr\u00e1ctico. Tambi\u00e9n se puede utilizar para medir cualquier temperatura que no sea la del cuerpo humano, como la temperatura ambiente o la leche de su beb\u00e9.<\/p>\n<p>Distancia de 1 a 3 cm de la Frente.<\/p>\n<p>Caracter\u00edsticas:<\/p>\n<p>\u2022 Tecnolog\u00eda de infrarrojos<\/p>\n<p>\u2022 Pantalla LCD grande para ver los resultados<\/p>\n<p>\u2022 La pantalla cambia de color seg\u00fan los resultados<\/p>\n<p>&#8211;\u00a0 Verde Normal entre 32 \u2013 37.3 grados<\/p>\n<p>&#8211;\u00a0 Amarillo Medio entre 37.4 \u2013 38 grados<\/p>\n<p>&#8211;\u00a0 \u00a0Rojo Alto entre 38.1 \u2013 39.2 grados<\/p>\n<p>\u2022 Distancia de medici\u00f3n: 1-5 cm<\/p>\n<p>\u2022 Tiempo de medici\u00f3n: \u2264 2 segundos<\/p>\n<p>\u2022 50 memorias de medici\u00f3n<\/p>\n<p>\u2022 Apagado autom\u00e1tico a los 18 segundos<\/p>\n<p>\u2022 Medici\u00f3n de temperatura con un bot\u00f3n, operaci\u00f3n f\u00e1cil y r\u00e1pida, visualizaci\u00f3n r\u00e1pida del valor de temperatura corporal. Lecturas precisas de hasta 0.2 grados Celsius<\/p>\n<p>\u2022 Da lecturas r\u00e1pidas en solo 2 segundos Sin contacto hasta 1-5 cm.-<\/p>\n<p>\u2022 Garant\u00eda 1 a\u00f1o de garant\u00eda de la marca<\/p>\n<p>\u2022 Usa 2 pilas AAA incluidas.<\/p>\n<p>\u2022 Peso del producto 90 g.<\/p>\n<p>\u2022 Dimensiones 13.8 x 9.5 x 4 cm<\/p>\n<p>\u2022 Producto certificado<\/p>\n<figure id=\"attachment_248\" aria-describedby=\"caption-attachment-248\" style=\"width: 300px\" class=\"wp-caption alignnone\"><img fetchpriority=\"high\" decoding=\"async\" class=\"size-medium wp-image-248\" src=\"https:\/\/deltamed.cl\/tienda\/wp-content\/uploads\/2020\/12\/aa-delta-58-300x300.jpg\" alt=\"Term\u00f3metro digital sin contacto HTD 8813c\" width=\"300\" height=\"300\" \/><figcaption id=\"caption-attachment-248\" class=\"wp-caption-text\">Term\u00f3metro digital sin contacto HTD 8813c<\/figcaption><\/figure>\n","protected":false},"excerpt":{"rendered":"<p>Term\u00f3metro digital sin contacto HTD 8813c<\/p>\n<p>Este avanzado term\u00f3metro infrarrojo sin contacto utiliza un detector infrarrojo para detectar la temperatura corporal del cuerpo para adultos y ni\u00f1os. Se puede utilizar tanto en casa como en los hospitales.<\/p>\n<p>El term\u00f3metro est\u00e1 dise\u00f1ado para un uso pr\u00e1ctico. Tambi\u00e9n se puede utilizar para medir cualquier temperatura que no sea la del cuerpo humano, como la temperatura ambiente o la leche de su beb\u00e9.<\/p>\n","protected":false},"featured_media":10500,"comment_status":"open","ping_status":"closed","template":"","meta":{"_acf_changed":false},"product_brand":[5365],"product_cat":[6427,6384,6426],"product_tag":[6046,6679,6047,6678,5345],"class_list":{"0":"post-54928","1":"product","2":"type-product","3":"status-publish","4":"has-post-thumbnail","6":"product_brand-heal-force","7":"product_cat-digital","8":"product_cat-medicion-y-diagnostico","9":"product_cat-termometros","10":"product_tag-enfermeria","11":"product_tag-kinesiologo","12":"product_tag-medicina","13":"product_tag-regalo","14":"product_tag-tens","15":"product_shipping_class-pequeno","17":"first","18":"instock","19":"sale","20":"taxable","21":"shipping-taxable","22":"purchasable","23":"product-type-simple"},"acf":[],"_links":{"self":[{"href":"https:\/\/deltamed.cl\/tienda\/wp-json\/wp\/v2\/product\/54928","targetHints":{"allow":["GET"]}}],"collection":[{"href":"https:\/\/deltamed.cl\/tienda\/wp-json\/wp\/v2\/product"}],"about":[{"href":"https:\/\/deltamed.cl\/tienda\/wp-json\/wp\/v2\/types\/product"}],"replies":[{"embeddable":true,"href":"https:\/\/deltamed.cl\/tienda\/wp-json\/wp\/v2\/comments?post=54928"}],"wp:featuredmedia":[{"embeddable":true,"href":"https:\/\/deltamed.cl\/tienda\/wp-json\/wp\/v2\/media\/10500"}],"wp:attachment":[{"href":"https:\/\/deltamed.cl\/tienda\/wp-json\/wp\/v2\/media?parent=54928"}],"wp:term":[{"taxonomy":"product_brand","embeddable":true,"href":"https:\/\/deltamed.cl\/tienda\/wp-json\/wp\/v2\/product_brand?post=54928"},{"taxonomy":"product_cat","embeddable":true,"href":"https:\/\/deltamed.cl\/tienda\/wp-json\/wp\/v2\/product_cat?post=54928"},{"taxonomy":"product_tag","embeddable":true,"href":"https:\/\/deltamed.cl\/tienda\/wp-json\/wp\/v2\/product_tag?post=54928"}],"curies":[{"name":"wp","href":"https:\/\/api.w.org\/{rel}","templated":true}]}}