{"id":54897,"date":"2026-04-28T19:59:04","date_gmt":"2026-04-28T19:59:04","guid":{"rendered":"https:\/\/dev.deltamed.cl\/?post_type=product&#038;p=54897"},"modified":"2026-05-09T19:17:41","modified_gmt":"2026-05-09T19:17:41","slug":"oximetro-saturometro-a3-adulto-con-curva-heal-force","status":"publish","type":"product","link":"https:\/\/deltamed.cl\/tienda\/producto\/oximetro-saturometro-a3-adulto-con-curva-heal-force\/","title":{"rendered":"Oximetro saturometro A3 adulto con curva Heal Force"},"content":{"rendered":"<p>Oximetro saturometro A3 adulto con curva Heal Force<\/p>\n<p>El ox\u00edmetro de pulso adulto A3 Heal Force es un dispositivo m\u00e9dico port\u00e1til que se utiliza para medir la saturaci\u00f3n de ox\u00edgeno en la sangre (SpO2) y la frecuencia card\u00edaca.<\/p>\n<p>Es un dispositivo peque\u00f1o y f\u00e1cil de usar que se coloca en el dedo.<\/p>\n<p>El ox\u00edmetro de pulso A3 Heal Force utiliza un sensor de luz para medir la cantidad de ox\u00edgeno que transporta la hemoglobina en la sangre.<\/p>\n<p>La SpO2 es un indicador importante de la salud respiratoria. Una SpO2 baja puede ser un signo de problemas respiratorios, como la apnea del sue\u00f1o o la enfermedad pulmonar obstructiva cr\u00f3nica (EPOC).<\/p>\n<p>El ox\u00edmetro de pulso A3 Heal Force tambi\u00e9n mide la frecuencia card\u00edaca.<\/p>\n<p>La frecuencia card\u00edaca es el n\u00famero de veces que el coraz\u00f3n late por minuto. Una frecuencia card\u00edaca alta o baja puede ser un signo de problemas m\u00e9dicos.<\/p>\n<p>Pantalla digital con pantalla a todo color y gr\u00e1fico de forma de onda.<\/p>\n<p><strong>Caracter\u00edsticas:<\/strong><\/p>\n<p>\u2022 Durable y elegantemente dise\u00f1ado. Conveniente para el uso diario.<\/p>\n<p>\u2022 Par\u00e1metros de medici\u00f3n: SpO2, frecuencia de pulso, \u00edndice de<\/p>\n<p>perfusi\u00f3n<\/p>\n<p>\u2022 Visualizaci\u00f3n de formas de onda: pletismograma, histograma de<\/p>\n<p>intensidad de pulso<\/p>\n<p>\u2022 Funci\u00f3n de Alarma: Audio y Alarma Visual<\/p>\n<p>\u2022 Energ\u00eda: bater\u00eda de 2 * AAA<\/p>\n<p>\u2022 Marca: Heal Force\u00ae<\/p>\n<p>\u2022 Garant\u00eda: 6 meses<\/p>\n<p>\u2022 Certificado: CE, RoHS, ISO9001<\/p>\n<p>\u2022 Contenidos del paquete:<\/p>\n<p>1. Ox\u00edmetro de pulso<\/p>\n<p>2. Manual del usuario<\/p>\n<div class=\"mceTemp\"><\/div>\n","protected":false},"excerpt":{"rendered":"<p>Oximetro saturometro A3 adulto con curva Heal Force<\/p>\n<p>El ox\u00edmetro de pulso adulto A3 Heal Force es un dispositivo m\u00e9dico port\u00e1til que se utiliza para medir la saturaci\u00f3n de ox\u00edgeno en la sangre (SpO2) y la frecuencia card\u00edaca.<\/p>\n<p>Es un dispositivo peque\u00f1o y f\u00e1cil de usar que se coloca en el dedo.<\/p>\n<p>El ox\u00edmetro de pulso A3 Heal Force utiliza un sensor de luz para medir la cantidad de ox\u00edgeno que transporta la hemoglobina en la sangre.<\/p>\n<p>La SpO2 es un indicador importante de la salud respiratoria. Una SpO2 baja puede ser un signo de problemas respiratorios, como la apnea del sue\u00f1o o la enfermedad pulmonar obstructiva cr\u00f3nica (EPOC).<\/p>\n<p>PRODUCTO DE USO REDUCIDO, NO APTO PARA MONITOREO CONTINUO.<\/p>\n","protected":false},"featured_media":10447,"comment_status":"open","ping_status":"closed","template":"","meta":{"_acf_changed":false},"product_brand":[5365],"product_cat":[6398,6384,6396],"product_tag":[5608,5364,5961,5368],"class_list":{"0":"post-54897","1":"product","2":"type-product","3":"status-publish","4":"has-post-thumbnail","6":"product_brand-heal-force","7":"product_cat-adulto","8":"product_cat-medicion-y-diagnostico","9":"product_cat-oximetro","10":"product_tag-oxigeno","11":"product_tag-oximetro","12":"product_tag-saturacion","13":"product_tag-saturometro","14":"product_shipping_class-pequeno","16":"first","17":"instock","18":"taxable","19":"shipping-taxable","20":"purchasable","21":"product-type-simple"},"acf":[],"_links":{"self":[{"href":"https:\/\/deltamed.cl\/tienda\/wp-json\/wp\/v2\/product\/54897","targetHints":{"allow":["GET"]}}],"collection":[{"href":"https:\/\/deltamed.cl\/tienda\/wp-json\/wp\/v2\/product"}],"about":[{"href":"https:\/\/deltamed.cl\/tienda\/wp-json\/wp\/v2\/types\/product"}],"replies":[{"embeddable":true,"href":"https:\/\/deltamed.cl\/tienda\/wp-json\/wp\/v2\/comments?post=54897"}],"wp:featuredmedia":[{"embeddable":true,"href":"https:\/\/deltamed.cl\/tienda\/wp-json\/wp\/v2\/media\/10447"}],"wp:attachment":[{"href":"https:\/\/deltamed.cl\/tienda\/wp-json\/wp\/v2\/media?parent=54897"}],"wp:term":[{"taxonomy":"product_brand","embeddable":true,"href":"https:\/\/deltamed.cl\/tienda\/wp-json\/wp\/v2\/product_brand?post=54897"},{"taxonomy":"product_cat","embeddable":true,"href":"https:\/\/deltamed.cl\/tienda\/wp-json\/wp\/v2\/product_cat?post=54897"},{"taxonomy":"product_tag","embeddable":true,"href":"https:\/\/deltamed.cl\/tienda\/wp-json\/wp\/v2\/product_tag?post=54897"}],"curies":[{"name":"wp","href":"https:\/\/api.w.org\/{rel}","templated":true}]}}