{"id":54890,"date":"2026-04-28T19:58:56","date_gmt":"2026-04-28T19:58:56","guid":{"rendered":"https:\/\/dev.deltamed.cl\/?post_type=product&#038;p=54890"},"modified":"2026-04-28T20:00:58","modified_gmt":"2026-04-28T20:00:58","slug":"andador-castor-con-ruedas-frenos-y-asiento-ro512","status":"publish","type":"product","link":"https:\/\/deltamed.cl\/tienda\/tienda\/producto\/andador-castor-con-ruedas-frenos-y-asiento-ro512\/","title":{"rendered":"Andador castor con ruedas, frenos y asiento RO512"},"content":{"rendered":"<p>Andador castor con ruedas, frenos y asiento RO512<\/p>\n<p>Andador roller de 4 ruedas RO512<\/p>\n<p>El andador burrito con ruedas es un dispositivo esencial para mejorar la movilidad de personas con necesidades especiales de caminar, como adultos mayores o aquellos con insuficiencia.<\/p>\n<p>El andador burrito anat\u00f3mico con freno cuenta con un canasto met\u00e1lico de compras, ideal para llevar objetos personales durante el desplazamiento.<\/p>\n<p>Este andador con ruedas es perfecto para cualquier persona que necesite apoyo para trasladarse de un lugar a otro y busca mayor autonom\u00eda en su d\u00eda a d\u00eda.<\/p>\n<p>Con este andador roller, podr\u00e1s disfrutar de la comodidad de su asiento y frenos en las asas, lo que te brinda mayor seguridad al caminar.<\/p>\n<p><strong>Resiste hasta 136kg<\/p>\n<p><\/strong>Ruedas macizas que no se pinchan.<\/p>\n<p>Asiento acolchado abatible con barra horizontal.<\/p>\n<p>Freno manual para ruedas traseras.<\/p>\n<p>Incluye canasto.<\/p>\n<p>Medidas:<\/p>\n<p>-Altura total ajustable 78-92 cm<\/p>\n<p>-Largo 61 cm<\/p>\n<p>-Altura del Asiento 54 cm<\/p>\n<p>-Ancho del Asiento 42.5 cm<\/p>\n<p>-Ancho total 57 cm<\/p>\n<p>-Peso 8.3 kg<\/p>\n<p>Color azul<\/p>\n<p>Plegable.<\/p>\n","protected":false},"excerpt":{"rendered":"<p>Andador castor con ruedas, frenos y asiento RO512<\/p>\n<p>Andador roller de 4 ruedas RO512<\/p>\n<p>El andador burrito con ruedas es un dispositivo esencial para mejorar la movilidad de personas con necesidades especiales de caminar, como adultos mayores o aquellos con insuficiencia.<\/p>\n<p>El andador burrito anat\u00f3mico con freno cuenta con un canasto met\u00e1lico de compras, ideal para llevar objetos personales durante el desplazamiento.<\/p>\n","protected":false},"featured_media":10430,"comment_status":"open","ping_status":"closed","template":"","meta":{"_acf_changed":false},"product_brand":[5281],"product_cat":[6379,6375],"product_tag":[5297,5339,5596],"class_list":{"0":"post-54890","1":"product","2":"type-product","3":"status-publish","4":"has-post-thumbnail","6":"product_brand-deltamed","7":"product_cat-andador","8":"product_cat-ayudas-tecnicas","9":"product_tag-baston","10":"product_tag-burrito","11":"product_tag-silla-de-ruedas","12":"product_shipping_class-mediano","14":"first","15":"outofstock","16":"taxable","17":"shipping-taxable","18":"purchasable","19":"product-type-simple"},"acf":[],"_links":{"self":[{"href":"https:\/\/deltamed.cl\/tienda\/wp-json\/wp\/v2\/product\/54890","targetHints":{"allow":["GET"]}}],"collection":[{"href":"https:\/\/deltamed.cl\/tienda\/wp-json\/wp\/v2\/product"}],"about":[{"href":"https:\/\/deltamed.cl\/tienda\/wp-json\/wp\/v2\/types\/product"}],"replies":[{"embeddable":true,"href":"https:\/\/deltamed.cl\/tienda\/wp-json\/wp\/v2\/comments?post=54890"}],"wp:featuredmedia":[{"embeddable":true,"href":"https:\/\/deltamed.cl\/tienda\/wp-json\/wp\/v2\/media\/10430"}],"wp:attachment":[{"href":"https:\/\/deltamed.cl\/tienda\/wp-json\/wp\/v2\/media?parent=54890"}],"wp:term":[{"taxonomy":"product_brand","embeddable":true,"href":"https:\/\/deltamed.cl\/tienda\/wp-json\/wp\/v2\/product_brand?post=54890"},{"taxonomy":"product_cat","embeddable":true,"href":"https:\/\/deltamed.cl\/tienda\/wp-json\/wp\/v2\/product_cat?post=54890"},{"taxonomy":"product_tag","embeddable":true,"href":"https:\/\/deltamed.cl\/tienda\/wp-json\/wp\/v2\/product_tag?post=54890"}],"curies":[{"name":"wp","href":"https:\/\/api.w.org\/{rel}","templated":true}]}}