{"id":54865,"date":"2026-04-28T19:58:55","date_gmt":"2026-04-28T19:58:55","guid":{"rendered":"https:\/\/dev.deltamed.cl\/?post_type=product&#038;p=54865"},"modified":"2026-05-04T20:38:59","modified_gmt":"2026-05-04T20:38:59","slug":"bano-inodoro-portatil-plegable-ba-383","status":"publish","type":"product","link":"https:\/\/deltamed.cl\/tienda\/tienda\/producto\/bano-inodoro-portatil-plegable-ba-383\/","title":{"rendered":"Ba\u00f1o inodoro port\u00e1til plegable BA-383"},"content":{"rendered":"<p><strong>Ba\u00f1o inodoro port\u00e1til plegable BA-383<\/p>\n<p><\/strong><\/p>\n<p>Es la soluci\u00f3n perfecta para aquellas personas con movilidad reducida, de la tercera edad o en rehabilitaci\u00f3n, a las que les es imposible trasladarse hasta el ba\u00f1o, facilitando la eliminaci\u00f3n de manera pr\u00e1ctica.<\/p>\n<ul>\n<li>Asiento ajustable en altura.<\/li>\n<li>\u00a0Marco de acero resistente.<\/li>\n<li>Respaldo desmontable.<\/li>\n<li>\u00a0Asiento del cubo extra\u00edble y\u00a0 adaptador para usar directamente al inodoro como alza ba\u00f1o.<\/li>\n<li>\u00a0Regatones antideslizantes.<\/li>\n<li>\u00a0Plegable y embalaje peque\u00f1o.<\/li>\n<li><strong>\u00a0CAPACIDAD MAXIMA 150 KG<\/strong><\/li>\n<\/ul>\n<p>Largo 54cm<\/p>\n<p>Ancho 57 cm<\/p>\n<p>Altura 61 &#8211; 76cm<\/p>\n<p>Altura del asiento 41 cm &#8211; 56 cm<\/p>\n<p>Profundidad asiento 43 cm<\/p>\n<p>Ancho asiento 46 cm<\/p>\n<p>Altura reposa brazos 20 cm<\/p>\n<p>Ba\u00f1o inodoro port\u00e1til plegable BA-383<\/p>\n","protected":false},"excerpt":{"rendered":"<p><strong>Ba\u00f1o inodoro port\u00e1til plegable BA-383<\/strong><\/p>\n<p>Es la soluci\u00f3n perfecta para aquellas personas con movilidad reducida, de la tercera edad o en rehabilitaci\u00f3n, a las que les es imposible trasladarse hasta el ba\u00f1o, facilitando la eliminaci\u00f3n de manera pr\u00e1ctica.<\/p>\n<ul>\n<li>Asiento ajustable en altura.<\/li>\n<li>\u00a0Marco de acero resistente.<\/li>\n<li>Respaldo desmontable.<\/li>\n<li>\u00a0Asiento del cubo extra\u00edble y\u00a0 adaptador para usar directamente al inodoro como alza ba\u00f1o.<\/li>\n<li>\u00a0Regatones antideslizantes.<\/li>\n<li>\u00a0Plegable y embalaje peque\u00f1o.<\/li>\n<li><strong>\u00a0CAPACIDAD MAXIMA 150 KG<\/strong><\/li>\n<\/ul>\n<h2><strong>Envio gratis en Santiago*<\/strong><\/h2>\n<p><strong>*Las siguientes comunas no aplican:<\/strong> Alhu\u00e9, Buin, Calera de Tango, Curacav\u00ed, El Monte, Isla de Maipo, Lampa, Mar\u00eda Pinto, Melipilla, Padre Hurtado, Paine, Pe\u00f1aflor, Pirque, San Jos\u00e9 de Maipo, San Pedro, Talagante, Tiltil.<\/p>\n","protected":false},"featured_media":20138,"comment_status":"open","ping_status":"closed","template":"","meta":{"_acf_changed":false},"product_brand":[],"product_cat":[6369,6370],"product_tag":[6672,6673,6674],"class_list":{"0":"post-54865","1":"product","2":"type-product","3":"status-publish","4":"has-post-thumbnail","6":"product_cat-articulos-de-banos","7":"product_cat-sillas-de-bano","8":"product_tag-discapacidad","9":"product_tag-invalido","10":"product_tag-minusvalido","11":"product_shipping_class-mediano","13":"first","14":"instock","15":"sale","16":"taxable","17":"shipping-taxable","18":"purchasable","19":"product-type-simple"},"acf":[],"_links":{"self":[{"href":"https:\/\/deltamed.cl\/tienda\/wp-json\/wp\/v2\/product\/54865","targetHints":{"allow":["GET"]}}],"collection":[{"href":"https:\/\/deltamed.cl\/tienda\/wp-json\/wp\/v2\/product"}],"about":[{"href":"https:\/\/deltamed.cl\/tienda\/wp-json\/wp\/v2\/types\/product"}],"replies":[{"embeddable":true,"href":"https:\/\/deltamed.cl\/tienda\/wp-json\/wp\/v2\/comments?post=54865"}],"wp:featuredmedia":[{"embeddable":true,"href":"https:\/\/deltamed.cl\/tienda\/wp-json\/wp\/v2\/media\/20138"}],"wp:attachment":[{"href":"https:\/\/deltamed.cl\/tienda\/wp-json\/wp\/v2\/media?parent=54865"}],"wp:term":[{"taxonomy":"product_brand","embeddable":true,"href":"https:\/\/deltamed.cl\/tienda\/wp-json\/wp\/v2\/product_brand?post=54865"},{"taxonomy":"product_cat","embeddable":true,"href":"https:\/\/deltamed.cl\/tienda\/wp-json\/wp\/v2\/product_cat?post=54865"},{"taxonomy":"product_tag","embeddable":true,"href":"https:\/\/deltamed.cl\/tienda\/wp-json\/wp\/v2\/product_tag?post=54865"}],"curies":[{"name":"wp","href":"https:\/\/api.w.org\/{rel}","templated":true}]}}