{"id":540,"date":"2021-01-13T01:55:04","date_gmt":"2021-01-13T04:55:04","guid":{"rendered":"https:\/\/deltamed.cl\/tienda\/?post_type=product&#038;p=540"},"modified":"2026-02-27T13:30:29","modified_gmt":"2026-02-27T16:30:29","slug":"kaltostat-mecha-168117-2gr-convatec","status":"publish","type":"product","link":"https:\/\/deltamed.cl\/tienda\/producto\/kaltostat-mecha-168117-2gr-convatec\/","title":{"rendered":"Kaltostat mecha 168117 2gr convatec"},"content":{"rendered":"<p>Kaltostat mecha 168117 2gr Convatec<\/p>\n<p><b>Descripci\u00f3n<\/b><strong>:<\/strong><\/p>\n<p>El ap\u00f3sito de alginato Kaltostat<sup>\u00ae<\/sup> es un ap\u00f3sito de alginato indicado como ap\u00f3sito primario para heridas cr\u00f3nicas y agudas con exudado de moderado a abundante y para heridas con sangrado menor. En contacto con el exudado el ap\u00f3sito forma gradualmente un gel h\u00famedo, firme altamente absorbente.<\/p>\n<p>Ap\u00f3sito de alginato que fomenta la hemostasia y gestiona el exudado en heridas poco o moderadamente exudativas.<\/p>\n<p>Medida: 2x45cm<\/p>\n<p><strong>Indicaciones del producto:<\/strong><\/p>\n<p>&#8211; Abrasiones leves, laceraciones leves y quemaduras superficiales<br \/>\n&#8211; \u00dalceras en las piernas, \u00falceras diab\u00e9ticas y \u00falceras por presi\u00f3n<br \/>\n&#8211; \u00c1reas donantes, incisiones posquir\u00fargicas dejadas para su curaci\u00f3n por segunda intenci\u00f3n y heridas externas causadas por un traumatismo<br \/>\n&#8211; Tratamiento local de heridas hemorr\u00e1gicas: laceraciones, abrasiones, hemorragias nasales, extracci\u00f3n de dientes y desbridamiento tras una cirug\u00eda<br \/>\n&#8211; Absorci\u00f3n del exudado en las heridas cancerosas<\/p>\n<p><strong>Contraindicaciones:<\/strong><\/p>\n<p>&#8211; Pacientes con sensibilidad conocida al vendaje o a sus componentes<br \/>\n&#8211; No est\u00e1 indicada como esponja quir\u00fargica y en heridas con sangrado abundante<\/p>\n<p><strong>Precauciones y notas:<\/strong><\/p>\n<p>&#8211; Consulte a un profesional de la salud en caso de irritaci\u00f3n, maceraci\u00f3n, hipergranulaci\u00f3n o sensibilidad.<br \/>\n&#8211; El tratamiento de la herida debe realizarse bajo la supervisi\u00f3n de un profesional de la salud.<\/p>\n","protected":false},"excerpt":{"rendered":"<p>Kaltostat mecha 168117 2gr Convatec<\/p>\n<p>El ap\u00f3sito de alginato Kaltostat<sup>\u00ae<\/sup> es un ap\u00f3sito de alginato indicado como ap\u00f3sito primario para heridas cr\u00f3nicas y agudas con exudado de moderado a abundante y para heridas con sangrado menor.<\/p>\n<p>En contacto con el exudado el ap\u00f3sito forma gradualmente un gel h\u00famedo, firme altamente absorbente.<\/p>\n","protected":false},"featured_media":588,"comment_status":"open","ping_status":"closed","template":"","meta":{"_acf_changed":false},"product_brand":[1089],"product_cat":[36],"product_tag":[159,703,68],"class_list":{"0":"post-540","1":"product","2":"type-product","3":"status-publish","4":"has-post-thumbnail","6":"product_brand-convatec","7":"product_cat-tratamiento-de-herida","8":"product_tag-convatec","9":"product_tag-cyberday","10":"product_tag-ostomia","11":"product_shipping_class-extra-pequeno","13":"first","14":"outofstock","15":"shipping-taxable","16":"purchasable","17":"product-type-variable"},"acf":[],"_links":{"self":[{"href":"https:\/\/deltamed.cl\/tienda\/wp-json\/wp\/v2\/product\/540","targetHints":{"allow":["GET"]}}],"collection":[{"href":"https:\/\/deltamed.cl\/tienda\/wp-json\/wp\/v2\/product"}],"about":[{"href":"https:\/\/deltamed.cl\/tienda\/wp-json\/wp\/v2\/types\/product"}],"replies":[{"embeddable":true,"href":"https:\/\/deltamed.cl\/tienda\/wp-json\/wp\/v2\/comments?post=540"}],"version-history":[{"count":5,"href":"https:\/\/deltamed.cl\/tienda\/wp-json\/wp\/v2\/product\/540\/revisions"}],"predecessor-version":[{"id":19840,"href":"https:\/\/deltamed.cl\/tienda\/wp-json\/wp\/v2\/product\/540\/revisions\/19840"}],"wp:featuredmedia":[{"embeddable":true,"href":"https:\/\/deltamed.cl\/tienda\/wp-json\/wp\/v2\/media\/588"}],"wp:attachment":[{"href":"https:\/\/deltamed.cl\/tienda\/wp-json\/wp\/v2\/media?parent=540"}],"wp:term":[{"taxonomy":"product_brand","embeddable":true,"href":"https:\/\/deltamed.cl\/tienda\/wp-json\/wp\/v2\/product_brand?post=540"},{"taxonomy":"product_cat","embeddable":true,"href":"https:\/\/deltamed.cl\/tienda\/wp-json\/wp\/v2\/product_cat?post=540"},{"taxonomy":"product_tag","embeddable":true,"href":"https:\/\/deltamed.cl\/tienda\/wp-json\/wp\/v2\/product_tag?post=540"}],"curies":[{"name":"wp","href":"https:\/\/api.w.org\/{rel}","templated":true}]}}