{"id":532,"date":"2021-01-07T11:39:36","date_gmt":"2021-01-07T14:39:36","guid":{"rendered":"https:\/\/deltamed.cl\/tienda\/?post_type=product&#038;p=532"},"modified":"2026-03-29T20:03:56","modified_gmt":"2026-03-29T23:03:56","slug":"jeringa-tuberculina-1cc-aguja-de-27x1-2-caja-cranberry","status":"publish","type":"product","link":"https:\/\/deltamed.cl\/tienda\/producto\/jeringa-tuberculina-1cc-aguja-de-27x1-2-caja-cranberry\/","title":{"rendered":"Jeringa tuberculina 1 cc aguja de 27 x 1\/2 Cranberry"},"content":{"rendered":"<div class=\"row mt-xlg\">\n<div class=\"col-md-6\">\n<div class=\"summary entry-summary\">\n<div class=\"mt-xlg\">\n<p>Jeringa tuberculina 1cc aguja de 27&#215;1\/2 Cranberry<\/p>\n<p>Caja contiene 100 unidades<\/p>\n<p>Dispositivo m\u00e9dico desechable, conocido por permitir alta velocidad de flujo con una aguja de peque\u00f1o calibre. Especialmente dise\u00f1ada para vacunas en neonatos. La jeringa posee aguja, cuerpo y \u00e9mbolo.<\/p>\n<p>Protector de aguja, cuerpo y \u00e9mbolo de polipropileno. Pist\u00f3n de caucho sint\u00e9tico impregnada en silicona de grado m\u00e9dico. Aguja de acero inoxidable.<\/p>\n<\/div>\n<p>&#8211; Todas nuestras jeringas se encuentran registradas en el Instituto de Salud P\u00fablica de Chile (ISP).<\/p>\n<p>&#8211; Libre de pir\u00f3genos.<\/p>\n<p>&#8211; Suave deslizamiento del \u00e9mbolo.<\/p>\n<p>&#8211; Graduado indeleble.<\/p>\n<p>&#8211; Empaque bilaminado.<\/p>\n<p>&#8211; Conexi\u00f3n Luer slip.<\/p>\n<p>AAJECR01<\/p>\n<\/div>\n<\/div>\n<\/div>\n","protected":false},"excerpt":{"rendered":"<div class=\"row mt-xlg\">\n<div class=\"col-md-6\">\n<div class=\"summary entry-summary\">\n<div class=\"mt-xlg\">\n<p>Jeringa tuberculina 1cc aguja de 27&#215;1\/2 Cranberry<\/p>\n<p>Caja contiene 100 unidades<\/p>\n<p>Dispositivo m\u00e9dico desechable, conocido por permitir alta velocidad de flujo con una aguja de peque\u00f1o calibre.<\/p>\n<p>Especialmente dise\u00f1ada para vacunas en neonatos. La jeringa posee aguja, cuerpo y \u00e9mbolo.<\/p>\n<p>Protector de aguja, cuerpo y \u00e9mbolo de polipropileno. Pist\u00f3n de caucho sint\u00e9tico impregnada en silicona de grado m\u00e9dico.<\/p>\n<p>Aguja de acero inoxidable.<\/p>\n<\/div>\n<div class=\"row\">\n<div class=\"col-xs-6\"><\/div>\n<\/div>\n<\/div>\n<\/div>\n<\/div>\n","protected":false},"featured_media":583,"comment_status":"open","ping_status":"closed","template":"","meta":{"_acf_changed":false},"product_brand":[1087],"product_cat":[94,370],"product_tag":[119],"class_list":{"0":"post-532","1":"product","2":"type-product","3":"status-publish","4":"has-post-thumbnail","6":"product_brand-cranberry","7":"product_cat-insumos-desechables","8":"product_cat-jeringas","9":"product_tag-cranberry","10":"product_shipping_class-pequeno","12":"first","13":"instock","14":"shipping-taxable","15":"purchasable","16":"product-type-simple"},"acf":[],"_links":{"self":[{"href":"https:\/\/deltamed.cl\/tienda\/wp-json\/wp\/v2\/product\/532","targetHints":{"allow":["GET"]}}],"collection":[{"href":"https:\/\/deltamed.cl\/tienda\/wp-json\/wp\/v2\/product"}],"about":[{"href":"https:\/\/deltamed.cl\/tienda\/wp-json\/wp\/v2\/types\/product"}],"replies":[{"embeddable":true,"href":"https:\/\/deltamed.cl\/tienda\/wp-json\/wp\/v2\/comments?post=532"}],"version-history":[{"count":2,"href":"https:\/\/deltamed.cl\/tienda\/wp-json\/wp\/v2\/product\/532\/revisions"}],"predecessor-version":[{"id":9642,"href":"https:\/\/deltamed.cl\/tienda\/wp-json\/wp\/v2\/product\/532\/revisions\/9642"}],"wp:featuredmedia":[{"embeddable":true,"href":"https:\/\/deltamed.cl\/tienda\/wp-json\/wp\/v2\/media\/583"}],"wp:attachment":[{"href":"https:\/\/deltamed.cl\/tienda\/wp-json\/wp\/v2\/media?parent=532"}],"wp:term":[{"taxonomy":"product_brand","embeddable":true,"href":"https:\/\/deltamed.cl\/tienda\/wp-json\/wp\/v2\/product_brand?post=532"},{"taxonomy":"product_cat","embeddable":true,"href":"https:\/\/deltamed.cl\/tienda\/wp-json\/wp\/v2\/product_cat?post=532"},{"taxonomy":"product_tag","embeddable":true,"href":"https:\/\/deltamed.cl\/tienda\/wp-json\/wp\/v2\/product_tag?post=532"}],"curies":[{"name":"wp","href":"https:\/\/api.w.org\/{rel}","templated":true}]}}