{"id":531,"date":"2021-01-13T01:48:38","date_gmt":"2021-01-13T04:48:38","guid":{"rendered":"https:\/\/deltamed.cl\/tienda\/?post_type=product&#038;p=531"},"modified":"2026-02-27T13:52:26","modified_gmt":"2026-02-27T16:52:26","slug":"jeringa-de-insulina-100-ui-x-100-unid","status":"publish","type":"product","link":"https:\/\/deltamed.cl\/tienda\/producto\/jeringa-de-insulina-100-ui-x-100-unid\/","title":{"rendered":"Jeringa de insulina 100 UI x 100 unid"},"content":{"rendered":"<p>Jeringa de insulina 100 UI x 100 unid<\/p>\n<p>Dispositivo m\u00e9dico est\u00e9ril indicado para inyecciones de insulina. Una jeringa de 1 ml tiene 100 unidades de insulina. Antes de inyectar, revisar siempre la indicaci\u00f3n m\u00e9dica. Producto descartable para un solo uso. No reutilizar. Una jeringa de insulina de 100 UI es un dispositivo utilizado para administrar dosis precisas de insulina a personas con diabetes. Estas jeringas est\u00e1n dise\u00f1adas espec\u00edficamente para la inyecci\u00f3n subcut\u00e1nea de insulina, que es la forma com\u00fan de administrarla.<\/p>\n<p>La jeringa de insulina de 100 UI tiene una aguja delgada y corta que facilita la inyecci\u00f3n subcut\u00e1nea en la capa de grasa justo debajo de la piel. Esto permite que la insulina se absorba adecuadamente y sea efectiva en el control del nivel de az\u00facar en la sangre.<\/p>\n<p>&#8211; Suave deslizamiento del \u00e9mbolo.<br \/>\n&#8211; Aguja fina y flexible.<\/p>\n<p>Est\u00e9ril<\/p>\n<p>CAJA 100 UNIDADES<\/p>\n<p>ID &#8211; AAJECIN3<\/p>\n<p>&nbsp;<\/p>\n","protected":false},"excerpt":{"rendered":"<p>Jeringa de insulina 100 UI x 100 unid<\/p>\n<p>Dispositivo m\u00e9dico est\u00e9ril indicado para inyecciones de insulina. Una jeringa de 1 ml tiene 100 unidades de insulina. Antes de inyectar, revisar siempre la indicaci\u00f3n m\u00e9dica. Producto descartable para un solo uso. No reutilizar. Una jeringa de insulina de 100 UI es un dispositivo utilizado para administrar dosis precisas de insulina a personas con diabetes. Estas jeringas est\u00e1n dise\u00f1adas espec\u00edficamente para la inyecci\u00f3n subcut\u00e1nea de insulina, que es la forma com\u00fan de administrarla.<\/p>\n<p>CAJA 100 UNIDADES<\/p>\n<p>&nbsp;<\/p>\n","protected":false},"featured_media":581,"comment_status":"open","ping_status":"closed","template":"","meta":{"_acf_changed":false},"product_brand":[],"product_cat":[94,370],"product_tag":[258,123],"class_list":{"0":"post-531","1":"product","2":"type-product","3":"status-publish","4":"has-post-thumbnail","6":"product_cat-insumos-desechables","7":"product_cat-jeringas","8":"product_tag-insulina","9":"product_tag-jeringa","10":"product_shipping_class-pequeno","12":"first","13":"instock","14":"shipping-taxable","15":"purchasable","16":"product-type-variable"},"acf":[],"_links":{"self":[{"href":"https:\/\/deltamed.cl\/tienda\/wp-json\/wp\/v2\/product\/531","targetHints":{"allow":["GET"]}}],"collection":[{"href":"https:\/\/deltamed.cl\/tienda\/wp-json\/wp\/v2\/product"}],"about":[{"href":"https:\/\/deltamed.cl\/tienda\/wp-json\/wp\/v2\/types\/product"}],"replies":[{"embeddable":true,"href":"https:\/\/deltamed.cl\/tienda\/wp-json\/wp\/v2\/comments?post=531"}],"version-history":[{"count":1,"href":"https:\/\/deltamed.cl\/tienda\/wp-json\/wp\/v2\/product\/531\/revisions"}],"predecessor-version":[{"id":9091,"href":"https:\/\/deltamed.cl\/tienda\/wp-json\/wp\/v2\/product\/531\/revisions\/9091"}],"wp:featuredmedia":[{"embeddable":true,"href":"https:\/\/deltamed.cl\/tienda\/wp-json\/wp\/v2\/media\/581"}],"wp:attachment":[{"href":"https:\/\/deltamed.cl\/tienda\/wp-json\/wp\/v2\/media?parent=531"}],"wp:term":[{"taxonomy":"product_brand","embeddable":true,"href":"https:\/\/deltamed.cl\/tienda\/wp-json\/wp\/v2\/product_brand?post=531"},{"taxonomy":"product_cat","embeddable":true,"href":"https:\/\/deltamed.cl\/tienda\/wp-json\/wp\/v2\/product_cat?post=531"},{"taxonomy":"product_tag","embeddable":true,"href":"https:\/\/deltamed.cl\/tienda\/wp-json\/wp\/v2\/product_tag?post=531"}],"curies":[{"name":"wp","href":"https:\/\/api.w.org\/{rel}","templated":true}]}}