{"id":5301,"date":"2023-04-12T13:46:40","date_gmt":"2023-04-12T16:46:40","guid":{"rendered":"https:\/\/deltamed.cl\/tienda\/?post_type=product&#038;p=5301"},"modified":"2026-04-19T18:29:46","modified_gmt":"2026-04-19T21:29:46","slug":"cinta-glicemia-caresens-n-strip","status":"publish","type":"product","link":"https:\/\/deltamed.cl\/tienda\/producto\/cinta-glicemia-caresens-n-strip\/","title":{"rendered":"Cinta de glicemia CareSens N strip 50 unid"},"content":{"rendered":"<h2>Cinta de glicemia CareSens N strip 50 unid<\/h2>\n<p><strong>Cinta para\u00a0monitorear regularmente sus niveles de az\u00facar en la sangre.<\/strong><br \/>\nCon su tecnolog\u00eda sin codificaci\u00f3n y an\u00e1lisis r\u00e1pido en solo 5 segundos, puedes obtener resultados precisos y confiables en poco tiempo.<br \/>\nLa absorci\u00f3n de sangre autom\u00e1tica hace que el proceso sea f\u00e1cil y sin complicaciones. Adem\u00e1s, esta caja contiene 50 unidades y es compatible con el medidor CareSens N.<br \/>\nEl producto viene con un manual de instrucciones y est\u00e1 certificado por CE.<br \/>\nHecho en Corea.<\/p>\n<p>Este art\u00edculo tambi\u00e9n es conocido como tiras de glicemia CareSens N caja 50 unidades. Tiras de glucosa CareSens N caja 50 unidades. Cintas de glicemia CareSens N caja 50 unidades.<\/p>\n","protected":false},"excerpt":{"rendered":"<h2><strong>Cinta de glicemia CareSens N strip 50 unid<\/strong><\/h2>\n<p>Excelente opci\u00f3n para aquellos que necesitan monitorear regularmente sus niveles de az\u00facar en la sangre.<br \/>\nCon su tecnolog\u00eda sin codificaci\u00f3n y an\u00e1lisis r\u00e1pido en solo 5 segundos, puedes obtener resultados precisos y confiables en poco tiempo.<br \/>\nLa absorci\u00f3n de sangre autom\u00e1tica hace que el proceso sea f\u00e1cil y sin complicaciones.<br \/>\nEl producto viene con un manual de instrucciones y est\u00e1 certificado por CE.<br \/>\nFabricado en Corea<\/p>\n<p>Compatible con medidor CareSens N<\/p>\n","protected":false},"featured_media":5303,"comment_status":"open","ping_status":"closed","template":"","meta":{"_acf_changed":false},"product_brand":[1094],"product_cat":[15,356],"product_tag":[533,532,520,524,111,523,63,619,620,534,521,522],"class_list":{"0":"post-5301","1":"product","2":"type-product","3":"status-publish","4":"has-post-thumbnail","6":"product_brand-caresens","7":"product_cat-medicion-y-diagnostico","8":"product_cat-glucometro","9":"product_tag-azucar","10":"product_tag-care-sens-n","11":"product_tag-cintas","12":"product_tag-diabetes","13":"product_tag-glicemia","14":"product_tag-glucometro","15":"product_tag-glucosa","16":"product_tag-hemoglucotest","17":"product_tag-medidor-de-glucosa","18":"product_tag-muestra","19":"product_tag-tiras","20":"product_tag-tiras-reactivas","21":"product_shipping_class-extra-pequeno","23":"first","24":"instock","25":"shipping-taxable","26":"purchasable","27":"product-type-simple"},"acf":[],"_links":{"self":[{"href":"https:\/\/deltamed.cl\/tienda\/wp-json\/wp\/v2\/product\/5301","targetHints":{"allow":["GET"]}}],"collection":[{"href":"https:\/\/deltamed.cl\/tienda\/wp-json\/wp\/v2\/product"}],"about":[{"href":"https:\/\/deltamed.cl\/tienda\/wp-json\/wp\/v2\/types\/product"}],"replies":[{"embeddable":true,"href":"https:\/\/deltamed.cl\/tienda\/wp-json\/wp\/v2\/comments?post=5301"}],"version-history":[{"count":16,"href":"https:\/\/deltamed.cl\/tienda\/wp-json\/wp\/v2\/product\/5301\/revisions"}],"predecessor-version":[{"id":18245,"href":"https:\/\/deltamed.cl\/tienda\/wp-json\/wp\/v2\/product\/5301\/revisions\/18245"}],"wp:featuredmedia":[{"embeddable":true,"href":"https:\/\/deltamed.cl\/tienda\/wp-json\/wp\/v2\/media\/5303"}],"wp:attachment":[{"href":"https:\/\/deltamed.cl\/tienda\/wp-json\/wp\/v2\/media?parent=5301"}],"wp:term":[{"taxonomy":"product_brand","embeddable":true,"href":"https:\/\/deltamed.cl\/tienda\/wp-json\/wp\/v2\/product_brand?post=5301"},{"taxonomy":"product_cat","embeddable":true,"href":"https:\/\/deltamed.cl\/tienda\/wp-json\/wp\/v2\/product_cat?post=5301"},{"taxonomy":"product_tag","embeddable":true,"href":"https:\/\/deltamed.cl\/tienda\/wp-json\/wp\/v2\/product_tag?post=5301"}],"curies":[{"name":"wp","href":"https:\/\/api.w.org\/{rel}","templated":true}]}}