{"id":53,"date":"2020-11-18T14:49:02","date_gmt":"2020-11-18T17:49:02","guid":{"rendered":"https:\/\/deltamed.cl\/tienda\/?post_type=product&#038;p=53"},"modified":"2026-02-27T07:15:45","modified_gmt":"2026-02-27T10:15:45","slug":"piso-de-ducha-sin-respaldo","status":"publish","type":"product","link":"https:\/\/deltamed.cl\/tienda\/producto\/piso-de-ducha-sin-respaldo\/","title":{"rendered":"Piso de Ducha Sin Respaldo"},"content":{"rendered":"<p>Piso de Ducha Sin Respaldo<\/p>\n<p>Piso de ducha para ba\u00f1o de aluminio ultraligero de alta resistencia con altura ajustable y asiento curvo ergon\u00f3mico, especialmente dise\u00f1ado para entregar la mayor seguridad y comodidad en el ba\u00f1o.<\/p>\n<p>\u2022 Estructura de aluminio anodizado duradero.<br \/>\n\u2022 Con puntas de aspiraci\u00f3n antideslizantes y reemplazables.<br \/>\n\u2022 Altura total ajustable.<br \/>\n\u2022 Asiento en poliuretano<br \/>\n\u2022 F\u00e1cil de limpiar.<br \/>\n\u2022 Marca Deltamed<br \/>\n\u2022 Altura: 41-53cm<br \/>\n\u2022 Ancho: 46cm<br \/>\n\u2022 Largo: 45cm<br \/>\n\u2022 Ancho del Asiento: 51cm<br \/>\n\u2022 Altura del Asiento: 38-50cm<br \/>\n\u2022 Profundidad: 31cm<br \/>\n\u2022 Peso: 1.8kg<br \/>\n\u2022 Capacidad M\u00e1xima: 100kg<\/p>\n","protected":false},"excerpt":{"rendered":"<p>Piso de Ducha Sin Respaldo<\/p>\n<p>Piso de ducha para ba\u00f1o de aluminio ultraligero de alta resistencia con altura ajustable y asiento curvo ergon\u00f3mico, especialmente dise\u00f1ado para entregar la mayor seguridad y comodidad en el ba\u00f1o.<\/p>\n<p>\u2022 Estructura de aluminio anodizado duradero.<br \/>\n\u2022 Con puntas de aspiraci\u00f3n antideslizantes y reemplazables.<br \/>\n\u2022 Altura total ajustable.<br \/>\n\u2022 Asiento en poliuretano<br \/>\n\u2022 F\u00e1cil de limpiar.<br \/>\n\u2022 Marca Deltamed<\/p>\n","protected":false},"featured_media":18198,"comment_status":"open","ping_status":"closed","template":"","meta":{"_acf_changed":false},"product_brand":[1091],"product_cat":[1035,1032,363],"product_tag":[24,26,585,31,1201,32,30],"class_list":{"0":"post-53","1":"product","2":"type-product","3":"status-publish","4":"has-post-thumbnail","6":"product_brand-deltamed","7":"product_cat-pisos_adultos","8":"product_cat-sillas-bano","9":"product_cat-articulos-de-bano","10":"product_tag-adulto-mayor","11":"product_tag-bano","12":"product_tag-deltamed","13":"product_tag-ducha","14":"product_tag-oferta-invierno","15":"product_tag-respaldo","16":"product_tag-silla","17":"product_shipping_class-pequeno","19":"first","20":"instock","21":"sale","22":"shipping-taxable","23":"purchasable","24":"product-type-simple"},"acf":[],"_links":{"self":[{"href":"https:\/\/deltamed.cl\/tienda\/wp-json\/wp\/v2\/product\/53","targetHints":{"allow":["GET"]}}],"collection":[{"href":"https:\/\/deltamed.cl\/tienda\/wp-json\/wp\/v2\/product"}],"about":[{"href":"https:\/\/deltamed.cl\/tienda\/wp-json\/wp\/v2\/types\/product"}],"replies":[{"embeddable":true,"href":"https:\/\/deltamed.cl\/tienda\/wp-json\/wp\/v2\/comments?post=53"}],"version-history":[{"count":3,"href":"https:\/\/deltamed.cl\/tienda\/wp-json\/wp\/v2\/product\/53\/revisions"}],"predecessor-version":[{"id":13748,"href":"https:\/\/deltamed.cl\/tienda\/wp-json\/wp\/v2\/product\/53\/revisions\/13748"}],"wp:featuredmedia":[{"embeddable":true,"href":"https:\/\/deltamed.cl\/tienda\/wp-json\/wp\/v2\/media\/18198"}],"wp:attachment":[{"href":"https:\/\/deltamed.cl\/tienda\/wp-json\/wp\/v2\/media?parent=53"}],"wp:term":[{"taxonomy":"product_brand","embeddable":true,"href":"https:\/\/deltamed.cl\/tienda\/wp-json\/wp\/v2\/product_brand?post=53"},{"taxonomy":"product_cat","embeddable":true,"href":"https:\/\/deltamed.cl\/tienda\/wp-json\/wp\/v2\/product_cat?post=53"},{"taxonomy":"product_tag","embeddable":true,"href":"https:\/\/deltamed.cl\/tienda\/wp-json\/wp\/v2\/product_tag?post=53"}],"curies":[{"name":"wp","href":"https:\/\/api.w.org\/{rel}","templated":true}]}}