{"id":529,"date":"2021-01-13T01:00:58","date_gmt":"2021-01-13T04:00:58","guid":{"rendered":"https:\/\/deltamed.cl\/tienda\/?post_type=product&#038;p=529"},"modified":"2026-02-27T13:30:28","modified_gmt":"2026-02-27T16:30:28","slug":"baston-ortopedico-con-4-patas","status":"publish","type":"product","link":"https:\/\/deltamed.cl\/tienda\/producto\/baston-ortopedico-con-4-patas\/","title":{"rendered":"Bast\u00f3n ortop\u00e9dico con 4 patas"},"content":{"rendered":"<p>Bast\u00f3n ortop\u00e9dico con 4 patas<\/p>\n<p>Bast\u00f3n de Aluminio con gran estabilidad al apoyarse sobre 4 puntos de apoyo, esto otorga mayor seguridad en los desplazamientos.<\/p>\n<ul>\n<li>Altura graduable.<\/li>\n<li>Ambidiestro<\/li>\n<li>Pu\u00f1o acolchado de goma suave.<\/li>\n<li>Base Piramidal con 4 puntos de apoyo con topes de goma.<\/li>\n<li>Altura regulable desde 74 a 91 cm<\/li>\n<li>Peso aprox. 0.9 Kg<\/li>\n<li>Diametro del Tubo: 2 cm<\/li>\n<li>Numero de perforaciones de ajuste: 8<\/li>\n<li>Separacion entre las perforaciones de ajuste: 2.5 cm<\/li>\n<\/ul>\n","protected":false},"excerpt":{"rendered":"<p>Bast\u00f3n ortop\u00e9dico con 4 patas<\/p>\n<p>Bast\u00f3n de Aluminio con gran estabilidad al apoyarse sobre 4 puntos de apoyo, esto otorga mayor seguridad en los desplazamientos.<\/p>\n<ul>\n<li>Altura graduable.<\/li>\n<li>Ambidiestro<\/li>\n<li>Pu\u00f1o acolchado de goma suave.<\/li>\n<\/ul>\n","protected":false},"featured_media":578,"comment_status":"open","ping_status":"closed","template":"","meta":{"_acf_changed":false},"product_brand":[1091],"product_cat":[23,368,34],"product_tag":[257,486,54,703,585,165],"class_list":{"0":"post-529","1":"product","2":"type-product","3":"status-publish","4":"has-post-thumbnail","6":"product_brand-deltamed","7":"product_cat-ayudas-tecnicas-de-bano","8":"product_cat-bastones","9":"product_cat-movilidad","10":"product_tag-4-patas","11":"product_tag-ayudas-tecnicas","12":"product_tag-baston","13":"product_tag-cyberday","14":"product_tag-deltamed","15":"product_tag-ortopedia","16":"product_shipping_class-pequeno","18":"first","19":"instock","20":"shipping-taxable","21":"purchasable","22":"product-type-simple"},"acf":[],"_links":{"self":[{"href":"https:\/\/deltamed.cl\/tienda\/wp-json\/wp\/v2\/product\/529","targetHints":{"allow":["GET"]}}],"collection":[{"href":"https:\/\/deltamed.cl\/tienda\/wp-json\/wp\/v2\/product"}],"about":[{"href":"https:\/\/deltamed.cl\/tienda\/wp-json\/wp\/v2\/types\/product"}],"replies":[{"embeddable":true,"href":"https:\/\/deltamed.cl\/tienda\/wp-json\/wp\/v2\/comments?post=529"}],"version-history":[{"count":2,"href":"https:\/\/deltamed.cl\/tienda\/wp-json\/wp\/v2\/product\/529\/revisions"}],"predecessor-version":[{"id":8296,"href":"https:\/\/deltamed.cl\/tienda\/wp-json\/wp\/v2\/product\/529\/revisions\/8296"}],"wp:featuredmedia":[{"embeddable":true,"href":"https:\/\/deltamed.cl\/tienda\/wp-json\/wp\/v2\/media\/578"}],"wp:attachment":[{"href":"https:\/\/deltamed.cl\/tienda\/wp-json\/wp\/v2\/media?parent=529"}],"wp:term":[{"taxonomy":"product_brand","embeddable":true,"href":"https:\/\/deltamed.cl\/tienda\/wp-json\/wp\/v2\/product_brand?post=529"},{"taxonomy":"product_cat","embeddable":true,"href":"https:\/\/deltamed.cl\/tienda\/wp-json\/wp\/v2\/product_cat?post=529"},{"taxonomy":"product_tag","embeddable":true,"href":"https:\/\/deltamed.cl\/tienda\/wp-json\/wp\/v2\/product_tag?post=529"}],"curies":[{"name":"wp","href":"https:\/\/api.w.org\/{rel}","templated":true}]}}