{"id":5163,"date":"2023-03-08T10:36:12","date_gmt":"2023-03-08T13:36:12","guid":{"rendered":"https:\/\/deltamed.cl\/tienda\/?post_type=product&#038;p=5163"},"modified":"2026-03-30T10:57:12","modified_gmt":"2026-03-30T13:57:12","slug":"tira-reactiva-orina-urit-10g","status":"publish","type":"product","link":"https:\/\/deltamed.cl\/tienda\/producto\/tira-reactiva-orina-urit-10g\/","title":{"rendered":"Tira reactiva orina urit 10G"},"content":{"rendered":"<p><strong>SUSTITUTE AL COMBINA 10G<\/strong><\/p>\n<p>Tira reactiva orina urit 10G sensibles para an\u00e1lisis de orina, para obtener r\u00e1pidamente resultados precisos.<\/p>\n<p>Cada caja contiene 100 tiras reactivas.<br \/>\nNo necesita aparato o monitor medidor.<\/p>\n<p>Producto certificado CE.<\/p>\n<p>Uso Particular \u2013 Cl\u00ednico \u2013 Hospitalario \u2013 Profesional y Estudiantes de Salud.<\/p>\n<p><strong>Lista de 10 par\u00e1metros:<\/strong><\/p>\n<ul>\n<li><strong>Leucocitos:<\/strong> tambi\u00e9n conocidos como gl\u00f3bulos blancos. Indicar la presencia de infecci\u00f3n.<\/li>\n<li><strong>Cetonas:<\/strong> aumento del metabolismo y tambi\u00e9n por dietas desequilibradas como altas en prote\u00ednas\/bajas en carbohidratos, anorexia o ayuno.<\/li>\n<li><strong>Nitritos:<\/strong> pueden ser un signo de infecci\u00f3n del tracto urinario u otra infecci\u00f3n.<\/li>\n<li><strong>Urobilin\u00f3geno:<\/strong> comprueba si hay<\/li>\n<li><strong>Bilirrubina:<\/strong> puede indicar problemas de la ves\u00edcula biliar, como c\u00e1lculos biliares, hepatitis, cirrosis o tumores.<\/li>\n<li><strong>Prote\u00edna (alb\u00famina):<\/strong> prueba<\/li>\n<li><strong>Glucosa:<\/strong> la prueba m\u00e1s com\u00fan para la diabetes.<\/li>\n<li><strong>Gravedad espec\u00edfica:<\/strong> eval\u00faa el equilibrio h\u00eddrico y la concentraci\u00f3n de orina del cuerpo.<\/li>\n<li><strong>Sangre:<\/strong> puede ser el resultado de una infecci\u00f3n, lesi\u00f3n, inflamaci\u00f3n, c\u00e1lculos renales o c\u00e1ncer.<\/li>\n<li><strong>PH:<\/strong> mide la acidez de la orina, asociado con un mayor riesgo de c\u00e1lculos renales.<\/li>\n<\/ul>\n<p><strong>Instrucciones de uso:<\/strong><\/p>\n<p>Recoja una muestra fresca de orina en un recipiente limpio y seco. Retire\u00a0una tira reactiva del frasco y vuelva a colocar r\u00e1pidamente la tapa del recipiente.<\/p>\n<p>Sumerja el \u00e1rea de reactivos de la tira en la muestra de orina y s\u00e1quela r\u00e1pidamente.<\/p>\n<p>Limpie el exceso de orina contra el borde del recipiente de la muestra.<\/p>\n<p>Compare el cambio de color de las almohadillas reactivas con la carta de colores correspondiente en la etiqueta del frasco. Lea los resultados de acuerdo con el marco de tiempo del gr\u00e1fico para cada panel probado.<\/p>\n<p><strong>Especificaci\u00f3n:<\/strong><\/p>\n<p>Material: disolvente qu\u00edmico y papel<br \/>\nColor: como se muestra<br \/>\nCantidad: 100 piezas\/caja<br \/>\nEl paquete incluye: 100 \u00a0Tiras reactivas de an\u00e1lisis de orina URIT-10G<\/p>\n<p><strong>IMAGEN REFERENCIAL<\/strong><\/p>\n","protected":false},"excerpt":{"rendered":"<p>Tira reactiva orina urit 10G<\/p>\n<p>&nbsp;<\/p>\n<p><strong>Cada caja contiene 100 tiras reactivas.<\/strong><br \/>\n<strong>No necesita aparato o monitor medidor.<\/strong><\/p>\n<p>Para la detecci\u00f3n de diabetes, anormalidades metab\u00f3licas, enfermedades del h\u00edgado, obstrucciones biliares y hep\u00e1ticas, enfermedades hemol\u00edticas y enfermedades en la regi\u00f3n renal y v\u00edas urinarias. Utilizar solo bajo control m\u00e9dico. En todo caso, a fin de establecer un diagn\u00f3stico definitivo y prescribir la terapia adecuada, los resultados obtenidos por medio de tiras reactivas deben verificarse con otras t\u00e9cnicas m\u00e9dico-diagn\u00f3sticas<\/p>\n<p>Para pruebas r\u00e1pidas de:<\/p>\n<ul>\n<li><strong>Leucocitos<\/strong><\/li>\n<li><strong>Cetonas<\/strong><\/li>\n<li><strong>Nitrito<\/strong><\/li>\n<li><strong>Urobilin\u00f3geno<\/strong><\/li>\n<li><strong>Bilirrubina<\/strong><\/li>\n<li><strong>Prote\u00edna<\/strong><\/li>\n<li><strong>Glucosa<\/strong><\/li>\n<li><strong>Densidad especifica<\/strong><\/li>\n<li><strong>Sangre<\/strong><\/li>\n<li><strong>PH<\/strong><\/li>\n<\/ul>\n","protected":false},"featured_media":5164,"comment_status":"open","ping_status":"closed","template":"","meta":{"_acf_changed":false},"product_brand":[],"product_cat":[15],"product_tag":[129,127,63,128],"class_list":{"0":"post-5163","1":"product","2":"type-product","3":"status-publish","4":"has-post-thumbnail","6":"product_cat-medicion-y-diagnostico","7":"product_tag-cetona","8":"product_tag-combina","9":"product_tag-glucosa","10":"product_tag-orina","11":"product_shipping_class-extra-pequeno","13":"first","14":"instock","15":"shipping-taxable","16":"purchasable","17":"product-type-simple"},"acf":[],"_links":{"self":[{"href":"https:\/\/deltamed.cl\/tienda\/wp-json\/wp\/v2\/product\/5163","targetHints":{"allow":["GET"]}}],"collection":[{"href":"https:\/\/deltamed.cl\/tienda\/wp-json\/wp\/v2\/product"}],"about":[{"href":"https:\/\/deltamed.cl\/tienda\/wp-json\/wp\/v2\/types\/product"}],"replies":[{"embeddable":true,"href":"https:\/\/deltamed.cl\/tienda\/wp-json\/wp\/v2\/comments?post=5163"}],"version-history":[{"count":3,"href":"https:\/\/deltamed.cl\/tienda\/wp-json\/wp\/v2\/product\/5163\/revisions"}],"predecessor-version":[{"id":9201,"href":"https:\/\/deltamed.cl\/tienda\/wp-json\/wp\/v2\/product\/5163\/revisions\/9201"}],"wp:featuredmedia":[{"embeddable":true,"href":"https:\/\/deltamed.cl\/tienda\/wp-json\/wp\/v2\/media\/5164"}],"wp:attachment":[{"href":"https:\/\/deltamed.cl\/tienda\/wp-json\/wp\/v2\/media?parent=5163"}],"wp:term":[{"taxonomy":"product_brand","embeddable":true,"href":"https:\/\/deltamed.cl\/tienda\/wp-json\/wp\/v2\/product_brand?post=5163"},{"taxonomy":"product_cat","embeddable":true,"href":"https:\/\/deltamed.cl\/tienda\/wp-json\/wp\/v2\/product_cat?post=5163"},{"taxonomy":"product_tag","embeddable":true,"href":"https:\/\/deltamed.cl\/tienda\/wp-json\/wp\/v2\/product_tag?post=5163"}],"curies":[{"name":"wp","href":"https:\/\/api.w.org\/{rel}","templated":true}]}}