{"id":4900,"date":"2022-12-06T18:12:21","date_gmt":"2022-12-06T21:12:21","guid":{"rendered":"https:\/\/deltamed.cl\/tienda\/?post_type=product&#038;p=4900"},"modified":"2026-02-27T07:16:26","modified_gmt":"2026-02-27T10:16:26","slug":"farmactive-spray-transparente-40-ml","status":"publish","type":"product","link":"https:\/\/deltamed.cl\/tienda\/producto\/farmactive-spray-transparente-40-ml\/","title":{"rendered":"Farmactive spray transparente 40ml"},"content":{"rendered":"<p>Farmactive spray transparente 40ml<\/p>\n<p><strong>Vencen en septiembre 2024<\/strong><\/p>\n<p>Parche en aerosol transparente forma una pelicula protectora e impermeable que prot\u00e9g\u00e9 peque\u00f1as heridas, cortes y abrasiones del ambiente externo.<br \/>\n\u2022 Pel\u00edcula protectora impermeable que protege peque\u00f1as heridas.<br \/>\n\u2022 Cortes y abrasiones, esta forma una barrera protectora sobre la piel.<br \/>\n\u2022 Permite proteger la piel de pacientes postrados para evitar la formaci\u00f3n de escaras.<br \/>\n\u2022 Se seca r\u00e1pidamente (30 segundos)<br \/>\n\u2022 Presentaci\u00f3n en espray de 40 ml<br \/>\n\u2022 Sirve para 80 aplicaciones<br \/>\n\u2022 Origen Italiano<br \/>\n\u2022 Similar al Cavilon 3M<\/p>\n","protected":false},"excerpt":{"rendered":"<p>Farmactive spray transparente 40ml es un parche en aerosol transparente forma una pelicula protectora e impermeable que prot\u00e9g\u00e9 peque\u00f1as heridas, cortes y abrasiones del ambiente externo.<br \/>\n\u2022 Pel\u00edcula protectora impermeable que protege peque\u00f1as heridas.<br \/>\n\u2022 Cortes y abrasiones, esta forma una barrera protectora sobre la piel.<br \/>\n\u2022 Permite proteger la piel de pacientes postrados para evitar la formaci\u00f3n de escaras.<br \/>\n\u2022 Se seca r\u00e1pidamente (30 segundos)<br \/>\n\u2022 Presentaci\u00f3n en espray de 40 ml<br \/>\n\u2022 Sirve para 80 aplicaciones<br \/>\n\u2022 Origen Italiano<br \/>\n\u2022 Similar al Cavilon 3M<\/p>\n<p><strong>Vencen en agosto 2024<\/strong><\/p>\n","protected":false},"featured_media":10453,"comment_status":"open","ping_status":"closed","template":"","meta":{"_acf_changed":false},"product_brand":[],"product_cat":[36,432],"product_tag":[],"class_list":{"0":"post-4900","1":"product","2":"type-product","3":"status-publish","4":"has-post-thumbnail","6":"product_cat-tratamiento-de-herida","7":"product_cat-otros-tratamiento-de-herida","8":"product_shipping_class-extra-pequeno","10":"first","11":"outofstock","12":"sale","13":"shipping-taxable","14":"purchasable","15":"product-type-simple"},"acf":[],"_links":{"self":[{"href":"https:\/\/deltamed.cl\/tienda\/wp-json\/wp\/v2\/product\/4900","targetHints":{"allow":["GET"]}}],"collection":[{"href":"https:\/\/deltamed.cl\/tienda\/wp-json\/wp\/v2\/product"}],"about":[{"href":"https:\/\/deltamed.cl\/tienda\/wp-json\/wp\/v2\/types\/product"}],"replies":[{"embeddable":true,"href":"https:\/\/deltamed.cl\/tienda\/wp-json\/wp\/v2\/comments?post=4900"}],"version-history":[{"count":6,"href":"https:\/\/deltamed.cl\/tienda\/wp-json\/wp\/v2\/product\/4900\/revisions"}],"predecessor-version":[{"id":13375,"href":"https:\/\/deltamed.cl\/tienda\/wp-json\/wp\/v2\/product\/4900\/revisions\/13375"}],"wp:featuredmedia":[{"embeddable":true,"href":"https:\/\/deltamed.cl\/tienda\/wp-json\/wp\/v2\/media\/10453"}],"wp:attachment":[{"href":"https:\/\/deltamed.cl\/tienda\/wp-json\/wp\/v2\/media?parent=4900"}],"wp:term":[{"taxonomy":"product_brand","embeddable":true,"href":"https:\/\/deltamed.cl\/tienda\/wp-json\/wp\/v2\/product_brand?post=4900"},{"taxonomy":"product_cat","embeddable":true,"href":"https:\/\/deltamed.cl\/tienda\/wp-json\/wp\/v2\/product_cat?post=4900"},{"taxonomy":"product_tag","embeddable":true,"href":"https:\/\/deltamed.cl\/tienda\/wp-json\/wp\/v2\/product_tag?post=4900"}],"curies":[{"name":"wp","href":"https:\/\/api.w.org\/{rel}","templated":true}]}}