{"id":4886,"date":"2022-12-06T17:18:31","date_gmt":"2022-12-06T20:18:31","guid":{"rendered":"https:\/\/deltamed.cl\/tienda\/?post_type=product&#038;p=4886"},"modified":"2026-02-27T13:30:49","modified_gmt":"2026-02-27T16:30:49","slug":"fonendoscopio-cardiologico-bk3007-bokang","status":"publish","type":"product","link":"https:\/\/deltamed.cl\/tienda\/producto\/fonendoscopio-cardiologico-bk3007-bokang\/","title":{"rendered":"Fonendoscopio cardiologico BK3007 Bokang"},"content":{"rendered":"<p>Fonendoscopio cardiologico BK3007 Bokang<\/p>\n<p>Fonendoscopio Cardiol\u00f3gico de lujo con doble capsula de Acero Inoxidable que permite una precisa auscultaci\u00f3n en adultos y ni\u00f1os. Olivas blandas para lograr comodidad y hermetismo en el conducto auditivo. Tubo en Y con v\u00edas de conducci\u00f3n del sonido separada para ambos o\u00eddos.<br \/>\nESPECIFICACIONES:<br \/>\n\u2022 Material: Pechera de acero inoxidable<br \/>\n\u2022 Auriculares de acero inoxidable<br \/>\n\u2022 Tubo en Y de PVC, olivas de PVC, diafragma de PVC<br \/>\n\u2022 Incluye membrana y olivas de recambio.<\/p>\n","protected":false},"excerpt":{"rendered":"<p>Fonendoscopio cardiologico BK3007 Bokang<\/p>\n<p>Fonendoscopio Cardiol\u00f3gico de lujo con doble capsula de Acero Inoxidable que permite una precisa auscultaci\u00f3n en adultos y ni\u00f1os. Olivas blandas para lograr comodidad y hermetismo en el conducto auditivo. Tubo en Y con v\u00edas de conducci\u00f3n del sonido separada para ambos o\u00eddos.<br \/>\nESPECIFICACIONES:<br \/>\n\u2022 Material: Pechera de acero inoxidable<br \/>\n\u2022 Auriculares de acero inoxidable<br \/>\n\u2022 Tubo en Y de PVC, olivas de PVC, diafragma de PVC<br \/>\n\u2022 Incluye membrana y olivas de recambio.<\/p>\n","protected":false},"featured_media":4889,"comment_status":"open","ping_status":"closed","template":"","meta":{"_acf_changed":false},"product_brand":[1092],"product_cat":[15,352],"product_tag":[131],"class_list":{"0":"post-4886","1":"product","2":"type-product","3":"status-publish","4":"has-post-thumbnail","6":"product_brand-bokang","7":"product_cat-medicion-y-diagnostico","8":"product_cat-fonendo","9":"product_tag-bokang","10":"product_shipping_class-extra-pequeno","12":"first","13":"instock","14":"shipping-taxable","15":"purchasable","16":"product-type-variable"},"acf":[],"_links":{"self":[{"href":"https:\/\/deltamed.cl\/tienda\/wp-json\/wp\/v2\/product\/4886","targetHints":{"allow":["GET"]}}],"collection":[{"href":"https:\/\/deltamed.cl\/tienda\/wp-json\/wp\/v2\/product"}],"about":[{"href":"https:\/\/deltamed.cl\/tienda\/wp-json\/wp\/v2\/types\/product"}],"replies":[{"embeddable":true,"href":"https:\/\/deltamed.cl\/tienda\/wp-json\/wp\/v2\/comments?post=4886"}],"version-history":[{"count":4,"href":"https:\/\/deltamed.cl\/tienda\/wp-json\/wp\/v2\/product\/4886\/revisions"}],"predecessor-version":[{"id":13133,"href":"https:\/\/deltamed.cl\/tienda\/wp-json\/wp\/v2\/product\/4886\/revisions\/13133"}],"wp:featuredmedia":[{"embeddable":true,"href":"https:\/\/deltamed.cl\/tienda\/wp-json\/wp\/v2\/media\/4889"}],"wp:attachment":[{"href":"https:\/\/deltamed.cl\/tienda\/wp-json\/wp\/v2\/media?parent=4886"}],"wp:term":[{"taxonomy":"product_brand","embeddable":true,"href":"https:\/\/deltamed.cl\/tienda\/wp-json\/wp\/v2\/product_brand?post=4886"},{"taxonomy":"product_cat","embeddable":true,"href":"https:\/\/deltamed.cl\/tienda\/wp-json\/wp\/v2\/product_cat?post=4886"},{"taxonomy":"product_tag","embeddable":true,"href":"https:\/\/deltamed.cl\/tienda\/wp-json\/wp\/v2\/product_tag?post=4886"}],"curies":[{"name":"wp","href":"https:\/\/api.w.org\/{rel}","templated":true}]}}