{"id":4830,"date":"2022-11-21T17:48:06","date_gmt":"2022-11-21T20:48:06","guid":{"rendered":"https:\/\/deltamed.cl\/tienda\/?post_type=product&#038;p=4830"},"modified":"2026-02-27T13:30:44","modified_gmt":"2026-02-27T16:30:44","slug":"espesante-vivalite-tickener","status":"publish","type":"product","link":"https:\/\/deltamed.cl\/tienda\/producto\/espesante-vivalite-tickener\/","title":{"rendered":"Espesante Vivalite tickener"},"content":{"rendered":"<h3 class=\"LC20lb MBeuO DKV0Md\">Espesante Vivalite Tickener Plus 300grs<\/h3>\n<p>Vivalite\u00ae Thickener Plus es un aditivo en polvo (almid\u00f3n de ma\u00edz) que tiene la funci\u00f3n de modificar la consistencia de los alimentos. Puede ser aplicado directamente sobre los alimentos sin modificar su sabor. Es libre de lactosa, sacarosa, gluten y bajo en sodio.<\/p>\n<p>Est\u00e1 recomendado especialmente para personas con problemas de degluci\u00f3n provocados por trastornos neuromusculares, parkinson, alzheimer, disfagia, esclerosis m\u00faltiple, accidentes cerebro vasculares, etc.<\/p>\n<p>Preparacion: Vivalite Thickener Plus puede ser adicionado sobre alimentos l\u00edquidos o semis\u00f3lidos, jugos de fruta, bebidas, sopas, guisos y postres, de acuerdo a las cantidades recomendadas por su medico o nutricionista.<\/p>\n<p>Alimentos L\u00edquidos: Vierta la cantidad recomendada sobre el liquido. Revuelva hasta disolver completamente y lograr la consistencia deseada.<\/p>\n<p>Alimentos Semis\u00f3lidos: Vierta la cantidad recomendada sobre el alimento. Agite hasta mezclar completamente y lograr la consistencia deseada.<\/p>\n<p>Al interior del envase encontrara una unidad dosificadora de 8 gramos (aprox).<\/p>\n<p>Formato: Lata de 300 gr., equivalente a 38 porciones.<\/p>\n<p>Ingredientes: Almid\u00f3n de Ma\u00edz modificado y Maltodextrina.<\/p>\n<p>Precauciones: Se recomienda consultar la dosis adecuada con su profesional de la salud.<\/p>\n<p>Almacenamiento: Mantener el envase cerrado en lugar fresco, limpio y seco. No refrigerar.<br \/>\n* Una vez preparado, debe consumirse antes de 24 horas.<\/p>\n<p>** Al abrir el envase, debe ser consumido antes de 3 meses.<\/p>\n<p>*** Consumir s\u00f3lo v\u00eda oral.<\/p>\n","protected":false},"excerpt":{"rendered":"<p>Espesante Vivalite tickener plus 300grs<\/p>\n<p>Complemento nutritivo en polvo recomendado especialmente para aportar energ\u00eda a cualquier tipo de alimentaci\u00f3n.<\/p>\n<p><strong>Caracter\u00edsticas:<\/strong><\/p>\n<ul>\n<li>Instant\u00e1neo.<\/li>\n<li>Puede ser aplicado directamente sobre los alimentos sin modificar su sabor (sabor neutro).<\/li>\n<li>Libre de lactosa.<\/li>\n<li>Libre de az\u00facar (Sacarosa).<\/li>\n<li>Libre de Colesterol.<\/li>\n<li>Bajo en Sodio.<\/li>\n<li>No requiere cocci\u00f3n, puede ser utilizado en preparaciones dulces o saladas, frias o calientes.<\/li>\n<\/ul>\n","protected":false},"featured_media":4832,"comment_status":"open","ping_status":"closed","template":"","meta":{"_acf_changed":false},"product_brand":[1098],"product_cat":[452,214],"product_tag":[24,526,527,528,215,529,123,530,216],"class_list":{"0":"post-4830","1":"product","2":"type-product","3":"status-publish","4":"has-post-thumbnail","6":"product_brand-vivalite","7":"product_cat-suplementos-alimenticios","8":"product_cat-cuidado-personal","9":"product_tag-adulto-mayor","10":"product_tag-alimento","11":"product_tag-alimetacion","12":"product_tag-enterex","13":"product_tag-espesante","14":"product_tag-espesante-vivalite-tickener-plus-300grs","15":"product_tag-jeringa","16":"product_tag-sonda","17":"product_tag-vivalite","18":"product_shipping_class-pequeno","20":"first","21":"instock","22":"shipping-taxable","23":"purchasable","24":"product-type-simple"},"acf":[],"_links":{"self":[{"href":"https:\/\/deltamed.cl\/tienda\/wp-json\/wp\/v2\/product\/4830","targetHints":{"allow":["GET"]}}],"collection":[{"href":"https:\/\/deltamed.cl\/tienda\/wp-json\/wp\/v2\/product"}],"about":[{"href":"https:\/\/deltamed.cl\/tienda\/wp-json\/wp\/v2\/types\/product"}],"replies":[{"embeddable":true,"href":"https:\/\/deltamed.cl\/tienda\/wp-json\/wp\/v2\/comments?post=4830"}],"version-history":[{"count":2,"href":"https:\/\/deltamed.cl\/tienda\/wp-json\/wp\/v2\/product\/4830\/revisions"}],"predecessor-version":[{"id":11879,"href":"https:\/\/deltamed.cl\/tienda\/wp-json\/wp\/v2\/product\/4830\/revisions\/11879"}],"wp:featuredmedia":[{"embeddable":true,"href":"https:\/\/deltamed.cl\/tienda\/wp-json\/wp\/v2\/media\/4832"}],"wp:attachment":[{"href":"https:\/\/deltamed.cl\/tienda\/wp-json\/wp\/v2\/media?parent=4830"}],"wp:term":[{"taxonomy":"product_brand","embeddable":true,"href":"https:\/\/deltamed.cl\/tienda\/wp-json\/wp\/v2\/product_brand?post=4830"},{"taxonomy":"product_cat","embeddable":true,"href":"https:\/\/deltamed.cl\/tienda\/wp-json\/wp\/v2\/product_cat?post=4830"},{"taxonomy":"product_tag","embeddable":true,"href":"https:\/\/deltamed.cl\/tienda\/wp-json\/wp\/v2\/product_tag?post=4830"}],"curies":[{"name":"wp","href":"https:\/\/api.w.org\/{rel}","templated":true}]}}