{"id":4796,"date":"2022-11-18T17:38:13","date_gmt":"2022-11-18T20:38:13","guid":{"rendered":"https:\/\/deltamed.cl\/tienda\/?post_type=product&#038;p=4796"},"modified":"2026-04-09T15:37:01","modified_gmt":"2026-04-09T18:37:01","slug":"suplemento-vivalite-gold-900g","status":"publish","type":"product","link":"https:\/\/deltamed.cl\/tienda\/producto\/suplemento-vivalite-gold-900g\/","title":{"rendered":"Suplemento vivalite gold 900g"},"content":{"rendered":"<p>Suplemento Vivalite gold 900g<\/p>\n<p>1 tarro de Vivalite\u00ae Suplemento Alimentario.<\/p>\n<p>Suplemento es un alimento en polvo equilibrado y balanceado que contiene 15<br \/>\nVitaminas y 14 Minerales seg\u00fan recomendaciones internacionales de nutrici\u00f3n, es una<br \/>\nbuena fuente de Prote\u00ednas y \u00c1cidos Grasos Omega 3 (EPA y DHA de origen marino),<br \/>\ncontiene Fibra Soluble (Prebi\u00f3ticos), Alto en Calcio y en Vitamina B12, es Libre de<br \/>\nAz\u00facar, Lactosa, Gluten, \u00c1cidos Grasos Trans y Colesterol, Bajo en Grasas Saturadas<br \/>\ny Sodio y es endulzado con Stevia.<br \/>\nIngredientes:<br \/>\nMaltodextrina de ma\u00edz, aceites vegetales (aceite de canola y aceite de girasol), caseinato<br \/>\nde calcio (leche), Minerales (citrato de potasio, fosfato tric\u00e1lcico, citrato de magnesio,<br \/>\ncloruro de sodio, fosfato dipot\u00e1sico, sulfato de zinc, ortofosfato f\u00e9rrico, sulfato de<br \/>\nmanganeso, selenio aminoquelado, sulfato de cobre, cloruro de cromo, molibdato de<br \/>\nsodio y yoduro de potasio), prote\u00edna aislada de soya, \u00e1cido eicosapentaenoico (EPA)<br \/>\ny \u00e1cido docosahexaenoico (DHA) de origen marino (pescado), fructo-oligosac\u00e1ridos<br \/>\n(FOS), inulina, aislado de prote\u00edna de leche, Vitaminas (inositol, citrato de colina,<br \/>\nascorbato de sodio, vitamina E acetato, nicotinamida, vitamina A acetato, pantotenato<br \/>\nde calcio, vitamina D3, clorhidrato de piridoxina, mononitrato de tiamina, riboflavina,<br \/>\nbetacaroteno, \u00e1cido f\u00f3lico, vitamina K1, biotina, cianocobalamina), di\u00f3xido de silicio,<br \/>\nsucralosa, sabor fresa id\u00e9ntico al natural.<\/p>\n<p>Contenido: Neto 900g (cada tarro)<\/p>\n<p>Vivalite\u00ae Suplemento es un alimento que brinda al Adulto Senior una Nutrici\u00f3n Total y Equilibrada.<br \/>\nContiene 15 Vitaminas y 14 Minerales.<br \/>\nEs una buena fuente de Prote\u00ednas, Omega 3 (EPA y DHA) y Prebi\u00f3ticos.<br \/>\nEs alto en Calcio y Vitamina B12.<br \/>\nLibre de Az\u00facar, Lactosa y Colesterol.<br \/>\nBajo en Sodio.<br \/>\nEndulzado con Stevia.<\/p>\n<p>&#8211; Libre de az\u00facar (Apto para diab\u00e9ticos)<br \/>\n&#8211; Libre de lactosa<br \/>\n&#8211; Libre de gluten<br \/>\n&#8211; 0% colesterol<\/p>\n<p>&nbsp;<\/p>\n","protected":false},"excerpt":{"rendered":"<p><strong>Suplemento Vivalite Gold<\/strong> es un suplemento alimentario desarrollado para entregar una nutrici\u00f3n completa y equilibrada para pacientes con deficiencias nutricionales, post operatorios, tratamientos oncol\u00f3gicos y diabetes, donde adem\u00e1s ayuda a prevenir la p\u00e9rdida de masa muscular, controlar colesterol, problemas de estre\u00f1imiento e hipertensi\u00f3n.<\/p>\n<h5><strong>Sabores<br \/>\n<\/strong>Chocolate<br \/>\nVainilla<br \/>\nL\u00facuma<br \/>\nChirimoya alegre<br \/>\nFresa-banana<br \/>\nNeutro<\/h5>\n","protected":false},"featured_media":6597,"comment_status":"open","ping_status":"closed","template":"","meta":{"_acf_changed":false},"product_brand":[1098],"product_cat":[214,452,384],"product_tag":[24,539,540,526,541,654],"class_list":{"0":"post-4796","1":"product","2":"type-product","3":"status-publish","4":"has-post-thumbnail","6":"product_brand-vivalite","7":"product_cat-cuidado-personal","8":"product_cat-suplementos-alimenticios","9":"product_cat-otros","10":"product_tag-adulto-mayor","11":"product_tag-alimentario","12":"product_tag-alimenticio","13":"product_tag-alimento","14":"product_tag-ensure","15":"product_tag-suplemento-vivalite","16":"product_shipping_class-pequeno","18":"first","19":"instock","20":"shipping-taxable","21":"purchasable","22":"product-type-variable"},"acf":[],"_links":{"self":[{"href":"https:\/\/deltamed.cl\/tienda\/wp-json\/wp\/v2\/product\/4796","targetHints":{"allow":["GET"]}}],"collection":[{"href":"https:\/\/deltamed.cl\/tienda\/wp-json\/wp\/v2\/product"}],"about":[{"href":"https:\/\/deltamed.cl\/tienda\/wp-json\/wp\/v2\/types\/product"}],"replies":[{"embeddable":true,"href":"https:\/\/deltamed.cl\/tienda\/wp-json\/wp\/v2\/comments?post=4796"}],"version-history":[{"count":3,"href":"https:\/\/deltamed.cl\/tienda\/wp-json\/wp\/v2\/product\/4796\/revisions"}],"predecessor-version":[{"id":20058,"href":"https:\/\/deltamed.cl\/tienda\/wp-json\/wp\/v2\/product\/4796\/revisions\/20058"}],"wp:featuredmedia":[{"embeddable":true,"href":"https:\/\/deltamed.cl\/tienda\/wp-json\/wp\/v2\/media\/6597"}],"wp:attachment":[{"href":"https:\/\/deltamed.cl\/tienda\/wp-json\/wp\/v2\/media?parent=4796"}],"wp:term":[{"taxonomy":"product_brand","embeddable":true,"href":"https:\/\/deltamed.cl\/tienda\/wp-json\/wp\/v2\/product_brand?post=4796"},{"taxonomy":"product_cat","embeddable":true,"href":"https:\/\/deltamed.cl\/tienda\/wp-json\/wp\/v2\/product_cat?post=4796"},{"taxonomy":"product_tag","embeddable":true,"href":"https:\/\/deltamed.cl\/tienda\/wp-json\/wp\/v2\/product_tag?post=4796"}],"curies":[{"name":"wp","href":"https:\/\/api.w.org\/{rel}","templated":true}]}}