{"id":4756,"date":"2022-11-16T17:26:50","date_gmt":"2022-11-16T20:26:50","guid":{"rendered":"https:\/\/deltamed.cl\/tienda\/?post_type=product&#038;p=4756"},"modified":"2026-02-27T13:30:44","modified_gmt":"2026-02-27T16:30:44","slug":"otoscopio-pocket-jr-22840","status":"publish","type":"product","link":"https:\/\/deltamed.cl\/tienda\/producto\/otoscopio-pocket-jr-22840\/","title":{"rendered":"Otoscopio pocket JR  22840"},"content":{"rendered":"<h1 class=\"product_title entry-title\">Otoscopio Welch Allyn Pocket JR 22840<\/h1>\n<p>Otoscopio pocket JR 22840<\/p>\n<p>El otoscopio Pocket Junior posee toda la tecnolog\u00eda y la mas alta calidad de Welch Allyn, es econ\u00f3mico y proporciona una iluminaci\u00f3n potente para su diagn\u00f3stico.<\/p>\n<ul>\n<li>otoscopio de diagn\u00f3stico\u00a0<strong>compacto y ligero<\/strong>\u00a0que ofrece un alto rendimiento.<\/li>\n<li>El otoscopio Pocket Junior de Welch Allyn es un aparato de diagn\u00f3stico \u00fatil en todo el consultorio.<\/li>\n<li>Est\u00e1 dotado de un dise\u00f1o elegante y un tama\u00f1o pr\u00e1ctico, incorpor\u00e1ndose r\u00e1pidamente a su pr\u00e1ctica cl\u00ednica.<\/li>\n<\/ul>\n<p><b>Carasteristicas\u00a0<\/b><\/p>\n<ul>\n<li>Iluminaci\u00f3n hal\u00f3gena de 2,5 V de larga duraci\u00f3n.\u00a0Iluminaci\u00f3n 30% m\u00e1s brillante, mostrando el color verdadero del tejido.<\/li>\n<li>Fibra \u00f3ptica para transmisi\u00f3n de luz fr\u00eda, garantiza campo de trabajo libre de sombra y calefacci\u00f3n.<\/li>\n<li>Lente de visi\u00f3n amplia para visualizaci\u00f3n con magnificaci\u00f3n.\u00a0Excelente para la visi\u00f3n detallada.\u00a0Lente desmontable para instrumentaci\u00f3n.<\/li>\n<li>Sistema sellado para otoscopia neum\u00e1tica con entrada para pera de insulflaci\u00f3n (pera para insulflaci\u00f3n no incluida).<\/li>\n<li>Mango met\u00e1lico con acabado liso, negro, alimentado por dos pilas alcalinas AA (pilas no incluidas).<\/li>\n<li><strong>Se incluyen 4 Especulos de diferentes tama\u00f1os (Esterilizables en autoclave o soluci\u00f3n para esterilizaci\u00f3n)<br \/>\n<\/strong><\/li>\n<li>Utiliza L\u00e1mpara Hal\u00f3gena de 2,5V<\/li>\n<li>Iluminador de garganta incorporado (se desmonta el cabezal y la l\u00e1mpara queda protegida como linterna).<\/li>\n<li>Conector hembra para acoplar pera insufladora y realizar otoscopias neum\u00e1ticas.<\/li>\n<li>Incluye pilas, 4 esp\u00e9culos reusables de polipropileno de 2, 3, 4 y 5 mm de di\u00e1metro distal.<\/li>\n<li>Producto certificado.<\/li>\n<li>Origen USA.<\/li>\n<\/ul>\n","protected":false},"excerpt":{"rendered":"<h1 class=\"product_title entry-title\">Otoscopio Welch Allyn Pocket JR 22840<\/h1>\n<p>Otoscopio pocket JR 22840<\/p>\n<p>El otoscopio Pocket Junior posee toda la tecnolog\u00eda y la mas alta calidad de Welch Allyn, es econ\u00f3mico y proporciona una iluminaci\u00f3n potente para su diagn\u00f3stico.<\/p>\n<ul>\n<li>otoscopio de diagn\u00f3stico\u00a0<strong>compacto y ligero<\/strong>\u00a0que ofrece un alto rendimiento.<\/li>\n<li>El otoscopio Pocket Junior de Welch Allyn es un aparato de diagn\u00f3stico \u00fatil en todo el consultorio.<\/li>\n<li>Est\u00e1 dotado de un dise\u00f1o elegante y un tama\u00f1o pr\u00e1ctico, incorpor\u00e1ndose r\u00e1pidamente a su pr\u00e1ctica cl\u00ednica.<\/li>\n<\/ul>\n<p>\u2022Otoscopio pocket junior, modelo 22840, marca Welch Allyn.<br \/>\n\u2022Con l\u00e1mpara hal\u00f3gena de 2,5 V.<br \/>\n\u2022Mango met\u00e1lico, gancho tipo lapicera, tecla de encendido\/apagado.<br \/>\n\u2022Iluminaci\u00f3n mediante fibra \u00f3ptica.<br \/>\n\u2022Lupa deslizable gran angular.<br \/>\n\u2022Luz distal fr\u00eda sin reflejos, canal libre para procedimientos.<\/p>\n","protected":false},"featured_media":4793,"comment_status":"open","ping_status":"closed","template":"","meta":{"_acf_changed":false},"product_brand":[1110],"product_cat":[15,355],"product_tag":[],"class_list":{"0":"post-4756","1":"product","2":"type-product","3":"status-publish","4":"has-post-thumbnail","6":"product_brand-welch-allyn","7":"product_cat-medicion-y-diagnostico","8":"product_cat-otoscopio-oftalmoscopio","9":"product_shipping_class-pequeno","11":"first","12":"outofstock","13":"shipping-taxable","14":"purchasable","15":"product-type-simple"},"acf":[],"_links":{"self":[{"href":"https:\/\/deltamed.cl\/tienda\/wp-json\/wp\/v2\/product\/4756","targetHints":{"allow":["GET"]}}],"collection":[{"href":"https:\/\/deltamed.cl\/tienda\/wp-json\/wp\/v2\/product"}],"about":[{"href":"https:\/\/deltamed.cl\/tienda\/wp-json\/wp\/v2\/types\/product"}],"replies":[{"embeddable":true,"href":"https:\/\/deltamed.cl\/tienda\/wp-json\/wp\/v2\/comments?post=4756"}],"version-history":[{"count":1,"href":"https:\/\/deltamed.cl\/tienda\/wp-json\/wp\/v2\/product\/4756\/revisions"}],"predecessor-version":[{"id":16400,"href":"https:\/\/deltamed.cl\/tienda\/wp-json\/wp\/v2\/product\/4756\/revisions\/16400"}],"wp:featuredmedia":[{"embeddable":true,"href":"https:\/\/deltamed.cl\/tienda\/wp-json\/wp\/v2\/media\/4793"}],"wp:attachment":[{"href":"https:\/\/deltamed.cl\/tienda\/wp-json\/wp\/v2\/media?parent=4756"}],"wp:term":[{"taxonomy":"product_brand","embeddable":true,"href":"https:\/\/deltamed.cl\/tienda\/wp-json\/wp\/v2\/product_brand?post=4756"},{"taxonomy":"product_cat","embeddable":true,"href":"https:\/\/deltamed.cl\/tienda\/wp-json\/wp\/v2\/product_cat?post=4756"},{"taxonomy":"product_tag","embeddable":true,"href":"https:\/\/deltamed.cl\/tienda\/wp-json\/wp\/v2\/product_tag?post=4756"}],"curies":[{"name":"wp","href":"https:\/\/api.w.org\/{rel}","templated":true}]}}