{"id":4623,"date":"2022-09-30T11:44:32","date_gmt":"2022-09-30T14:44:32","guid":{"rendered":"https:\/\/deltamed.cl\/tienda\/?post_type=product&#038;p=4623"},"modified":"2026-04-14T12:30:28","modified_gmt":"2026-04-14T15:30:28","slug":"cateter-intravenoso","status":"publish","type":"product","link":"https:\/\/deltamed.cl\/tienda\/producto\/cateter-intravenoso\/","title":{"rendered":"Cat\u00e9ter intravenoso Cranberry"},"content":{"rendered":"<p>Cat\u00e9ter intravenoso<\/p>\n<p>Caja x 50 unidades<\/p>\n<p>Un cat\u00e9ter venoso perif\u00e9rico es un dispositivo m\u00e9dico clase II, compuesto por un tubo delgado,\u00a0 teflonado y flexible que posee en su interior un tr\u00f3car con una punta biselada. Este tr\u00f3car permite insertar el tefl\u00f3n de la v\u00eda venosa perif\u00e9rica en el endolumen de la vena del paciente.<\/p>\n<p>Una vez que el tubo del cat\u00e9ter esta adentro de la vena, es usado para administrar sueros, medicamentos, antibi\u00f3ticos, analg\u00e9sicos, transfusiones sangu\u00edneas y\/o quimioterapias endovenosas.<br \/>\nEste insumo se usa de manera transversal en el \u00e1rea de la salud.<\/p>\n","protected":false},"excerpt":{"rendered":"<p>Cateter intravenoso<\/p>\n<p>Caja x 50 unidades<\/p>\n<p>Un cat\u00e9ter venoso perif\u00e9rico es un dispositivo m\u00e9dico clase II, compuesto por un tubo delgado,\u00a0 teflonado y flexible que posee en su interior un tr\u00f3car con una punta biselada. Este tr\u00f3car permite insertar el tefl\u00f3n de la v\u00eda venosa perif\u00e9rica en el endolumen de la vena del paciente.<\/p>\n","protected":false},"featured_media":6681,"comment_status":"open","ping_status":"closed","template":"","meta":{"_acf_changed":false},"product_brand":[1087],"product_cat":[94,370],"product_tag":[119],"class_list":{"0":"post-4623","1":"product","2":"type-product","3":"status-publish","4":"has-post-thumbnail","6":"product_brand-cranberry","7":"product_cat-insumos-desechables","8":"product_cat-jeringas","9":"product_tag-cranberry","10":"product_shipping_class-pequeno","12":"first","13":"instock","14":"sale","15":"shipping-taxable","16":"purchasable","17":"product-type-variable"},"acf":[],"_links":{"self":[{"href":"https:\/\/deltamed.cl\/tienda\/wp-json\/wp\/v2\/product\/4623","targetHints":{"allow":["GET"]}}],"collection":[{"href":"https:\/\/deltamed.cl\/tienda\/wp-json\/wp\/v2\/product"}],"about":[{"href":"https:\/\/deltamed.cl\/tienda\/wp-json\/wp\/v2\/types\/product"}],"replies":[{"embeddable":true,"href":"https:\/\/deltamed.cl\/tienda\/wp-json\/wp\/v2\/comments?post=4623"}],"version-history":[{"count":4,"href":"https:\/\/deltamed.cl\/tienda\/wp-json\/wp\/v2\/product\/4623\/revisions"}],"predecessor-version":[{"id":19811,"href":"https:\/\/deltamed.cl\/tienda\/wp-json\/wp\/v2\/product\/4623\/revisions\/19811"}],"wp:featuredmedia":[{"embeddable":true,"href":"https:\/\/deltamed.cl\/tienda\/wp-json\/wp\/v2\/media\/6681"}],"wp:attachment":[{"href":"https:\/\/deltamed.cl\/tienda\/wp-json\/wp\/v2\/media?parent=4623"}],"wp:term":[{"taxonomy":"product_brand","embeddable":true,"href":"https:\/\/deltamed.cl\/tienda\/wp-json\/wp\/v2\/product_brand?post=4623"},{"taxonomy":"product_cat","embeddable":true,"href":"https:\/\/deltamed.cl\/tienda\/wp-json\/wp\/v2\/product_cat?post=4623"},{"taxonomy":"product_tag","embeddable":true,"href":"https:\/\/deltamed.cl\/tienda\/wp-json\/wp\/v2\/product_tag?post=4623"}],"curies":[{"name":"wp","href":"https:\/\/api.w.org\/{rel}","templated":true}]}}