{"id":461,"date":"2020-12-23T00:50:51","date_gmt":"2020-12-23T03:50:51","guid":{"rendered":"https:\/\/deltamed.cl\/tienda\/?post_type=product&#038;p=461"},"modified":"2026-02-27T13:30:28","modified_gmt":"2026-02-27T16:30:28","slug":"espirometro-sp80b-contec","status":"publish","type":"product","link":"https:\/\/deltamed.cl\/tienda\/producto\/espirometro-sp80b-contec\/","title":{"rendered":"Espir\u00f3metro Sp80b Contec"},"content":{"rendered":"<p>Espir\u00f3metro SP80B Contec<\/p>\n<p>Dise\u00f1ado para proporcionar mediciones precisas de par\u00e1metros respiratorios, como el Volumen Espiratorio Forzado en el primer segundo (FEV1), la Capacidad Vital Forzada (FVC), la relaci\u00f3n FEV1\/FVC, el Pico de Flujo Espiratorio (PEF)<\/p>\n<p><strong>Funciones adicionales:<br \/>\n<\/strong>Configuraci\u00f3n de Informaci\u00f3n del Usuario: Permite la configuraci\u00f3n de informaci\u00f3n personalizada.<br \/>\nFunci\u00f3n de Revisi\u00f3n de Casos: Facilita la revisi\u00f3n de casos anteriores.<br \/>\nAlmacenamiento Masivo: Capacidad de almacenar hasta 9999 casos.<br \/>\nIndicaci\u00f3n del Tiempo de Espiraci\u00f3n: Funci\u00f3n que indica el tiempo de espiraci\u00f3n.<br \/>\nTransmisi\u00f3n de Datos: Permite la transferencia de datos a trav\u00e9s de Bluetooth y USB.<br \/>\nFunci\u00f3n de Calibraci\u00f3n: Garantizando la precisi\u00f3n de las pruebas.<br \/>\nIndicadores en pantalla: Incluye pantalla para visualizar par\u00e1metros.<\/p>\n<p><b>Especificaciones t\u00e9cnicas:<\/b><br \/>\nRango de Volumen: 0 ~ 10 L<br \/>\nRango de Velocidad de Flujo: 0 L\/s ~ 16 L\/s<br \/>\nPrecisi\u00f3n de Volumen: \u00b1 3% o \u00b1 0.05 L (el que sea mayor)<br \/>\nPrecisi\u00f3n de Tasa de Flujo: \u00b1 5% o \u00b1 0.2 L\/s (lo que sea mayor)<br \/>\nCorriente de Trabajo: 60 mA<br \/>\nFuente de Alimentaci\u00f3n: Bater\u00eda de litio recargable.<br \/>\nProtecci\u00f3n El\u00e9ctrica: Equipo alimentado internamente, grado de protecci\u00f3n contra descargas el\u00e9ctricas tipo BF.<br \/>\nProtecci\u00f3n contra Ingreso de L\u00edquido: IP22.<\/p>\n<p><strong>Accesorios:<br \/>\n<\/strong>Manual del usuario.<br \/>\nCable de datos USB.<br \/>\nBoquilla.<br \/>\nSoftware para PC.<\/p>\n<p><b>Dimensiones:<\/b><br \/>\nMedidas: 160 mm x 65 mm x 45 mm<br \/>\nPeso: 190g<\/p>\n<div id=\"attachment_483\" style=\"width: 310px\" class=\"wp-caption alignnone\"><img fetchpriority=\"high\" decoding=\"async\" aria-describedby=\"caption-attachment-483\" class=\"size-medium wp-image-483\" src=\"https:\/\/deltamed.cl\/tienda\/wp-content\/uploads\/2020\/12\/aa-delta-113-300x300.jpg\" alt=\"Espir\u00f3metro SP80B Contec\" width=\"300\" height=\"300\" title=\"\" srcset=\"https:\/\/deltamed.cl\/tienda\/wp-content\/uploads\/2020\/12\/aa-delta-113-300x300.jpg 300w, https:\/\/deltamed.cl\/tienda\/wp-content\/uploads\/2020\/12\/aa-delta-113-100x100.jpg 100w, https:\/\/deltamed.cl\/tienda\/wp-content\/uploads\/2020\/12\/aa-delta-113-150x150.jpg 150w, https:\/\/deltamed.cl\/tienda\/wp-content\/uploads\/2020\/12\/aa-delta-113.jpg 600w\" sizes=\"(max-width: 300px) 100vw, 300px\" \/><p id=\"caption-attachment-483\" class=\"wp-caption-text\">Espir\u00f3metro SP80B Contec<\/p><\/div>\n","protected":false},"excerpt":{"rendered":"<p>Espir\u00f3metro SP80B Contec<\/p>\n<p>Espir\u00f3metro electr\u00f3nico para mediciones precisas de par\u00e1metros respiratorios, como FEV1, FVC, relaci\u00f3n FEV1\/FVC y PEF.<\/p>\n<p>Sus funciones incluyen configuraci\u00f3n de usuario, revisi\u00f3n de casos, almacenamiento masivo (hasta 9999 casos), indicaci\u00f3n de tiempo de espiraci\u00f3n y transmisi\u00f3n de datos por Bluetooth y USB con software incorporado.<\/p>\n<p>Su calibraci\u00f3n garantiza precisi\u00f3n, con indicadores detallados en pantalla.<\/p>\n<p>Incluye boquilla, bater\u00eda recargable, protecci\u00f3n el\u00e9ctrica tipo BF y protecci\u00f3n contra l\u00edquidos IP22.<\/p>\n","protected":false},"featured_media":483,"comment_status":"open","ping_status":"closed","template":"","meta":{"_acf_changed":false},"product_brand":[1100],"product_cat":[15],"product_tag":[459],"class_list":{"0":"post-461","1":"product","2":"type-product","3":"status-publish","4":"has-post-thumbnail","6":"product_brand-contec","7":"product_cat-medicion-y-diagnostico","8":"product_tag-contec","9":"product_shipping_class-pequeno","11":"first","12":"instock","13":"shipping-taxable","14":"purchasable","15":"product-type-simple"},"acf":[],"_links":{"self":[{"href":"https:\/\/deltamed.cl\/tienda\/wp-json\/wp\/v2\/product\/461","targetHints":{"allow":["GET"]}}],"collection":[{"href":"https:\/\/deltamed.cl\/tienda\/wp-json\/wp\/v2\/product"}],"about":[{"href":"https:\/\/deltamed.cl\/tienda\/wp-json\/wp\/v2\/types\/product"}],"replies":[{"embeddable":true,"href":"https:\/\/deltamed.cl\/tienda\/wp-json\/wp\/v2\/comments?post=461"}],"version-history":[{"count":4,"href":"https:\/\/deltamed.cl\/tienda\/wp-json\/wp\/v2\/product\/461\/revisions"}],"predecessor-version":[{"id":8811,"href":"https:\/\/deltamed.cl\/tienda\/wp-json\/wp\/v2\/product\/461\/revisions\/8811"}],"wp:featuredmedia":[{"embeddable":true,"href":"https:\/\/deltamed.cl\/tienda\/wp-json\/wp\/v2\/media\/483"}],"wp:attachment":[{"href":"https:\/\/deltamed.cl\/tienda\/wp-json\/wp\/v2\/media?parent=461"}],"wp:term":[{"taxonomy":"product_brand","embeddable":true,"href":"https:\/\/deltamed.cl\/tienda\/wp-json\/wp\/v2\/product_brand?post=461"},{"taxonomy":"product_cat","embeddable":true,"href":"https:\/\/deltamed.cl\/tienda\/wp-json\/wp\/v2\/product_cat?post=461"},{"taxonomy":"product_tag","embeddable":true,"href":"https:\/\/deltamed.cl\/tienda\/wp-json\/wp\/v2\/product_tag?post=461"}],"curies":[{"name":"wp","href":"https:\/\/api.w.org\/{rel}","templated":true}]}}