{"id":4608,"date":"2022-09-28T17:29:06","date_gmt":"2022-09-28T20:29:06","guid":{"rendered":"https:\/\/deltamed.cl\/tienda\/?post_type=product&#038;p=4608"},"modified":"2026-04-28T10:58:56","modified_gmt":"2026-04-28T13:58:56","slug":"botiquin-blanco-metalico-de-muro","status":"publish","type":"product","link":"https:\/\/deltamed.cl\/tienda\/producto\/botiquin-blanco-metalico-de-muro\/","title":{"rendered":"Botiqu\u00edn blanco met\u00e1lico de muro"},"content":{"rendered":"<p>Botiqu\u00edn Blanco Met\u00e1lico de Muro<\/p>\n<p>Botiqu\u00edn para primeros auxilios, permite guardar las medicinas y\/o insumos m\u00e9dicos necesarios para la atenci\u00f3n primaria.<br \/>\nEstructura met\u00e1lica, con pintura electrost\u00e1tica de color blanco, con una cruz roja en el centro, muy visible e identificable. Estanter\u00eda en el interior para guardar los objetos de forma ordenada, en dos niveles. Incluye dos llaves.<br \/>\nDisponible en 3 tama\u00f1os:<\/p>\n<p>\u2022 Peque\u00f1o: 24 X 20 X 6.5 cm. &#8211; ( no se puede colgar, no tiene anclaje)<br \/>\n\u2022 Mediano: 35 x 24 x 14 cm. &#8211; 2962<br \/>\n\u2022 Grande: 60 x 40 x 14 cm &#8211; 2963<\/p>\n","protected":false},"excerpt":{"rendered":"<p>Botiqu\u00edn blanco met\u00e1lico de muro<\/p>\n<p>Permite guardar las medicinas y\/o insumos m\u00e9dicos necesarios para la atenci\u00f3n primaria.<br \/>\nEstructura met\u00e1lica, con pintura electrost\u00e1tica de color blanco y una cruz roja en el centro, muy visible e identificable.<br \/>\nEstanter\u00eda en el interior para guardar los objetos de forma ordenada, en dos niveles.<br \/>\nIncluye dos llaves.<\/p>\n<p>\u2022 Peque\u00f1o: 24 X 20 X 6.5 cm. &#8211; ( no se puede colgar, no tiene anclaje)<br \/>\n\u2022 Mediano: 35 x 24 x 14 cm. &#8211; 2962<br \/>\n\u2022 Grande: 60 x 40 x 14 cm &#8211; 2963<\/p>\n","protected":false},"featured_media":4610,"comment_status":"open","ping_status":"closed","template":"","meta":{"_acf_changed":false},"product_brand":[1091],"product_cat":[101,36],"product_tag":[633,703],"class_list":{"0":"post-4608","1":"product","2":"type-product","3":"status-publish","4":"has-post-thumbnail","6":"product_brand-deltamed","7":"product_cat-mobiliario","8":"product_cat-tratamiento-de-herida","9":"product_tag-botiquin","10":"product_tag-cyberday","11":"product_shipping_class-mediano","13":"first","14":"instock","15":"shipping-taxable","16":"purchasable","17":"product-type-variable"},"acf":[],"_links":{"self":[{"href":"https:\/\/deltamed.cl\/tienda\/wp-json\/wp\/v2\/product\/4608","targetHints":{"allow":["GET"]}}],"collection":[{"href":"https:\/\/deltamed.cl\/tienda\/wp-json\/wp\/v2\/product"}],"about":[{"href":"https:\/\/deltamed.cl\/tienda\/wp-json\/wp\/v2\/types\/product"}],"replies":[{"embeddable":true,"href":"https:\/\/deltamed.cl\/tienda\/wp-json\/wp\/v2\/comments?post=4608"}],"version-history":[{"count":5,"href":"https:\/\/deltamed.cl\/tienda\/wp-json\/wp\/v2\/product\/4608\/revisions"}],"predecessor-version":[{"id":18994,"href":"https:\/\/deltamed.cl\/tienda\/wp-json\/wp\/v2\/product\/4608\/revisions\/18994"}],"wp:featuredmedia":[{"embeddable":true,"href":"https:\/\/deltamed.cl\/tienda\/wp-json\/wp\/v2\/media\/4610"}],"wp:attachment":[{"href":"https:\/\/deltamed.cl\/tienda\/wp-json\/wp\/v2\/media?parent=4608"}],"wp:term":[{"taxonomy":"product_brand","embeddable":true,"href":"https:\/\/deltamed.cl\/tienda\/wp-json\/wp\/v2\/product_brand?post=4608"},{"taxonomy":"product_cat","embeddable":true,"href":"https:\/\/deltamed.cl\/tienda\/wp-json\/wp\/v2\/product_cat?post=4608"},{"taxonomy":"product_tag","embeddable":true,"href":"https:\/\/deltamed.cl\/tienda\/wp-json\/wp\/v2\/product_tag?post=4608"}],"curies":[{"name":"wp","href":"https:\/\/api.w.org\/{rel}","templated":true}]}}