{"id":4588,"date":"2022-09-23T11:58:00","date_gmt":"2022-09-23T14:58:00","guid":{"rendered":"https:\/\/deltamed.cl\/tienda\/?post_type=product&#038;p=4588"},"modified":"2026-02-27T13:30:44","modified_gmt":"2026-02-27T16:30:44","slug":"leukomed-t-5-x-7-2cm-caja-x-50u","status":"publish","type":"product","link":"https:\/\/deltamed.cl\/tienda\/producto\/leukomed-t-5-x-7-2cm-caja-x-50u\/","title":{"rendered":"Leukomed T  5 x 7.2cm caja 50u"},"content":{"rendered":"<p>Leukomed T 5 x 7.2cm caja 50u<\/p>\n<p>Ap\u00f3sito Transparente est\u00e9ril semioclusivo\u00a0 de poliuretano transparente con adhesivo de poliacrilato. El adhesivo est\u00e1 completamente cubierto con papel blanco siliconado y por\u00a0 una l\u00e1mina de aplicaci\u00f3n superior con una banda roja que facilita su uso.<\/p>\n<p><strong>Caracter\u00edsticas:<\/strong><\/p>\n<ul>\n<li>Semipermeable, permeable al vapor de agua y ox\u00edgeno e impermeable ante microrganismos y contaminantes externos.<\/li>\n<li>Resistente al agua.<\/li>\n<li>Bien tolerado por la piel, incluso por la piel sensible.<\/li>\n<li>Radiotransparente.<\/li>\n<li>Transparente, permite inspecci\u00f3n visual en cualquier momento.<\/li>\n<li>Buen poder adhesivo sin ser agresivo.<\/li>\n<li>Flexible, Se adapta bien a los contornos.<\/li>\n<li>El material del ap\u00f3sito permite su rotulaci\u00f3n en toda la superficie.<\/li>\n<li>Vigencia de 5 a\u00f1os.<\/li>\n<li>Libre de l\u00e1tex<\/li>\n<\/ul>\n<p><strong>Recomendaciones de uso:<\/strong><\/p>\n<p>Para cubrir heridas planas, como heridas post operatorias o cirug\u00edas m\u00ednimamente invasivas. Uso por un periodo de uno a varios d\u00edas, dependiendo del estado de la herida y la condici\u00f3n de la piel.<\/p>\n<div>Aplicar en la zona elegida, Fijando todos los bordes con firmeza y al final retirar la pel\u00edcula superior desde la banda roja.<\/div>\n","protected":false},"excerpt":{"rendered":"<p>Leukomed T 5 x 7.2cm caja 50u<\/p>\n<p>Ap\u00f3sito Transparente est\u00e9ril semioclusivo\u00a0 de poliuretano transparente con adhesivo de poliacrilato. El adhesivo est\u00e1 completamente cubierto con papel blanco siliconado y por\u00a0 una l\u00e1mina de aplicaci\u00f3n superior con una banda roja que facilita su uso.<\/p>\n<p><strong>Caracter\u00edsticas:<\/strong><\/p>\n<ul>\n<li>Semipermeable, permeable al vapor de agua y ox\u00edgeno e impermeable ante microrganismos y contaminantes externos.<\/li>\n<li>Resistente al agua.<\/li>\n<li>Bien tolerado por la piel, incluso por la piel sensible.<\/li>\n<li>Radiotransparente.<\/li>\n<li>Transparente, permite inspecci\u00f3n visual en cualquier momento.<\/li>\n<li>Buen poder adhesivo sin ser agresivo.<\/li>\n<li>Flexible, Se adapta bien a los contornos.<\/li>\n<li>El material del ap\u00f3sito permite su rotulaci\u00f3n en toda la superficie.<\/li>\n<li>Vigencia de 5 a\u00f1os.<\/li>\n<li>Libre de l\u00e1tex<\/li>\n<\/ul>\n","protected":false},"featured_media":4590,"comment_status":"open","ping_status":"closed","template":"","meta":{"_acf_changed":false},"product_brand":[],"product_cat":[36,395],"product_tag":[],"class_list":{"0":"post-4588","1":"product","2":"type-product","3":"status-publish","4":"has-post-thumbnail","6":"product_cat-tratamiento-de-herida","7":"product_cat-apositos","8":"product_shipping_class-pequeno","10":"first","11":"instock","12":"shipping-taxable","13":"purchasable","14":"product-type-simple"},"acf":[],"_links":{"self":[{"href":"https:\/\/deltamed.cl\/tienda\/wp-json\/wp\/v2\/product\/4588","targetHints":{"allow":["GET"]}}],"collection":[{"href":"https:\/\/deltamed.cl\/tienda\/wp-json\/wp\/v2\/product"}],"about":[{"href":"https:\/\/deltamed.cl\/tienda\/wp-json\/wp\/v2\/types\/product"}],"replies":[{"embeddable":true,"href":"https:\/\/deltamed.cl\/tienda\/wp-json\/wp\/v2\/comments?post=4588"}],"version-history":[{"count":1,"href":"https:\/\/deltamed.cl\/tienda\/wp-json\/wp\/v2\/product\/4588\/revisions"}],"predecessor-version":[{"id":14347,"href":"https:\/\/deltamed.cl\/tienda\/wp-json\/wp\/v2\/product\/4588\/revisions\/14347"}],"wp:featuredmedia":[{"embeddable":true,"href":"https:\/\/deltamed.cl\/tienda\/wp-json\/wp\/v2\/media\/4590"}],"wp:attachment":[{"href":"https:\/\/deltamed.cl\/tienda\/wp-json\/wp\/v2\/media?parent=4588"}],"wp:term":[{"taxonomy":"product_brand","embeddable":true,"href":"https:\/\/deltamed.cl\/tienda\/wp-json\/wp\/v2\/product_brand?post=4588"},{"taxonomy":"product_cat","embeddable":true,"href":"https:\/\/deltamed.cl\/tienda\/wp-json\/wp\/v2\/product_cat?post=4588"},{"taxonomy":"product_tag","embeddable":true,"href":"https:\/\/deltamed.cl\/tienda\/wp-json\/wp\/v2\/product_tag?post=4588"}],"curies":[{"name":"wp","href":"https:\/\/api.w.org\/{rel}","templated":true}]}}