{"id":4526,"date":"2022-09-06T11:19:21","date_gmt":"2022-09-06T14:19:21","guid":{"rendered":"https:\/\/deltamed.cl\/tienda\/?post_type=product&#038;p=4526"},"modified":"2026-02-25T23:35:14","modified_gmt":"2026-02-26T02:35:14","slug":"oximetro-hel-force-100b-adulto-con-curva","status":"publish","type":"product","link":"https:\/\/deltamed.cl\/tienda\/producto\/oximetro-hel-force-100b-adulto-con-curva\/","title":{"rendered":"Oximetro Heal Force 100B adulto con curva"},"content":{"rendered":"<p>Oximetro Heal Force 100B adulto con curva<\/p>\n<p>Este modelo es resistente al agua, a prueba de choques y a prueba de golpes. Incluso si lo deja caer accidentalmente, si derrama agua sobre \u00e9l o si sacude el dedo mientras se hace la prueba, a\u00fan puede funcionar muy bien.<br \/>\n\u2022 Pantalla digital con pantalla a todo color y gr\u00e1fico de forma de onda.<br \/>\n\u2022 Durable y elegantemente dise\u00f1ado. Conveniente para el uso diario.<br \/>\n\u2022 Par\u00e1metros de medici\u00f3n: SpO2, frecuencia de pulso, \u00edndice de perfusi\u00f3n<br \/>\n\u2022 Visualizaci\u00f3n de formas de onda: pletismograma, histograma de intensidad de pulso<br \/>\n\u2022 Funci\u00f3n de Alarma: Audio y Alarma Visual<br \/>\n\u2022 Energ\u00eda: bater\u00eda de 2 * AAA<br \/>\n\u2022 Apagado autom\u00e1tico a los 2 segundos<br \/>\n\u2022 Margen de error de 2%<br \/>\nFrecuencia del pulso<br \/>\nM\u00e1x.: 240 unit<br \/>\nM\u00edn.: 30 unit<br \/>\nTasa de ox\u00edgeno<br \/>\nM\u00e1x.: 100 %<br \/>\nM\u00edn.: 35 %<br \/>\n\u2022 Contenidos del paquete<br \/>\n1. Ox\u00edmetro de pulso<br \/>\n2. Manual del usuario<br \/>\n3. Bater\u00edas<\/p>\n","protected":false},"excerpt":{"rendered":"<p>Oximetro Heal Force 100B adulto con curva<\/p>\n<p>Este modelo es resistente al agua, a prueba de choques y a prueba de golpes. Incluso si lo deja caer accidentalmente, si derrama agua sobre \u00e9l o si sacude el dedo mientras se hace la prueba, a\u00fan puede funcionar muy bien.<br \/>\n\u2022 Pantalla digital con pantalla a todo color y gr\u00e1fico de forma de onda.<br \/>\n\u2022 Durable y elegantemente dise\u00f1ado. Conveniente para el uso diario.<br \/>\n\u2022 Par\u00e1metros de medici\u00f3n: SpO2, frecuencia de pulso, \u00edndice de perfusi\u00f3n<br \/>\n\u2022 Visualizaci\u00f3n de formas de onda: pletismograma, histograma de intensidad de pulso<br \/>\n\u2022 Funci\u00f3n de Alarma: Audio y Alarma Visual<br \/>\n\u2022 Energ\u00eda: bater\u00eda de 2 * AAA<br \/>\n\u2022 Apagado autom\u00e1tico a los 2 segundos<\/p>\n","protected":false},"featured_media":4528,"comment_status":"open","ping_status":"closed","template":"","meta":{"_acf_changed":false},"product_brand":[1101],"product_cat":[15,353],"product_tag":[84],"class_list":{"0":"post-4526","1":"product","2":"type-product","3":"status-publish","4":"has-post-thumbnail","6":"product_brand-heal-force","7":"product_cat-medicion-y-diagnostico","8":"product_cat-oximetro","9":"product_tag-heal-force","10":"product_shipping_class-pequeno","12":"first","13":"outofstock","14":"shipping-taxable","15":"purchasable","16":"product-type-simple"},"acf":[],"_links":{"self":[{"href":"https:\/\/deltamed.cl\/tienda\/wp-json\/wp\/v2\/product\/4526","targetHints":{"allow":["GET"]}}],"collection":[{"href":"https:\/\/deltamed.cl\/tienda\/wp-json\/wp\/v2\/product"}],"about":[{"href":"https:\/\/deltamed.cl\/tienda\/wp-json\/wp\/v2\/types\/product"}],"replies":[{"embeddable":true,"href":"https:\/\/deltamed.cl\/tienda\/wp-json\/wp\/v2\/comments?post=4526"}],"version-history":[{"count":2,"href":"https:\/\/deltamed.cl\/tienda\/wp-json\/wp\/v2\/product\/4526\/revisions"}],"predecessor-version":[{"id":16393,"href":"https:\/\/deltamed.cl\/tienda\/wp-json\/wp\/v2\/product\/4526\/revisions\/16393"}],"wp:featuredmedia":[{"embeddable":true,"href":"https:\/\/deltamed.cl\/tienda\/wp-json\/wp\/v2\/media\/4528"}],"wp:attachment":[{"href":"https:\/\/deltamed.cl\/tienda\/wp-json\/wp\/v2\/media?parent=4526"}],"wp:term":[{"taxonomy":"product_brand","embeddable":true,"href":"https:\/\/deltamed.cl\/tienda\/wp-json\/wp\/v2\/product_brand?post=4526"},{"taxonomy":"product_cat","embeddable":true,"href":"https:\/\/deltamed.cl\/tienda\/wp-json\/wp\/v2\/product_cat?post=4526"},{"taxonomy":"product_tag","embeddable":true,"href":"https:\/\/deltamed.cl\/tienda\/wp-json\/wp\/v2\/product_tag?post=4526"}],"curies":[{"name":"wp","href":"https:\/\/api.w.org\/{rel}","templated":true}]}}