{"id":452,"date":"2020-12-18T16:35:16","date_gmt":"2020-12-18T19:35:16","guid":{"rendered":"https:\/\/deltamed.cl\/tienda\/?post_type=product&#038;p=452"},"modified":"2026-02-27T07:15:53","modified_gmt":"2026-02-27T10:15:53","slug":"mascarilla-de-proteccion-reutilizable-antibacterial-tres-capas-ninos-color-gris","status":"publish","type":"product","link":"https:\/\/deltamed.cl\/tienda\/producto\/mascarilla-de-proteccion-reutilizable-antibacterial-tres-capas-ninos-color-gris\/","title":{"rendered":"Mascarilla de protecci\u00f3n reutilizable  antibacterial tres capas ni\u00f1os color gris"},"content":{"rendered":"<p>Mascarillas de Protecci\u00f3n reutilizables 3 capas color gris.\u00a0 Dos capas de tela<br \/>\nQUICKDRY\u00ae Sport y una capa de la SOFDRY\u00ae Warm<br \/>\n\u2022 Protege de la poluci\u00f3n y contaminaci\u00f3n.<br \/>\n\u2022 Ideal para personas con alergias al polvo y para protecci\u00f3n a contagios de resfr\u00edos.<br \/>\n\u2022 Funciona transportando la humedad a la superficie de la prenda, eliminando la condensaci\u00f3n de la respiraci\u00f3n.<br \/>\n\u2022 Fabricada de tela con tratamiento antibacterial y con protecci\u00f3n UV 50.<br \/>\n\u2022 Mascarilla para uso personal, va directo a la piel.<br \/>\n\u2022 Es lavable y de r\u00e1pido secado. Lavar con detergente normal, no usar suavizante. No planchar. No aplicar Cloro. Secar a la sombra.<br \/>\n\u2022 Disponible en color negro, en tallas para mujer y hombre.<br \/>\n\u2022 Un producto de fabricaci\u00f3n Nacional<br \/>\n\u2022 Mascarilla Certificada por el Dictuc.<br \/>\n\u2022 Telas Certificadas por el Cal-Tex.<br \/>\nProt\u00e9gete de contagios de resfrios y del medio ambiente contaminado.<br \/>\nDisfruta tu vida con plena libertad, mientras montas bicicletas, haces el<br \/>\naseo, caminatas o la jardiner\u00eda.<br \/>\n\u2022 La mascarilla est\u00e1 conformada por 2 tipos de telas distintas:<br \/>\n\u2022 Cara externa: Tela QUICKDRY\u00ae Sport<br \/>\n\u2022 Caracter\u00edsticas: Tela suave, respirable y de r\u00e1pido secado. Esta tela posee un tratamiento qu\u00edmico especial, lo que permite lograr la expansi\u00f3n de las mol\u00e9culas de agua para una efectiva evaporaci\u00f3n.<br \/>\n\u2022 Composici\u00f3n: 100% Poli\u00e9ster<br \/>\n\u2022 Cara Interna: Tela SOFDRY\u00ae Warm<br \/>\n\u2022 Caracter\u00edsticas: Por medio de una avanzada t\u00e9cnica de Nano<br \/>\nTecnolog\u00eda, este producto incorpora 2 fibras en su construcci\u00f3n. La primera fibra incorpora la capacidad de expandir las mol\u00e9culas de agua, facilitando la evaporaci\u00f3n del sudor, La segunda fibra posee la caracter\u00edstica de centro ahuecado, que atrapa el aire en su interior, permitiendo conservar la temperatura corporal con un m\u00ednimo peso de la prenda.<br \/>\n\u2022 En su terminaci\u00f3n, esta tela recibi\u00f3 un tratamiento qu\u00edmico con Nano part\u00edculas de plata, las que poseen cualidad antibacteriana, seg\u00fan es test AATCC147.<br \/>\n\u2022 Composici\u00f3n: 75% S\/P 30 \u0301S y 25% Poli\u00e9ster.<\/p>\n","protected":false},"excerpt":{"rendered":"<p>Mascarillas de Protecci\u00f3n reutilizables 3 capas color gris. Dos capas de tela<br \/>\nQUICKDRY\u00ae Sport y una capa de la SOFDRY\u00ae Warm<br \/>\n\u2022 Protege de la poluci\u00f3n y contaminaci\u00f3n.<br \/>\n\u2022 Ideal para personas con alergias al polvo y para protecci\u00f3n a contagios de resfr\u00edos.<br \/>\n\u2022 Funciona transportando la humedad a la superficie de la prenda, eliminando la condensaci\u00f3n de la respiraci\u00f3n.<br \/>\n\u2022 Fabricada de tela con tratamiento antibacterial y con protecci\u00f3n UV 50.<br \/>\n\u2022 Mascarilla para uso personal, va directo a la piel.<br \/>\n\u2022 Es lavable y de r\u00e1pido secado. Lavar con detergente normal, no usar suavizante. No planchar. No aplicar Cloro. Secar a la sombra.<br \/>\n\u2022 Disponible en color negro, en tallas para mujer y hombre.<br \/>\n\u2022 Un producto de fabricaci\u00f3n Nacional<br \/>\n\u2022 Mascarilla Certificada por el Dictuc.<br \/>\n\u2022 Telas Certificadas por el Cal-Tex.<\/p>\n","protected":false},"featured_media":401,"comment_status":"open","ping_status":"closed","template":"","meta":{"_acf_changed":false},"product_brand":[],"product_cat":[381,94],"product_tag":[],"class_list":{"0":"post-452","1":"product","2":"type-product","3":"status-publish","4":"has-post-thumbnail","6":"product_cat-mascarillas","7":"product_cat-insumos-desechables","8":"product_shipping_class-extra-pequeno","10":"first","11":"instock","12":"shipping-taxable","13":"purchasable","14":"product-type-variable"},"acf":[],"_links":{"self":[{"href":"https:\/\/deltamed.cl\/tienda\/wp-json\/wp\/v2\/product\/452","targetHints":{"allow":["GET"]}}],"collection":[{"href":"https:\/\/deltamed.cl\/tienda\/wp-json\/wp\/v2\/product"}],"about":[{"href":"https:\/\/deltamed.cl\/tienda\/wp-json\/wp\/v2\/types\/product"}],"replies":[{"embeddable":true,"href":"https:\/\/deltamed.cl\/tienda\/wp-json\/wp\/v2\/comments?post=452"}],"version-history":[{"count":2,"href":"https:\/\/deltamed.cl\/tienda\/wp-json\/wp\/v2\/product\/452\/revisions"}],"predecessor-version":[{"id":16832,"href":"https:\/\/deltamed.cl\/tienda\/wp-json\/wp\/v2\/product\/452\/revisions\/16832"}],"wp:featuredmedia":[{"embeddable":true,"href":"https:\/\/deltamed.cl\/tienda\/wp-json\/wp\/v2\/media\/401"}],"wp:attachment":[{"href":"https:\/\/deltamed.cl\/tienda\/wp-json\/wp\/v2\/media?parent=452"}],"wp:term":[{"taxonomy":"product_brand","embeddable":true,"href":"https:\/\/deltamed.cl\/tienda\/wp-json\/wp\/v2\/product_brand?post=452"},{"taxonomy":"product_cat","embeddable":true,"href":"https:\/\/deltamed.cl\/tienda\/wp-json\/wp\/v2\/product_cat?post=452"},{"taxonomy":"product_tag","embeddable":true,"href":"https:\/\/deltamed.cl\/tienda\/wp-json\/wp\/v2\/product_tag?post=452"}],"curies":[{"name":"wp","href":"https:\/\/api.w.org\/{rel}","templated":true}]}}